{"id":4354,"date":"2023-01-16T16:29:20","date_gmt":"2023-01-16T16:29:20","guid":{"rendered":"https:\/\/medposnonwoven.com\/product\/einwegabdeckungen-fuer-gesichtswiegen\/"},"modified":"2023-04-23T06:20:25","modified_gmt":"2023-04-23T06:20:25","slug":"einwegabdeckungen-fuer-gesichtswiegen","status":"publish","type":"product","link":"https:\/\/medposnonwoven.com\/de\/produkt\/einwegabdeckungen-fuer-gesichtswiegen\/","title":{"rendered":"Einwegabdeckungen f\u00fcr Gesichtswiegen"},"content":{"rendered":"<p>Mit diesen Einweg-Abdeckungen f\u00fcr die Gesichtsmassage k\u00f6nnen Sie Ihr Massage-Gesichtspolster sch\u00fctzen. Diese Abdeckungen f\u00fcr die Gesichtsmassage bieten Ihren Kunden einen sauberen, gem\u00fctlichen Bereich, auf den sie ihr Gesicht w\u00e4hrend der Behandlung legen k\u00f6nnen, und verhindern so eine Kreuzkontamination (nur einmalige Verwendung). Sie passen auf die meisten Massage-Gesichtsauflagen und haben ein poliertes, sachliches Aussehen. Der Bezug aus weichem, hautfreundlichem Polypropylen-Vlies wird mit einem Gummiband fixiert. Da es sich um Einwegartikel handelt, spart es Zeit und Geld f\u00fcr die W\u00e4sche und bietet jedes Mal eine frische Oberfl\u00e4che. Kein Latex.<\/p>\n<p>&nbsp;<\/p>\n","protected":false},"excerpt":{"rendered":"<ul>\n<li>Anstelle von Baumwoll- oder Flanellbez\u00fcgen, die nach jedem Gebrauch gewaschen werden m\u00fcssen, sind diese Einweg-Kopfst\u00fctzenbez\u00fcge einfach zu verwenden und sparen Ihnen Zeit. Einmaliges Faltblattdesign, das einfach zu lagern oder zu transportieren ist.<\/li>\n<li>Weit verbreitet in SPA, Fitnessstudio, Schwimmbad, Sauna, Reisen und anderen Freizeitaktivit\u00e4ten.<\/li>\n<\/ul>\n<h4>Eigenschaften<\/h4>\n<p>Material: Polypropylen Spunlace<\/p>\n<p>Gr\u00f6\u00dfe: 16 &#8222;x12&#8220; oder kundenspezifisch<\/p>\n<p>Farbe: Wei\u00df<\/p>\n<p>Typ:Einheitsgr\u00f6\u00dfe f\u00fcr die meisten<\/p>\n<p>Verpackung: 100 St\u00fcck\/Beutel, 10 Beutel\/Karton<\/p>\n<p>&nbsp;<\/p>\n<p>&nbsp;<\/p>\n","protected":false},"featured_media":4163,"template":"","meta":{"site-sidebar-layout":"default","site-content-layout":"default","ast-site-content-layout":"default","site-content-style":"default","site-sidebar-style":"default","ast-global-header-display":"","ast-banner-title-visibility":"","ast-main-header-display":"","ast-hfb-above-header-display":"","ast-hfb-below-header-display":"","ast-hfb-mobile-header-display":"","site-post-title":"","ast-breadcrumbs-content":"","ast-featured-img":"","footer-sml-layout":"","ast-disable-related-posts":"","theme-transparent-header-meta":"default","adv-header-id-meta":"","stick-header-meta":"","header-above-stick-meta":"","header-main-stick-meta":"","header-below-stick-meta":"","astra-migrate-meta-layouts":"default","ast-page-background-enabled":"default","ast-page-background-meta":{"desktop":{"background-color":"","background-image":"","background-repeat":"repeat","background-position":"center center","background-size":"auto","background-attachment":"scroll","background-type":"","background-media":"","overlay-type":"","overlay-color":"","overlay-opacity":"","overlay-gradient":""},"tablet":{"background-color":"","background-image":"","background-repeat":"repeat","background-position":"center center","background-size":"auto","background-attachment":"scroll","background-type":"","background-media":"","overlay-type":"","overlay-color":"","overlay-opacity":"","overlay-gradient":""},"mobile":{"background-color":"","background-image":"","background-repeat":"repeat","background-position":"center center","background-size":"auto","background-attachment":"scroll","background-type":"","background-media":"","overlay-type":"","overlay-color":"","overlay-opacity":"","overlay-gradient":""}},"ast-content-background-meta":{"desktop":{"background-color":"var(--ast-global-color-5)","background-image":"","background-repeat":"repeat","background-position":"center center","background-size":"auto","background-attachment":"scroll","background-type":"","background-media":"","overlay-type":"","overlay-color":"","overlay-opacity":"","overlay-gradient":""},"tablet":{"background-color":"var(--ast-global-color-5)","background-image":"","background-repeat":"repeat","background-position":"center center","background-size":"auto","background-attachment":"scroll","background-type":"","background-media":"","overlay-type":"","overlay-color":"","overlay-opacity":"","overlay-gradient":""},"mobile":{"background-color":"var(--ast-global-color-5)","background-image":"","background-repeat":"repeat","background-position":"center center","background-size":"auto","background-attachment":"scroll","background-type":"","background-media":"","overlay-type":"","overlay-color":"","overlay-opacity":"","overlay-gradient":""}}},"product_brand":[],"product_cat":[96],"product_tag":[],"class_list":{"0":"post-4354","1":"product","2":"type-product","3":"status-publish","4":"has-post-thumbnail","6":"product_cat-spa-beauty-einwegartikel","7":"desktop-align-center","8":"tablet-align-left","9":"mobile-align-left","11":"first","12":"instock","13":"shipping-taxable","14":"product-type-simple"},"_links":{"self":[{"href":"https:\/\/medposnonwoven.com\/de\/wp-json\/wp\/v2\/product\/4354","targetHints":{"allow":["GET"]}}],"collection":[{"href":"https:\/\/medposnonwoven.com\/de\/wp-json\/wp\/v2\/product"}],"about":[{"href":"https:\/\/medposnonwoven.com\/de\/wp-json\/wp\/v2\/types\/product"}],"wp:featuredmedia":[{"embeddable":true,"href":"https:\/\/medposnonwoven.com\/de\/wp-json\/wp\/v2\/media\/4163"}],"wp:attachment":[{"href":"https:\/\/medposnonwoven.com\/de\/wp-json\/wp\/v2\/media?parent=4354"}],"wp:term":[{"taxonomy":"product_brand","embeddable":true,"href":"https:\/\/medposnonwoven.com\/de\/wp-json\/wp\/v2\/product_brand?post=4354"},{"taxonomy":"product_cat","embeddable":true,"href":"https:\/\/medposnonwoven.com\/de\/wp-json\/wp\/v2\/product_cat?post=4354"},{"taxonomy":"product_tag","embeddable":true,"href":"https:\/\/medposnonwoven.com\/de\/wp-json\/wp\/v2\/product_tag?post=4354"}],"curies":[{"name":"wp","href":"https:\/\/api.w.org\/{rel}","templated":true}]}}