{"id":4355,"date":"2023-01-17T15:54:46","date_gmt":"2023-01-17T15:54:46","guid":{"rendered":"https:\/\/medposnonwoven.com\/product\/gefensterte-chirurgische-abdeckungen\/"},"modified":"2023-04-23T06:10:40","modified_gmt":"2023-04-23T06:10:40","slug":"gefensterte-chirurgische-abdeckungen","status":"publish","type":"product","link":"https:\/\/medposnonwoven.com\/de\/produkt\/gefensterte-chirurgische-abdeckungen\/","title":{"rendered":"Gefensterte chirurgische Abdeckungen"},"content":{"rendered":"<ul>\n<li>Chirurgische Fenstert\u00fccher dienen als Schutzbarriere w\u00e4hrend der Operation und verhindern die \u00dcbertragung von Mikroorganismen und Krankheitserregern zwischen dem Patienten und der Umgebung und tragen so zur Aufrechterhaltung einer sterilen Umgebung bei. Chirurgische Reinigungst\u00fccher werden nach ihren funktionellen Eigenschaften unterschieden. Chirurgische Hohlraumt\u00fccher haben eine hohe Wasserverdunstungsrate, sind sehr angenehm am K\u00f6rper und haften hervorragend an den Wundr\u00e4ndern. Allgemeine chirurgische Laken k\u00f6nnen an verschiedene g\u00e4ngige Verfahren angepasst werden und sind f\u00fcr potenzielle Probleme wie Fl\u00fcssigkeitssp\u00fclungen oder gro\u00dfe Blutmengen geeignet. Das orthop\u00e4dische Laken sorgt daf\u00fcr, dass der Bereich w\u00e4hrend des gesamten Verfahrens steril bleibt, und kann w\u00e4hrend des Eingriffs auch schweren Belastungen standhalten.<\/li>\n<li>Es gibt einige Standardverfahren f\u00fcr die Verwendung von Operationst\u00fcchern. Da die Laken eine Barriere zwischen dem Operationsbereich und dem potenziell infizierten Bereich bilden, sollten in sterilen Bereichen nur sterile Laken verwendet werden. Dadurch wird ein Auslaufen von nicht sterilen Bereichen in sterile Bereiche verhindert. Die Hohlraumfolie sollte frei von L\u00f6chern, Perforationen und Rissen sein, da jede Beeintr\u00e4chtigung der Integrit\u00e4t der mikrobiologischen Barriere zu einer Kontamination f\u00fchrt.<\/li>\n<li>Einweg-OP-Laken erwecken den Eindruck eines sauberen Standards. Die Verwendung von Einweg-Hohlraumt\u00fcchern und -Laken vermittelt den Eindruck von Professionalit\u00e4t. Sie sind sauber, aufger\u00e4umt, hygienisch und einsatzbereit. Die meisten Einweg-OP-Laken und -M\u00e4ntel bestehen aus Polypropylen, einem Nebenprodukt der Petrochemie, das recycelt werden kann. Sie sind umweltfreundlicher als andere Fl\u00fcssigkeiten und Chemikalien, die im Waschprozess verwendet werden. Chirurgische Einwegprodukte helfen auch bei der Budgetverwaltung, da sie einen konstanten und messbaren Wert haben.<\/li>\n<\/ul>\n<p>&nbsp;<\/p>\n<p>&nbsp;<\/p>\n","protected":false},"excerpt":{"rendered":"<ul>\n<li>Diese sterilen Fenestrated Drapes werden h\u00e4ufig bei einer Vielzahl von Operationen eingesetzt. Es ist hochgradig luftdurchl\u00e4ssig, so dass die Haut frei atmen kann. Au\u00dferdem ist dieses sterile Einwegtuch erschwinglich, sauber und stark genug, um nicht zu rei\u00dfen oder zu brechen. Daher verf\u00fcgt es \u00fcber ausgezeichnete Komforteigenschaften und eine sehr gute Fl\u00fcssigkeitsbest\u00e4ndigkeit.<\/li>\n<\/ul>\n<h4>Eigenschaften<\/h4>\n<p>Material: SMS,SSMMS,SMMMS, PE+SMS,PE+Hydrophiles PP, PE+Viskose<\/p>\n<p>Gr\u00f6\u00dfe: 50*50cm, 90*90cm oder individuell<\/p>\n<p>Farbe: Blau, Gr\u00fcn<\/p>\n<p>Typ: Mit oder ohne Kleber<\/p>\n<p>Verpackung: 1 St\u00fcck\/Packung, 10 Packungen\/Karton<\/p>\n<p>&nbsp;<\/p>\n<p>&nbsp;<\/p>\n","protected":false},"featured_media":4175,"template":"","meta":{"site-sidebar-layout":"default","site-content-layout":"default","ast-site-content-layout":"default","site-content-style":"default","site-sidebar-style":"default","ast-global-header-display":"","ast-banner-title-visibility":"","ast-main-header-display":"","ast-hfb-above-header-display":"","ast-hfb-below-header-display":"","ast-hfb-mobile-header-display":"","site-post-title":"","ast-breadcrumbs-content":"","ast-featured-img":"","footer-sml-layout":"","ast-disable-related-posts":"","theme-transparent-header-meta":"default","adv-header-id-meta":"","stick-header-meta":"","header-above-stick-meta":"","header-main-stick-meta":"","header-below-stick-meta":"","astra-migrate-meta-layouts":"default","ast-page-background-enabled":"default","ast-page-background-meta":{"desktop":{"background-color":"","background-image":"","background-repeat":"repeat","background-position":"center center","background-size":"auto","background-attachment":"scroll","background-type":"","background-media":"","overlay-type":"","overlay-color":"","overlay-opacity":"","overlay-gradient":""},"tablet":{"background-color":"","background-image":"","background-repeat":"repeat","background-position":"center center","background-size":"auto","background-attachment":"scroll","background-type":"","background-media":"","overlay-type":"","overlay-color":"","overlay-opacity":"","overlay-gradient":""},"mobile":{"background-color":"","background-image":"","background-repeat":"repeat","background-position":"center center","background-size":"auto","background-attachment":"scroll","background-type":"","background-media":"","overlay-type":"","overlay-color":"","overlay-opacity":"","overlay-gradient":""}},"ast-content-background-meta":{"desktop":{"background-color":"var(--ast-global-color-5)","background-image":"","background-repeat":"repeat","background-position":"center center","background-size":"auto","background-attachment":"scroll","background-type":"","background-media":"","overlay-type":"","overlay-color":"","overlay-opacity":"","overlay-gradient":""},"tablet":{"background-color":"var(--ast-global-color-5)","background-image":"","background-repeat":"repeat","background-position":"center center","background-size":"auto","background-attachment":"scroll","background-type":"","background-media":"","overlay-type":"","overlay-color":"","overlay-opacity":"","overlay-gradient":""},"mobile":{"background-color":"var(--ast-global-color-5)","background-image":"","background-repeat":"repeat","background-position":"center center","background-size":"auto","background-attachment":"scroll","background-type":"","background-media":"","overlay-type":"","overlay-color":"","overlay-opacity":"","overlay-gradient":""}}},"product_brand":[],"product_cat":[95],"product_tag":[],"class_list":{"0":"post-4355","1":"product","2":"type-product","3":"status-publish","4":"has-post-thumbnail","6":"product_cat-op-kittel-abdeckungen","7":"desktop-align-center","8":"tablet-align-left","9":"mobile-align-left","11":"first","12":"instock","13":"shipping-taxable","14":"product-type-simple"},"_links":{"self":[{"href":"https:\/\/medposnonwoven.com\/de\/wp-json\/wp\/v2\/product\/4355","targetHints":{"allow":["GET"]}}],"collection":[{"href":"https:\/\/medposnonwoven.com\/de\/wp-json\/wp\/v2\/product"}],"about":[{"href":"https:\/\/medposnonwoven.com\/de\/wp-json\/wp\/v2\/types\/product"}],"wp:featuredmedia":[{"embeddable":true,"href":"https:\/\/medposnonwoven.com\/de\/wp-json\/wp\/v2\/media\/4175"}],"wp:attachment":[{"href":"https:\/\/medposnonwoven.com\/de\/wp-json\/wp\/v2\/media?parent=4355"}],"wp:term":[{"taxonomy":"product_brand","embeddable":true,"href":"https:\/\/medposnonwoven.com\/de\/wp-json\/wp\/v2\/product_brand?post=4355"},{"taxonomy":"product_cat","embeddable":true,"href":"https:\/\/medposnonwoven.com\/de\/wp-json\/wp\/v2\/product_cat?post=4355"},{"taxonomy":"product_tag","embeddable":true,"href":"https:\/\/medposnonwoven.com\/de\/wp-json\/wp\/v2\/product_tag?post=4355"}],"curies":[{"name":"wp","href":"https:\/\/api.w.org\/{rel}","templated":true}]}}