{"id":4357,"date":"2023-01-18T09:08:43","date_gmt":"2023-01-18T09:08:43","guid":{"rendered":"https:\/\/medposnonwoven.com\/product\/geblasene-folie\/"},"modified":"2023-04-23T06:02:55","modified_gmt":"2023-04-23T06:02:55","slug":"geblasene-folie","status":"publish","type":"product","link":"https:\/\/medposnonwoven.com\/de\/produkt\/geblasene-folie\/","title":{"rendered":"Geblasene Folie"},"content":{"rendered":"<ul>\n<li>Blasfolien sind Kunststofffolien und Schlauchfolien, die durch den Herstellungsprozess entstehen. Diese B\u00f6gen oder R\u00f6hren k\u00f6nnen entweder vollst\u00e4ndig zylindrisch sein, oder es k\u00f6nnen andere Objekte in sie hineingelegt werden, um n\u00fctzliche Gegenst\u00e4nde wie Einkaufstaschen, M\u00fclls\u00e4cke oder Frischhaltefolien zu schaffen.<br \/>\n<span id=\"inputElements~245e2695a63f9c78\" class=\"MuiTypography-root MuiTypography-inherit css-1uk1gs8\"><\/span><\/li>\n<li>Eines der vielen Verfahren zur Herstellung von Polymeren ist die Extrusion von Blasfolien. Mit diesem Verfahren werden sowohl gew\u00f6hnliche als auch spezielle Polymerfolien hergestellt, z. B. Schrumpffolien, Stretchfolien, Barrierefolien (zum Schutz von Wurstwaren), Tiefk\u00fchlverpackungen und Einkaufstaschen, die h\u00e4ufig f\u00fcr Verpackungen verwendet werden.<\/li>\n<li>Die g\u00e4ngigsten Polymere f\u00fcr die Blasfolienextrusion sind Polypropylen und Polyethylen, aber es gibt auch andere Sorten (LDPE, HDPE und LLDPE). Mit diesem Verfahren k\u00f6nnen sowohl einschichtige Folien als auch kompliziertere Mehrschichtfolien hergestellt werden, bei denen mehrere Kunststoffe durch Coextrusion zu einer einzigen Folie verschmolzen werden.<\/li>\n<\/ul>\n<p>&nbsp;<\/p>\n","protected":false},"excerpt":{"rendered":"<ul>\n<li>Unsere Blasfolien bieten eine hohe Leistung in Bezug auf Wasserdichtigkeit, Weichheit, Zugfestigkeit und gleichm\u00e4\u00dfige Dicke.<\/li>\n<\/ul>\n<p><strong>Anmeldung<\/strong><\/p>\n<p>Verpackungsfolien: Schrumpffolie, Stretchfolie, Beutelfolie, Beh\u00e4lterauskleidung und Laminierfolie<\/p>\n<p>-Medizinisches Verbrauchsmaterial: zahn\u00e4rztliche L\u00e4tzchen, Abdeckungen f\u00fcr Mayost\u00e4nder usw.<\/p>\n<h4>Eigenschaften<\/h4>\n<p>Material: HDPE, LDPE, LLDPE<\/p>\n<p>Gr\u00f6\u00dfe: 10-200cm<\/p>\n<p>Farbe: Transparent, Blau, Gr\u00fcn<\/p>\n<p>Typ:Geblasene Extrusion<\/p>\n<p>Verpacken: Wie Anfrage<\/p>\n<p>&nbsp;<\/p>\n","protected":false},"featured_media":4188,"template":"","meta":{"site-sidebar-layout":"default","site-content-layout":"default","ast-site-content-layout":"default","site-content-style":"default","site-sidebar-style":"default","ast-global-header-display":"","ast-banner-title-visibility":"","ast-main-header-display":"","ast-hfb-above-header-display":"","ast-hfb-below-header-display":"","ast-hfb-mobile-header-display":"","site-post-title":"","ast-breadcrumbs-content":"","ast-featured-img":"","footer-sml-layout":"","ast-disable-related-posts":"","theme-transparent-header-meta":"default","adv-header-id-meta":"","stick-header-meta":"","header-above-stick-meta":"","header-main-stick-meta":"","header-below-stick-meta":"","astra-migrate-meta-layouts":"default","ast-page-background-enabled":"default","ast-page-background-meta":{"desktop":{"background-color":"","background-image":"","background-repeat":"repeat","background-position":"center center","background-size":"auto","background-attachment":"scroll","background-type":"","background-media":"","overlay-type":"","overlay-color":"","overlay-opacity":"","overlay-gradient":""},"tablet":{"background-color":"","background-image":"","background-repeat":"repeat","background-position":"center center","background-size":"auto","background-attachment":"scroll","background-type":"","background-media":"","overlay-type":"","overlay-color":"","overlay-opacity":"","overlay-gradient":""},"mobile":{"background-color":"","background-image":"","background-repeat":"repeat","background-position":"center center","background-size":"auto","background-attachment":"scroll","background-type":"","background-media":"","overlay-type":"","overlay-color":"","overlay-opacity":"","overlay-gradient":""}},"ast-content-background-meta":{"desktop":{"background-color":"var(--ast-global-color-5)","background-image":"","background-repeat":"repeat","background-position":"center center","background-size":"auto","background-attachment":"scroll","background-type":"","background-media":"","overlay-type":"","overlay-color":"","overlay-opacity":"","overlay-gradient":""},"tablet":{"background-color":"var(--ast-global-color-5)","background-image":"","background-repeat":"repeat","background-position":"center center","background-size":"auto","background-attachment":"scroll","background-type":"","background-media":"","overlay-type":"","overlay-color":"","overlay-opacity":"","overlay-gradient":""},"mobile":{"background-color":"var(--ast-global-color-5)","background-image":"","background-repeat":"repeat","background-position":"center center","background-size":"auto","background-attachment":"scroll","background-type":"","background-media":"","overlay-type":"","overlay-color":"","overlay-opacity":"","overlay-gradient":""}}},"product_brand":[],"product_cat":[98],"product_tag":[],"class_list":{"0":"post-4357","1":"product","2":"type-product","3":"status-publish","4":"has-post-thumbnail","6":"product_cat-pe-folienmaterialien","7":"desktop-align-center","8":"tablet-align-left","9":"mobile-align-left","11":"first","12":"instock","13":"shipping-taxable","14":"product-type-simple"},"_links":{"self":[{"href":"https:\/\/medposnonwoven.com\/de\/wp-json\/wp\/v2\/product\/4357","targetHints":{"allow":["GET"]}}],"collection":[{"href":"https:\/\/medposnonwoven.com\/de\/wp-json\/wp\/v2\/product"}],"about":[{"href":"https:\/\/medposnonwoven.com\/de\/wp-json\/wp\/v2\/types\/product"}],"wp:featuredmedia":[{"embeddable":true,"href":"https:\/\/medposnonwoven.com\/de\/wp-json\/wp\/v2\/media\/4188"}],"wp:attachment":[{"href":"https:\/\/medposnonwoven.com\/de\/wp-json\/wp\/v2\/media?parent=4357"}],"wp:term":[{"taxonomy":"product_brand","embeddable":true,"href":"https:\/\/medposnonwoven.com\/de\/wp-json\/wp\/v2\/product_brand?post=4357"},{"taxonomy":"product_cat","embeddable":true,"href":"https:\/\/medposnonwoven.com\/de\/wp-json\/wp\/v2\/product_cat?post=4357"},{"taxonomy":"product_tag","embeddable":true,"href":"https:\/\/medposnonwoven.com\/de\/wp-json\/wp\/v2\/product_tag?post=4357"}],"curies":[{"name":"wp","href":"https:\/\/api.w.org\/{rel}","templated":true}]}}