{"id":4358,"date":"2023-01-16T16:12:08","date_gmt":"2023-01-16T16:12:08","guid":{"rendered":"https:\/\/medposnonwoven.com\/product\/einweg-kimono\/"},"modified":"2023-04-23T06:22:43","modified_gmt":"2023-04-23T06:22:43","slug":"einweg-kimono","status":"publish","type":"product","link":"https:\/\/medposnonwoven.com\/de\/produkt\/einweg-kimono\/","title":{"rendered":"Einweg-Kimono"},"content":{"rendered":"<ul>\n<li>Wer auf der Suche nach einem modischen und gem\u00fctlichen Outfit ist, k\u00f6nnte sich f\u00fcr Einwegkimonos entscheiden. Sie haben eine angenehme Passform, da sie aus leichten, wasserdichten Materialien wie Vliesstoffen bestehen. Die Tatsache, dass Einwegkimonos nach Gebrauch einfach weggeworfen werden k\u00f6nnen, macht sie zu einer fantastischen Option f\u00fcr Hotels, Spas und Sch\u00f6nheitssalons. Sie k\u00f6nnen auch an anderen Orten, z. B. in Arztpraxen, eingesetzt werden, um mehr W\u00e4rme und Deckung zu bieten. Kimonos, die einmal benutzt und dann weggeworfen werden k\u00f6nnen, sind eine praktische und hygienische L\u00f6sung. Sie sind eine hervorragende Option f\u00fcr Menschen, die eine preiswerte und praktische Wahl suchen, da sie auch preiswert und einfach zu lagern sind. Zus\u00e4tzlich, <span data-offset-key=\"1c4j5-702-0\">Einwegartikel<\/span><span data-offset-key=\"1c4j5-703-0\"> k<\/span><span data-offset-key=\"1c4j5-704-0\">imon<\/span><span data-offset-key=\"1c4j5-705-0\">os<\/span><span data-offset-key=\"1c4j5-706-0\"> sind<\/span><span data-offset-key=\"1c4j5-707-0\"> a<\/span><span data-offset-key=\"1c4j5-708-0\"> gro\u00dfartig<\/span><span data-offset-key=\"1c4j5-709-0\"> Weg<\/span><span data-offset-key=\"1c4j5-710-0\"> zu<\/span><span data-offset-key=\"1c4j5-711-0\"> sicherstellen<\/span><span data-offset-key=\"1c4j5-712-0\"> dass<\/span><span data-offset-key=\"1c4j5-713-0\"> jede<\/span><span data-offset-key=\"1c4j5-714-0\"> Kunde<\/span><span data-offset-key=\"1c4j5-715-0\"> ist<\/span><span data-offset-key=\"1c4j5-716-0\"> bereitgestellt<\/span><span data-offset-key=\"1c4j5-717-0\"> mit<\/span><span data-offset-key=\"1c4j5-718-0\"> a<\/span><span data-offset-key=\"1c4j5-719-0\"> frisch<\/span><span data-offset-key=\"1c4j5-720-0\">,<\/span><span data-offset-key=\"1c4j5-721-0\"> sauber<\/span><span data-offset-key=\"1c4j5-722-0\"> Kleidungsst\u00fcck<\/span><span data-offset-key=\"1c4j5-723-0\"> nach<\/span><span data-offset-key=\"1c4j5-724-0\"> jede<\/span><span data-offset-key=\"1c4j5-725-0\"> verwenden.<\/span><span data-offset-key=\"1c4j5-726-0\">.<\/span><\/li>\n<li>Der leichte, hochwertige Vliesstoff, aus dem dieser Einweg-Spa-Bademantel gefertigt ist, bietet Strapazierf\u00e4higkeit und eine lange Nutzungsdauer. Dieses Seil ist angenehm zu ber\u00fchren und trocknet schnell. Die vielseitige Gr\u00f6\u00dfe wird den Bed\u00fcrfnissen der meisten Menschen gerecht. Es ist ein kuscheliges und dennoch effektives Handtuch f\u00fcr Ihre SPA-Behandlung oder nach dem Toilettengang, wenn Sie nicht nur gut aussehen, sondern sich auch wohlf\u00fchlen wollen.<\/li>\n<\/ul>\n<p>&nbsp;<\/p>\n","protected":false},"excerpt":{"rendered":"<ul>\n<li>Weich im Griff, bequem und frei von Hautallergien; aus Vliesstoff. Mit diesem Kimono f\u00fchlen sich auch Menschen mit empfindlicher Haut wohl und geschmeidig.<\/li>\n<li>Weit verbreitet in SPA, Fitnessstudio, Schwimmbad, Sauna, Reisen und anderen Freizeitaktivit\u00e4ten.<\/li>\n<\/ul>\n<h4>Eigenschaften<\/h4>\n<p>Material: Polypropylen-Spinnvlies<\/p>\n<p>Gr\u00f6\u00dfe: S,M,L<\/p>\n<p>Farbe: Schwarz, Wei\u00df, Dunkelblau<\/p>\n<p>Typ:Mit einem G\u00fcrtel zum Binden<\/p>\n<p>Verpackung: 1 St\u00fcck\/Packung, 10 Packungen\/Beutel, 10 Beutel\/Karton<\/p>\n<p>&nbsp;<\/p>\n<p>&nbsp;<\/p>\n","protected":false},"featured_media":4160,"template":"","meta":{"site-sidebar-layout":"default","site-content-layout":"default","ast-site-content-layout":"default","site-content-style":"default","site-sidebar-style":"default","ast-global-header-display":"","ast-banner-title-visibility":"","ast-main-header-display":"","ast-hfb-above-header-display":"","ast-hfb-below-header-display":"","ast-hfb-mobile-header-display":"","site-post-title":"","ast-breadcrumbs-content":"","ast-featured-img":"","footer-sml-layout":"","ast-disable-related-posts":"","theme-transparent-header-meta":"default","adv-header-id-meta":"","stick-header-meta":"","header-above-stick-meta":"","header-main-stick-meta":"","header-below-stick-meta":"","astra-migrate-meta-layouts":"default","ast-page-background-enabled":"default","ast-page-background-meta":{"desktop":{"background-color":"","background-image":"","background-repeat":"repeat","background-position":"center center","background-size":"auto","background-attachment":"scroll","background-type":"","background-media":"","overlay-type":"","overlay-color":"","overlay-opacity":"","overlay-gradient":""},"tablet":{"background-color":"","background-image":"","background-repeat":"repeat","background-position":"center center","background-size":"auto","background-attachment":"scroll","background-type":"","background-media":"","overlay-type":"","overlay-color":"","overlay-opacity":"","overlay-gradient":""},"mobile":{"background-color":"","background-image":"","background-repeat":"repeat","background-position":"center center","background-size":"auto","background-attachment":"scroll","background-type":"","background-media":"","overlay-type":"","overlay-color":"","overlay-opacity":"","overlay-gradient":""}},"ast-content-background-meta":{"desktop":{"background-color":"var(--ast-global-color-5)","background-image":"","background-repeat":"repeat","background-position":"center center","background-size":"auto","background-attachment":"scroll","background-type":"","background-media":"","overlay-type":"","overlay-color":"","overlay-opacity":"","overlay-gradient":""},"tablet":{"background-color":"var(--ast-global-color-5)","background-image":"","background-repeat":"repeat","background-position":"center center","background-size":"auto","background-attachment":"scroll","background-type":"","background-media":"","overlay-type":"","overlay-color":"","overlay-opacity":"","overlay-gradient":""},"mobile":{"background-color":"var(--ast-global-color-5)","background-image":"","background-repeat":"repeat","background-position":"center center","background-size":"auto","background-attachment":"scroll","background-type":"","background-media":"","overlay-type":"","overlay-color":"","overlay-opacity":"","overlay-gradient":""}}},"product_brand":[],"product_cat":[96],"product_tag":[],"class_list":{"0":"post-4358","1":"product","2":"type-product","3":"status-publish","4":"has-post-thumbnail","6":"product_cat-spa-beauty-einwegartikel","7":"desktop-align-center","8":"tablet-align-left","9":"mobile-align-left","11":"first","12":"instock","13":"shipping-taxable","14":"product-type-simple"},"_links":{"self":[{"href":"https:\/\/medposnonwoven.com\/de\/wp-json\/wp\/v2\/product\/4358","targetHints":{"allow":["GET"]}}],"collection":[{"href":"https:\/\/medposnonwoven.com\/de\/wp-json\/wp\/v2\/product"}],"about":[{"href":"https:\/\/medposnonwoven.com\/de\/wp-json\/wp\/v2\/types\/product"}],"wp:featuredmedia":[{"embeddable":true,"href":"https:\/\/medposnonwoven.com\/de\/wp-json\/wp\/v2\/media\/4160"}],"wp:attachment":[{"href":"https:\/\/medposnonwoven.com\/de\/wp-json\/wp\/v2\/media?parent=4358"}],"wp:term":[{"taxonomy":"product_brand","embeddable":true,"href":"https:\/\/medposnonwoven.com\/de\/wp-json\/wp\/v2\/product_brand?post=4358"},{"taxonomy":"product_cat","embeddable":true,"href":"https:\/\/medposnonwoven.com\/de\/wp-json\/wp\/v2\/product_cat?post=4358"},{"taxonomy":"product_tag","embeddable":true,"href":"https:\/\/medposnonwoven.com\/de\/wp-json\/wp\/v2\/product_tag?post=4358"}],"curies":[{"name":"wp","href":"https:\/\/api.w.org\/{rel}","templated":true}]}}