{"id":4359,"date":"2023-01-17T15:23:55","date_gmt":"2023-01-17T15:23:55","guid":{"rendered":"https:\/\/medposnonwoven.com\/product\/adhaesives-chirurgisches-abdecktuch\/"},"modified":"2023-04-23T06:11:13","modified_gmt":"2023-04-23T06:11:13","slug":"adhaesives-chirurgisches-abdecktuch","status":"publish","type":"product","link":"https:\/\/medposnonwoven.com\/de\/produkt\/adhaesives-chirurgisches-abdecktuch\/","title":{"rendered":"Adh\u00e4sives chirurgisches Abdecktuch"},"content":{"rendered":"<ul>\n<li>Das chirurgische Seitenblatt umfasst ein Hauptblatt und einen doppelseitigen Klebstoff, wobei sich der doppelseitige Klebstoff am Rand des Hauptblattes befindet. Der doppelseitige Klebstoff enth\u00e4lt eine Gelschicht und ein Trennpapier, die Gelschicht ist an einer Kante des Hauptblattes angebracht, das Trennpapier ist auf der Gelschicht angebracht, das Trennpapier ist mit der Gelschicht entlang der Kante des Hauptblattes ausgerichtet, die Gelschicht ist auf der einen Seite an das Hauptblatt und auf der anderen Seite an das Trennpapier geklebt. Es wird in der Regel verwendet, um den nicht operierten Bereich w\u00e4hrend der Operation zur Infektionskontrolle abzudecken.<\/li>\n<li>Charakteristik der chirurgischen Seitenbl\u00e4tter.1. Doppelseitiger Klebstoff kann medizinischen Vliesstoff und menschliche Haut fixieren.2. die F\u00e4higkeit, Fl\u00fcssigkeiten zu absorbieren, wodurch Blut und K\u00f6rperfl\u00fcssigkeiten, die w\u00e4hrend der Operation anfallen, schnell aufgenommen werden k\u00f6nnen und eine Kreuzinfektion im K\u00f6rper des Patienten vermieden wird.\n<p>3. einfaches und vollst\u00e4ndiges Abziehen der Trennfolie, wodurch die Vorbereitungszeit f\u00fcr die Operation verk\u00fcrzt wird.<\/li>\n<\/ul>\n<p>&nbsp;<\/p>\n<p>&nbsp;<\/p>\n","protected":false},"excerpt":{"rendered":"<ul>\n<li>Diese sterilen Klebevorh\u00e4nge werden h\u00e4ufig bei verschiedenen Operationen verwendet. Es ist hochgradig luftdurchl\u00e4ssig, so dass die Haut frei atmen kann. Au\u00dferdem ist dieses sterile Einwegtuch erschwinglich, sauber und stark genug, um nicht zu rei\u00dfen oder zu brechen. Es verf\u00fcgt also \u00fcber ausgezeichnete Komforteigenschaften und eine sehr gute Feuchtigkeitsbest\u00e4ndigkeit.<\/li>\n<\/ul>\n<h4>Eigenschaften<\/h4>\n<p>Material: SMS,SSMMS,SMMMS, PE+SMS,PE+Hydrophiles PP, PE+Viskose<\/p>\n<p>Gr\u00f6\u00dfe: 45*50cm, 75*75cm oder individuell<\/p>\n<p>Farbe: Blau, Gr\u00fcn<\/p>\n<p>Art: Chirurgisches Verbrauchsmaterial<\/p>\n<p>Verpackung: 1 St\u00fcck\/Packung, 10 Packungen\/Karton<\/p>\n<p>&nbsp;<\/p>\n<p>&nbsp;<\/p>\n","protected":false},"featured_media":4173,"template":"","meta":{"site-sidebar-layout":"default","site-content-layout":"default","ast-site-content-layout":"default","site-content-style":"default","site-sidebar-style":"default","ast-global-header-display":"","ast-banner-title-visibility":"","ast-main-header-display":"","ast-hfb-above-header-display":"","ast-hfb-below-header-display":"","ast-hfb-mobile-header-display":"","site-post-title":"","ast-breadcrumbs-content":"","ast-featured-img":"","footer-sml-layout":"","ast-disable-related-posts":"","theme-transparent-header-meta":"default","adv-header-id-meta":"","stick-header-meta":"","header-above-stick-meta":"","header-main-stick-meta":"","header-below-stick-meta":"","astra-migrate-meta-layouts":"default","ast-page-background-enabled":"default","ast-page-background-meta":{"desktop":{"background-color":"","background-image":"","background-repeat":"repeat","background-position":"center center","background-size":"auto","background-attachment":"scroll","background-type":"","background-media":"","overlay-type":"","overlay-color":"","overlay-opacity":"","overlay-gradient":""},"tablet":{"background-color":"","background-image":"","background-repeat":"repeat","background-position":"center center","background-size":"auto","background-attachment":"scroll","background-type":"","background-media":"","overlay-type":"","overlay-color":"","overlay-opacity":"","overlay-gradient":""},"mobile":{"background-color":"","background-image":"","background-repeat":"repeat","background-position":"center center","background-size":"auto","background-attachment":"scroll","background-type":"","background-media":"","overlay-type":"","overlay-color":"","overlay-opacity":"","overlay-gradient":""}},"ast-content-background-meta":{"desktop":{"background-color":"var(--ast-global-color-5)","background-image":"","background-repeat":"repeat","background-position":"center center","background-size":"auto","background-attachment":"scroll","background-type":"","background-media":"","overlay-type":"","overlay-color":"","overlay-opacity":"","overlay-gradient":""},"tablet":{"background-color":"var(--ast-global-color-5)","background-image":"","background-repeat":"repeat","background-position":"center center","background-size":"auto","background-attachment":"scroll","background-type":"","background-media":"","overlay-type":"","overlay-color":"","overlay-opacity":"","overlay-gradient":""},"mobile":{"background-color":"var(--ast-global-color-5)","background-image":"","background-repeat":"repeat","background-position":"center center","background-size":"auto","background-attachment":"scroll","background-type":"","background-media":"","overlay-type":"","overlay-color":"","overlay-opacity":"","overlay-gradient":""}}},"product_brand":[],"product_cat":[95],"product_tag":[],"class_list":{"0":"post-4359","1":"product","2":"type-product","3":"status-publish","4":"has-post-thumbnail","6":"product_cat-op-kittel-abdeckungen","7":"desktop-align-center","8":"tablet-align-left","9":"mobile-align-left","11":"first","12":"instock","13":"shipping-taxable","14":"product-type-simple"},"_links":{"self":[{"href":"https:\/\/medposnonwoven.com\/de\/wp-json\/wp\/v2\/product\/4359","targetHints":{"allow":["GET"]}}],"collection":[{"href":"https:\/\/medposnonwoven.com\/de\/wp-json\/wp\/v2\/product"}],"about":[{"href":"https:\/\/medposnonwoven.com\/de\/wp-json\/wp\/v2\/types\/product"}],"wp:featuredmedia":[{"embeddable":true,"href":"https:\/\/medposnonwoven.com\/de\/wp-json\/wp\/v2\/media\/4173"}],"wp:attachment":[{"href":"https:\/\/medposnonwoven.com\/de\/wp-json\/wp\/v2\/media?parent=4359"}],"wp:term":[{"taxonomy":"product_brand","embeddable":true,"href":"https:\/\/medposnonwoven.com\/de\/wp-json\/wp\/v2\/product_brand?post=4359"},{"taxonomy":"product_cat","embeddable":true,"href":"https:\/\/medposnonwoven.com\/de\/wp-json\/wp\/v2\/product_cat?post=4359"},{"taxonomy":"product_tag","embeddable":true,"href":"https:\/\/medposnonwoven.com\/de\/wp-json\/wp\/v2\/product_tag?post=4359"}],"curies":[{"name":"wp","href":"https:\/\/api.w.org\/{rel}","templated":true}]}}