{"id":4360,"date":"2023-01-18T14:19:43","date_gmt":"2023-01-18T14:19:43","guid":{"rendered":"https:\/\/medposnonwoven.com\/product\/pe-laminiertes-sms-gewebe\/"},"modified":"2023-04-23T05:56:17","modified_gmt":"2023-04-23T05:56:17","slug":"pe-laminiertes-sms-gewebe","status":"publish","type":"product","link":"https:\/\/medposnonwoven.com\/de\/produkt\/pe-laminiertes-sms-gewebe\/","title":{"rendered":"PE-laminiertes SMS-Gewebe"},"content":{"rendered":"<ul>\n<li>Bei der Laminierung von Vliesstoffen wird ein Material in mehreren Schichten hergestellt, in der Regel PE-Folie, die mit verschiedenen Vliesstoffen laminiert wird, z. B. PE+Spunbond, PE+SMS, PE+Viskose, PE+Spunlace und SMSPE oder SMPE. Die kombinierten physikalischen und mechanischen Eigenschaften der einzelnen Schichten f\u00fchren zu einem st\u00e4rkeren und widerstandsf\u00e4higeren Verbundwerkstoff.<\/li>\n<li>Laminierter Vliesstoff ist in einer Vielzahl von Designs, Farben und Mustern erh\u00e4ltlich. Sie ist wasserdicht und bietet hervorragenden Schutz vor Fl\u00fcssigkeiten. Isolierkittel, OP-M\u00e4ntel, Abdeckungen und Vorh\u00e4nge, OP-Anz\u00fcge, Lebensmittelverpackungen, Einkaufstaschen und andere Artikel werden aus laminierten Stoffen hergestellt.<\/li>\n<\/ul>\n<p>&nbsp;<\/p>\n","protected":false},"excerpt":{"rendered":"<ul>\n<li>Dieser laminierte Vliesstoff wird aus Polypropylen und Polyethylen hergestellt. Mit hoher Leistung auf undurchl\u00e4ssig f\u00fcr Schadstoffe, atmungsaktiv, leicht, weich und physikalischen Eigenschaften.<\/li>\n<li>Weit verbreitet f\u00fcr Schutzkleidung und -ausr\u00fcstung im medizinischen Bereich, Erwachsenen- und Babywindeln, Damenhygieneprodukte, Verpackungs- und Einkaufstaschen und Dachisoliermaterial.<\/li>\n<\/ul>\n<h4>Eigenschaften<\/h4>\n<p>Material: PE + SMS<\/p>\n<p>Gr\u00f6\u00dfe: 20-200cm<\/p>\n<p>Farbe: Blau, Gr\u00fcn, Wei\u00df<\/p>\n<p>Art: Laminiert oder beschichtet (mit oder ohne Klebstoff)<\/p>\n<p>Verpacken: Wie Anfrage<\/p>\n<p>&nbsp;<\/p>\n","protected":false},"featured_media":4200,"template":"","meta":{"site-sidebar-layout":"default","site-content-layout":"default","ast-site-content-layout":"default","site-content-style":"default","site-sidebar-style":"default","ast-global-header-display":"","ast-banner-title-visibility":"","ast-main-header-display":"","ast-hfb-above-header-display":"","ast-hfb-below-header-display":"","ast-hfb-mobile-header-display":"","site-post-title":"","ast-breadcrumbs-content":"","ast-featured-img":"","footer-sml-layout":"","ast-disable-related-posts":"","theme-transparent-header-meta":"default","adv-header-id-meta":"","stick-header-meta":"","header-above-stick-meta":"","header-main-stick-meta":"","header-below-stick-meta":"","astra-migrate-meta-layouts":"default","ast-page-background-enabled":"default","ast-page-background-meta":{"desktop":{"background-color":"","background-image":"","background-repeat":"repeat","background-position":"center center","background-size":"auto","background-attachment":"scroll","background-type":"","background-media":"","overlay-type":"","overlay-color":"","overlay-opacity":"","overlay-gradient":""},"tablet":{"background-color":"","background-image":"","background-repeat":"repeat","background-position":"center center","background-size":"auto","background-attachment":"scroll","background-type":"","background-media":"","overlay-type":"","overlay-color":"","overlay-opacity":"","overlay-gradient":""},"mobile":{"background-color":"","background-image":"","background-repeat":"repeat","background-position":"center center","background-size":"auto","background-attachment":"scroll","background-type":"","background-media":"","overlay-type":"","overlay-color":"","overlay-opacity":"","overlay-gradient":""}},"ast-content-background-meta":{"desktop":{"background-color":"var(--ast-global-color-5)","background-image":"","background-repeat":"repeat","background-position":"center center","background-size":"auto","background-attachment":"scroll","background-type":"","background-media":"","overlay-type":"","overlay-color":"","overlay-opacity":"","overlay-gradient":""},"tablet":{"background-color":"var(--ast-global-color-5)","background-image":"","background-repeat":"repeat","background-position":"center center","background-size":"auto","background-attachment":"scroll","background-type":"","background-media":"","overlay-type":"","overlay-color":"","overlay-opacity":"","overlay-gradient":""},"mobile":{"background-color":"var(--ast-global-color-5)","background-image":"","background-repeat":"repeat","background-position":"center center","background-size":"auto","background-attachment":"scroll","background-type":"","background-media":"","overlay-type":"","overlay-color":"","overlay-opacity":"","overlay-gradient":""}}},"product_brand":[],"product_cat":[97],"product_tag":[],"class_list":{"0":"post-4360","1":"product","2":"type-product","3":"status-publish","4":"has-post-thumbnail","6":"product_cat-nicht-gewebte-stoffe","7":"desktop-align-center","8":"tablet-align-left","9":"mobile-align-left","11":"first","12":"instock","13":"shipping-taxable","14":"product-type-simple"},"_links":{"self":[{"href":"https:\/\/medposnonwoven.com\/de\/wp-json\/wp\/v2\/product\/4360","targetHints":{"allow":["GET"]}}],"collection":[{"href":"https:\/\/medposnonwoven.com\/de\/wp-json\/wp\/v2\/product"}],"about":[{"href":"https:\/\/medposnonwoven.com\/de\/wp-json\/wp\/v2\/types\/product"}],"wp:featuredmedia":[{"embeddable":true,"href":"https:\/\/medposnonwoven.com\/de\/wp-json\/wp\/v2\/media\/4200"}],"wp:attachment":[{"href":"https:\/\/medposnonwoven.com\/de\/wp-json\/wp\/v2\/media?parent=4360"}],"wp:term":[{"taxonomy":"product_brand","embeddable":true,"href":"https:\/\/medposnonwoven.com\/de\/wp-json\/wp\/v2\/product_brand?post=4360"},{"taxonomy":"product_cat","embeddable":true,"href":"https:\/\/medposnonwoven.com\/de\/wp-json\/wp\/v2\/product_cat?post=4360"},{"taxonomy":"product_tag","embeddable":true,"href":"https:\/\/medposnonwoven.com\/de\/wp-json\/wp\/v2\/product_tag?post=4360"}],"curies":[{"name":"wp","href":"https:\/\/api.w.org\/{rel}","templated":true}]}}