{"id":4361,"date":"2023-01-18T05:17:09","date_gmt":"2023-01-18T05:17:09","guid":{"rendered":"https:\/\/medposnonwoven.com\/product\/atmungsaktive-kunststofffolie\/"},"modified":"2023-04-23T06:03:45","modified_gmt":"2023-04-23T06:03:45","slug":"atmungsaktive-kunststofffolie","status":"publish","type":"product","link":"https:\/\/medposnonwoven.com\/de\/produkt\/atmungsaktive-kunststofffolie\/","title":{"rendered":"Atmungsaktive Kunststofffolie"},"content":{"rendered":"<ul>\n<li><span id=\"inputElements~fe3dfdac5d3e091d\" class=\"MuiTypography-root MuiTypography-inherit css-1uk1gs8\">Atmungsaktive Folien werden durch Gie\u00dfen oder Blasen und anschlie\u00dfendes Recken hergestellt. Kalziumkarbonat bewirkt die Bildung gleichm\u00e4\u00dfiger Hohlr\u00e4ume, die f\u00fcr die Eigenschaften der Membran sorgen. Diese Folien bieten eine kosteng\u00fcnstige Alternative f\u00fcr die Feuchtigkeitsregulierung in einer Vielzahl von Anwendungen, darunter Windelunterlagen f\u00fcr S\u00e4uglinge, Damenhygiene, Inkontinenz bei Erwachsenen, Bedachungen, Hausverpackungen und OP-Kleidung.<\/span><span id=\"inputElements~245e2695a63f9c78\" class=\"MuiTypography-root MuiTypography-inherit css-1uk1gs8\"><\/span><\/li>\n<li>Um festzustellen, wie viel Wasserdampf eine Folie durchdringen kann, wird die Wasserdampfdurchl\u00e4ssigkeitsrate gemessen. Die Molek\u00fcle, aus denen Polymerfilme bestehen, sind in langen, dreidimensionalen Ketten angeordnet. Die Durchl\u00e4ssigkeit dieser Matrix nimmt mit zunehmender Dichte in einem Film ab. Die Acrylpolymere unserer Formulierungen bilden eine weniger dicke Matrix, die das Eindringen von verdampftem, aber nicht von fl\u00fcssigem Wasser in den Film erm\u00f6glicht.<\/li>\n<\/ul>\n<p>&nbsp;<\/p>\n","protected":false},"excerpt":{"rendered":"<ul>\n<li>Atmungsaktive Folien sind d\u00fcnne, mikropor\u00f6se oder monolithische Folien, die undurchl\u00e4ssig f\u00fcr Fl\u00fcssigkeiten (Wasser\/Blut), aber durchl\u00e4ssig f\u00fcr Gase (Wasserdampf) sind. Unsere Folien sind hochgradig wasserdicht, weich, rei\u00dffest und gleichm\u00e4\u00dfig dick.<\/li>\n<\/ul>\n<p><strong>Anmeldung<\/strong><\/p>\n<p>-Hygieneprodukte: R\u00fcckseitenfolie von Babywindeln, Erwachsenenwindeln, Damenbinden.<\/p>\n<p>Produkte f\u00fcr das Gesundheitswesen: Schutzkittel, OP-Kittel, medizinische Abdeckungen, Einweg-Overalls, Bettlaken.<\/p>\n<h4>Eigenschaften<\/h4>\n<p>Material: Polyethylen und <span id=\"inputElements~fe3dfdac5d3e091d\" class=\"MuiTypography-root MuiTypography-inherit css-1uk1gs8\">Kalziumkarbonat<\/span><\/p>\n<p>Gr\u00f6\u00dfe: 10-200cm<\/p>\n<p>Farbe: Blau, Gr\u00fcn, Milchig oder kundenspezifisch<\/p>\n<p>Typ:R\u00fcckseitenfolien<\/p>\n<p>Verpacken: Wie Anfrage<\/p>\n<p>&nbsp;<\/p>\n","protected":false},"featured_media":4186,"template":"","meta":{"site-sidebar-layout":"default","site-content-layout":"default","ast-site-content-layout":"default","site-content-style":"default","site-sidebar-style":"default","ast-global-header-display":"","ast-banner-title-visibility":"","ast-main-header-display":"","ast-hfb-above-header-display":"","ast-hfb-below-header-display":"","ast-hfb-mobile-header-display":"","site-post-title":"","ast-breadcrumbs-content":"","ast-featured-img":"","footer-sml-layout":"","ast-disable-related-posts":"","theme-transparent-header-meta":"default","adv-header-id-meta":"","stick-header-meta":"","header-above-stick-meta":"","header-main-stick-meta":"","header-below-stick-meta":"","astra-migrate-meta-layouts":"default","ast-page-background-enabled":"default","ast-page-background-meta":{"desktop":{"background-color":"","background-image":"","background-repeat":"repeat","background-position":"center center","background-size":"auto","background-attachment":"scroll","background-type":"","background-media":"","overlay-type":"","overlay-color":"","overlay-opacity":"","overlay-gradient":""},"tablet":{"background-color":"","background-image":"","background-repeat":"repeat","background-position":"center center","background-size":"auto","background-attachment":"scroll","background-type":"","background-media":"","overlay-type":"","overlay-color":"","overlay-opacity":"","overlay-gradient":""},"mobile":{"background-color":"","background-image":"","background-repeat":"repeat","background-position":"center center","background-size":"auto","background-attachment":"scroll","background-type":"","background-media":"","overlay-type":"","overlay-color":"","overlay-opacity":"","overlay-gradient":""}},"ast-content-background-meta":{"desktop":{"background-color":"var(--ast-global-color-5)","background-image":"","background-repeat":"repeat","background-position":"center center","background-size":"auto","background-attachment":"scroll","background-type":"","background-media":"","overlay-type":"","overlay-color":"","overlay-opacity":"","overlay-gradient":""},"tablet":{"background-color":"var(--ast-global-color-5)","background-image":"","background-repeat":"repeat","background-position":"center center","background-size":"auto","background-attachment":"scroll","background-type":"","background-media":"","overlay-type":"","overlay-color":"","overlay-opacity":"","overlay-gradient":""},"mobile":{"background-color":"var(--ast-global-color-5)","background-image":"","background-repeat":"repeat","background-position":"center center","background-size":"auto","background-attachment":"scroll","background-type":"","background-media":"","overlay-type":"","overlay-color":"","overlay-opacity":"","overlay-gradient":""}}},"product_brand":[],"product_cat":[98],"product_tag":[],"class_list":{"0":"post-4361","1":"product","2":"type-product","3":"status-publish","4":"has-post-thumbnail","6":"product_cat-pe-folienmaterialien","7":"desktop-align-center","8":"tablet-align-left","9":"mobile-align-left","11":"first","12":"instock","13":"shipping-taxable","14":"product-type-simple"},"_links":{"self":[{"href":"https:\/\/medposnonwoven.com\/de\/wp-json\/wp\/v2\/product\/4361","targetHints":{"allow":["GET"]}}],"collection":[{"href":"https:\/\/medposnonwoven.com\/de\/wp-json\/wp\/v2\/product"}],"about":[{"href":"https:\/\/medposnonwoven.com\/de\/wp-json\/wp\/v2\/types\/product"}],"wp:featuredmedia":[{"embeddable":true,"href":"https:\/\/medposnonwoven.com\/de\/wp-json\/wp\/v2\/media\/4186"}],"wp:attachment":[{"href":"https:\/\/medposnonwoven.com\/de\/wp-json\/wp\/v2\/media?parent=4361"}],"wp:term":[{"taxonomy":"product_brand","embeddable":true,"href":"https:\/\/medposnonwoven.com\/de\/wp-json\/wp\/v2\/product_brand?post=4361"},{"taxonomy":"product_cat","embeddable":true,"href":"https:\/\/medposnonwoven.com\/de\/wp-json\/wp\/v2\/product_cat?post=4361"},{"taxonomy":"product_tag","embeddable":true,"href":"https:\/\/medposnonwoven.com\/de\/wp-json\/wp\/v2\/product_tag?post=4361"}],"curies":[{"name":"wp","href":"https:\/\/api.w.org\/{rel}","templated":true}]}}