{"id":4362,"date":"2023-01-16T15:29:05","date_gmt":"2023-01-16T15:29:05","guid":{"rendered":"https:\/\/medposnonwoven.com\/product\/einweg-bademantel\/"},"modified":"2023-04-23T06:24:29","modified_gmt":"2023-04-23T06:24:29","slug":"einweg-bademantel","status":"publish","type":"product","link":"https:\/\/medposnonwoven.com\/de\/produkt\/einweg-bademantel\/","title":{"rendered":"Einweg-Bademantel"},"content":{"rendered":"<ul>\n<li>Einwegbadem\u00e4ntel sind eine einfache, einmalige L\u00f6sung, um sich nach dem Duschen oder Baden anzuziehen. Sie haben eine angenehme Passform, da sie aus leichten, wasserdichten Materialien wie Vliesstoffen bestehen. Sie haben eine Wickelform mit Kapuze und Schn\u00fcrverschluss. Da sie sich nach Gebrauch leicht entsorgen lassen, sind Einwegbadem\u00e4ntel eine ausgezeichnete Wahl f\u00fcr Hotels, Spas und Sch\u00f6nheitssalons. Sie k\u00f6nnen auch an anderen Orten, z. B. in Arztpraxen, eingesetzt werden, um mehr W\u00e4rme und Deckung zu bieten. F\u00fcr Personen, die ihre Haut lieber sauber halten, bieten Einwegbadem\u00e4ntel in verschiedenen Gr\u00f6\u00dfen und Farben eine hygienische L\u00f6sung. Sie sind eine wunderbare Option, weil sie auch preiswert und bequem zu halten sind.<\/li>\n<li>Der leichte, hochwertige Vliesstoff, aus dem dieser Einweg-Spa-Bademantel gefertigt ist, bietet Strapazierf\u00e4higkeit und eine lange Nutzungsdauer. Dieses Seil ist angenehm zu ber\u00fchren und trocknet schnell. Die vielseitige Gr\u00f6\u00dfe wird den Bed\u00fcrfnissen der meisten Menschen gerecht. Es ist ein kuscheliges und dennoch effektives Handtuch f\u00fcr Ihre SPA-Behandlung oder nach dem Toilettengang, wenn Sie nicht nur gut aussehen, sondern sich auch wohlf\u00fchlen wollen.<\/li>\n<\/ul>\n<p>&nbsp;<\/p>\n","protected":false},"excerpt":{"rendered":"<ul>\n<li>Einweg-Bademantel Bietet Privatsph\u00e4re und f\u00f6rdert die Entspannung mit einem Baumwoll-Touch-Gef\u00fchl, der Stoff ist dicker, blickdicht, sonnenlos und hat ein elastisches Taillenband.<\/li>\n<li>Weit verbreitet in SPA, Fitnessstudio, Schwimmbad, Sauna, Reisen und anderen Freizeitaktivit\u00e4ten.<\/li>\n<\/ul>\n<h4>Eigenschaften<\/h4>\n<p>Material: Polypropylen-Spinnvlies<\/p>\n<p>Gr\u00f6\u00dfe: S,M,L<\/p>\n<p>Farbe: Schwarz, Wei\u00df, Dunkelblau<\/p>\n<p>Typ: Mit elastischer Taille<\/p>\n<p>Verpackung: 10 St\u00fcck\/Beutel, 20 Beutel\/Karton<\/p>\n<p>&nbsp;<\/p>\n<p>&nbsp;<\/p>\n","protected":false},"featured_media":4157,"template":"","meta":{"site-sidebar-layout":"default","site-content-layout":"default","ast-site-content-layout":"default","site-content-style":"default","site-sidebar-style":"default","ast-global-header-display":"","ast-banner-title-visibility":"","ast-main-header-display":"","ast-hfb-above-header-display":"","ast-hfb-below-header-display":"","ast-hfb-mobile-header-display":"","site-post-title":"","ast-breadcrumbs-content":"","ast-featured-img":"","footer-sml-layout":"","ast-disable-related-posts":"","theme-transparent-header-meta":"default","adv-header-id-meta":"","stick-header-meta":"","header-above-stick-meta":"","header-main-stick-meta":"","header-below-stick-meta":"","astra-migrate-meta-layouts":"default","ast-page-background-enabled":"default","ast-page-background-meta":{"desktop":{"background-color":"","background-image":"","background-repeat":"repeat","background-position":"center center","background-size":"auto","background-attachment":"scroll","background-type":"","background-media":"","overlay-type":"","overlay-color":"","overlay-opacity":"","overlay-gradient":""},"tablet":{"background-color":"","background-image":"","background-repeat":"repeat","background-position":"center center","background-size":"auto","background-attachment":"scroll","background-type":"","background-media":"","overlay-type":"","overlay-color":"","overlay-opacity":"","overlay-gradient":""},"mobile":{"background-color":"","background-image":"","background-repeat":"repeat","background-position":"center center","background-size":"auto","background-attachment":"scroll","background-type":"","background-media":"","overlay-type":"","overlay-color":"","overlay-opacity":"","overlay-gradient":""}},"ast-content-background-meta":{"desktop":{"background-color":"var(--ast-global-color-5)","background-image":"","background-repeat":"repeat","background-position":"center center","background-size":"auto","background-attachment":"scroll","background-type":"","background-media":"","overlay-type":"","overlay-color":"","overlay-opacity":"","overlay-gradient":""},"tablet":{"background-color":"var(--ast-global-color-5)","background-image":"","background-repeat":"repeat","background-position":"center center","background-size":"auto","background-attachment":"scroll","background-type":"","background-media":"","overlay-type":"","overlay-color":"","overlay-opacity":"","overlay-gradient":""},"mobile":{"background-color":"var(--ast-global-color-5)","background-image":"","background-repeat":"repeat","background-position":"center center","background-size":"auto","background-attachment":"scroll","background-type":"","background-media":"","overlay-type":"","overlay-color":"","overlay-opacity":"","overlay-gradient":""}}},"product_brand":[],"product_cat":[96],"product_tag":[],"class_list":{"0":"post-4362","1":"product","2":"type-product","3":"status-publish","4":"has-post-thumbnail","6":"product_cat-spa-beauty-einwegartikel","7":"desktop-align-center","8":"tablet-align-left","9":"mobile-align-left","11":"first","12":"instock","13":"shipping-taxable","14":"product-type-simple"},"_links":{"self":[{"href":"https:\/\/medposnonwoven.com\/de\/wp-json\/wp\/v2\/product\/4362","targetHints":{"allow":["GET"]}}],"collection":[{"href":"https:\/\/medposnonwoven.com\/de\/wp-json\/wp\/v2\/product"}],"about":[{"href":"https:\/\/medposnonwoven.com\/de\/wp-json\/wp\/v2\/types\/product"}],"wp:featuredmedia":[{"embeddable":true,"href":"https:\/\/medposnonwoven.com\/de\/wp-json\/wp\/v2\/media\/4157"}],"wp:attachment":[{"href":"https:\/\/medposnonwoven.com\/de\/wp-json\/wp\/v2\/media?parent=4362"}],"wp:term":[{"taxonomy":"product_brand","embeddable":true,"href":"https:\/\/medposnonwoven.com\/de\/wp-json\/wp\/v2\/product_brand?post=4362"},{"taxonomy":"product_cat","embeddable":true,"href":"https:\/\/medposnonwoven.com\/de\/wp-json\/wp\/v2\/product_cat?post=4362"},{"taxonomy":"product_tag","embeddable":true,"href":"https:\/\/medposnonwoven.com\/de\/wp-json\/wp\/v2\/product_tag?post=4362"}],"curies":[{"name":"wp","href":"https:\/\/api.w.org\/{rel}","templated":true}]}}