{"id":4363,"date":"2023-01-17T15:08:04","date_gmt":"2023-01-17T15:08:04","guid":{"rendered":"https:\/\/medposnonwoven.com\/product\/verstaerkter-operationskittel\/"},"modified":"2023-04-23T06:12:32","modified_gmt":"2023-04-23T06:12:32","slug":"verstaerkter-operationskittel","status":"publish","type":"product","link":"https:\/\/medposnonwoven.com\/de\/produkt\/verstaerkter-operationskittel\/","title":{"rendered":"Verst\u00e4rkter Operationskittel"},"content":{"rendered":"<ul>\n<li>Der verst\u00e4rkte Einweg-Operationskittel ist ein notwendiges Schutzkleidungsst\u00fcck bei chirurgischen Eingriffen, um das Risiko des Kontakts zwischen medizinischem Personal und pathogenen Mikroorganismen sowie das Risiko der \u00dcbertragung von pathogenen Mikroorganismen zwischen medizinischem Personal und Patienten zu verringern und so die Sicherheit der Operation zu gew\u00e4hrleisten. Die eingebaute Verst\u00e4rkung, die sowohl an der Brust als auch an den \u00c4rmelb\u00fcndchen auf der R\u00fcckseite des Kittels angen\u00e4ht ist, verbessert die keimhemmenden Eigenschaften des Kittels und erh\u00f6ht die Widerstandsf\u00e4higkeit gegen\u00fcber Blut und Alkohol.<\/li>\n<li>Durch die Verwendung der neuesten SMS-Stofftechnologie bietet der OP-Kittel eine hervorragende Weichheit in Bezug auf Leichtigkeit und Atmungsaktivit\u00e4t. Die ultraschallverschwei\u00dfte Schnittstelle, die keine Nadell\u00f6cher aufweist, ist hervorragend verarbeitet und bietet eine effektive Barrierewirkung.<\/li>\n<\/ul>\n<p>&nbsp;<\/p>\n<p>&nbsp;<\/p>\n","protected":false},"excerpt":{"rendered":"<ul>\n<li>Diese verst\u00e4rkten OP-M\u00e4ntel sind im Vergleich zu Standard-OP-M\u00e4nteln zuverl\u00e4ssiger und leistungsf\u00e4higer, um das Eindringen von Blut und Wasser zu verhindern.<\/li>\n<li>Weit verbreitet f\u00fcr Chirurgen tragen w\u00e4hrend der Operation im Krankenhaus, die Behandlung von Patienten. \u00fcberall dort, wo ein Schutz vor Blut, Bakterien und Viren erforderlich ist.<\/li>\n<\/ul>\n<h4>Eigenschaften<\/h4>\n<p>Material: Polypropylen SMS\/SMMS\/SSMMS<\/p>\n<p>Gr\u00f6\u00dfe: 120x140cm, 130x150cm oder individuell<\/p>\n<p>Farbe: Blau, Gr\u00fcn<\/p>\n<p>Typ: Mit Ankn\u00fcpfung oder Klettverschluss. Unsterile oder sterile Packung<\/p>\n<p>Verpackung: 1 St\u00fcck\/Beutel, 100 Beutel\/Karton<\/p>\n<p>&nbsp;<\/p>\n<p>&nbsp;<\/p>\n","protected":false},"featured_media":4172,"template":"","meta":{"site-sidebar-layout":"default","site-content-layout":"default","ast-site-content-layout":"default","site-content-style":"default","site-sidebar-style":"default","ast-global-header-display":"","ast-banner-title-visibility":"","ast-main-header-display":"","ast-hfb-above-header-display":"","ast-hfb-below-header-display":"","ast-hfb-mobile-header-display":"","site-post-title":"","ast-breadcrumbs-content":"","ast-featured-img":"","footer-sml-layout":"","ast-disable-related-posts":"","theme-transparent-header-meta":"default","adv-header-id-meta":"","stick-header-meta":"","header-above-stick-meta":"","header-main-stick-meta":"","header-below-stick-meta":"","astra-migrate-meta-layouts":"default","ast-page-background-enabled":"default","ast-page-background-meta":{"desktop":{"background-color":"","background-image":"","background-repeat":"repeat","background-position":"center center","background-size":"auto","background-attachment":"scroll","background-type":"","background-media":"","overlay-type":"","overlay-color":"","overlay-opacity":"","overlay-gradient":""},"tablet":{"background-color":"","background-image":"","background-repeat":"repeat","background-position":"center center","background-size":"auto","background-attachment":"scroll","background-type":"","background-media":"","overlay-type":"","overlay-color":"","overlay-opacity":"","overlay-gradient":""},"mobile":{"background-color":"","background-image":"","background-repeat":"repeat","background-position":"center center","background-size":"auto","background-attachment":"scroll","background-type":"","background-media":"","overlay-type":"","overlay-color":"","overlay-opacity":"","overlay-gradient":""}},"ast-content-background-meta":{"desktop":{"background-color":"var(--ast-global-color-5)","background-image":"","background-repeat":"repeat","background-position":"center center","background-size":"auto","background-attachment":"scroll","background-type":"","background-media":"","overlay-type":"","overlay-color":"","overlay-opacity":"","overlay-gradient":""},"tablet":{"background-color":"var(--ast-global-color-5)","background-image":"","background-repeat":"repeat","background-position":"center center","background-size":"auto","background-attachment":"scroll","background-type":"","background-media":"","overlay-type":"","overlay-color":"","overlay-opacity":"","overlay-gradient":""},"mobile":{"background-color":"var(--ast-global-color-5)","background-image":"","background-repeat":"repeat","background-position":"center center","background-size":"auto","background-attachment":"scroll","background-type":"","background-media":"","overlay-type":"","overlay-color":"","overlay-opacity":"","overlay-gradient":""}}},"product_brand":[],"product_cat":[95],"product_tag":[],"class_list":{"0":"post-4363","1":"product","2":"type-product","3":"status-publish","4":"has-post-thumbnail","6":"product_cat-op-kittel-abdeckungen","7":"desktop-align-center","8":"tablet-align-left","9":"mobile-align-left","11":"first","12":"instock","13":"shipping-taxable","14":"product-type-simple"},"_links":{"self":[{"href":"https:\/\/medposnonwoven.com\/de\/wp-json\/wp\/v2\/product\/4363","targetHints":{"allow":["GET"]}}],"collection":[{"href":"https:\/\/medposnonwoven.com\/de\/wp-json\/wp\/v2\/product"}],"about":[{"href":"https:\/\/medposnonwoven.com\/de\/wp-json\/wp\/v2\/types\/product"}],"wp:featuredmedia":[{"embeddable":true,"href":"https:\/\/medposnonwoven.com\/de\/wp-json\/wp\/v2\/media\/4172"}],"wp:attachment":[{"href":"https:\/\/medposnonwoven.com\/de\/wp-json\/wp\/v2\/media?parent=4363"}],"wp:term":[{"taxonomy":"product_brand","embeddable":true,"href":"https:\/\/medposnonwoven.com\/de\/wp-json\/wp\/v2\/product_brand?post=4363"},{"taxonomy":"product_cat","embeddable":true,"href":"https:\/\/medposnonwoven.com\/de\/wp-json\/wp\/v2\/product_cat?post=4363"},{"taxonomy":"product_tag","embeddable":true,"href":"https:\/\/medposnonwoven.com\/de\/wp-json\/wp\/v2\/product_tag?post=4363"}],"curies":[{"name":"wp","href":"https:\/\/api.w.org\/{rel}","templated":true}]}}