{"id":4365,"date":"2023-01-18T04:15:05","date_gmt":"2023-01-18T04:15:05","guid":{"rendered":"https:\/\/medposnonwoven.com\/product\/gegossene-pe-extrusionsfolie\/"},"modified":"2023-04-23T06:05:46","modified_gmt":"2023-04-23T06:05:46","slug":"gegossene-pe-extrusionsfolie","status":"publish","type":"product","link":"https:\/\/medposnonwoven.com\/de\/produkt\/gegossene-pe-extrusionsfolie\/","title":{"rendered":"Gegossene PE-Extrusionsfolie"},"content":{"rendered":"<ul>\n<li>Die gegossene Kunststofffolie wird im Coextrusionsverfahren hergestellt, d. h. durch die gleichzeitige Extrusion von zwei oder mehr Materialien aus einer einzigen D\u00fcse, um eine mehrschichtige Folie zu erzeugen. Dies ist darauf zur\u00fcckzuf\u00fchren, dass f\u00fcr die Endanwendung der Kunststofffolie h\u00e4ufig eine Leistung gefordert wird, die nicht erf\u00fcllt werden kann, wenn die Folie aus einem einzigen Stoff hergestellt ist.<\/li>\n<li>Im Gegensatz zum Blasfolienverfahren ist die Gie\u00dffolien-Extrusion \u00e4u\u00dferst effizient. Dies erm\u00f6glicht eine h\u00f6here Geschwindigkeit der Produktionslinie, was zu h\u00f6heren Produktionsraten mit verbesserten optischen Eigenschaften f\u00fchrt. Der Grad des Ziehens und Ausrichtens ist beim Gie\u00dffolienverfahren wesentlich geringer als beim Blasfolienverfahren.<\/li>\n<li>Das geschmolzene Polymer wird \u00fcber einen Flachd\u00fcsenmechanismus extrudiert, um die endg\u00fcltige Flachfolienform im Gie\u00dffolienextrusionsverfahren zu bilden. Das D\u00fcsensystem besteht aus der D\u00fcse und dem Feedblock (wenn Coextrusion erforderlich ist) oder nur aus der D\u00fcse, wenn Einschichtextrusion verwendet wird.<\/li>\n<\/ul>\n<p>&nbsp;<\/p>\n","protected":false},"excerpt":{"rendered":"<ul>\n<li>Die CPE- und TPE-Folien, die zu 100 % aus Polyethylen bestehen, k\u00f6nnen auch im Gie\u00df-Extrusionsverfahren hergestellt werden. Unsere Folien zeichnen sich durch hohe Wasserdichtigkeit, Weichheit, Zugfestigkeit und gleichm\u00e4\u00dfige Dicke aus.<\/li>\n<\/ul>\n<p><strong>Anmeldung<\/strong><\/p>\n<p>-Hygieneprodukte: R\u00fcckseitenfolie von Babywindeln, Erwachsenenwindeln, Damenbinden, Unterziehbinden<\/p>\n<p>-Produkte des t\u00e4glichen Bedarfs: Handschuhe, Schuh\u00fcberzieher, M\u00fctzen, Tischdecken, Sch\u00fcrzen, Bettlaken usw.<\/p>\n<p>Produkte f\u00fcr das Gesundheitswesen: Schutzkittel, OP-Kittel, Isolierkittel, medizinische Abdeckungen, Einweg-Overalls<\/p>\n<h4>Eigenschaften<\/h4>\n<p>Material: Polyethylen PE<\/p>\n<p>Gr\u00f6\u00dfe: 10-200cm<\/p>\n<p>Farbe: Blau, Gr\u00fcn, Milchig oder kundenspezifisch<\/p>\n<p>Typ: Glatte oder gepr\u00e4gte Oberfl\u00e4che<\/p>\n<p>Verpacken: Wie Anfrage<\/p>\n<p>&nbsp;<\/p>\n","protected":false},"featured_media":4182,"template":"","meta":{"site-sidebar-layout":"default","site-content-layout":"default","ast-site-content-layout":"default","site-content-style":"default","site-sidebar-style":"default","ast-global-header-display":"","ast-banner-title-visibility":"","ast-main-header-display":"","ast-hfb-above-header-display":"","ast-hfb-below-header-display":"","ast-hfb-mobile-header-display":"","site-post-title":"","ast-breadcrumbs-content":"","ast-featured-img":"","footer-sml-layout":"","ast-disable-related-posts":"","theme-transparent-header-meta":"default","adv-header-id-meta":"","stick-header-meta":"","header-above-stick-meta":"","header-main-stick-meta":"","header-below-stick-meta":"","astra-migrate-meta-layouts":"default","ast-page-background-enabled":"default","ast-page-background-meta":{"desktop":{"background-color":"","background-image":"","background-repeat":"repeat","background-position":"center center","background-size":"auto","background-attachment":"scroll","background-type":"","background-media":"","overlay-type":"","overlay-color":"","overlay-opacity":"","overlay-gradient":""},"tablet":{"background-color":"","background-image":"","background-repeat":"repeat","background-position":"center center","background-size":"auto","background-attachment":"scroll","background-type":"","background-media":"","overlay-type":"","overlay-color":"","overlay-opacity":"","overlay-gradient":""},"mobile":{"background-color":"","background-image":"","background-repeat":"repeat","background-position":"center center","background-size":"auto","background-attachment":"scroll","background-type":"","background-media":"","overlay-type":"","overlay-color":"","overlay-opacity":"","overlay-gradient":""}},"ast-content-background-meta":{"desktop":{"background-color":"var(--ast-global-color-5)","background-image":"","background-repeat":"repeat","background-position":"center center","background-size":"auto","background-attachment":"scroll","background-type":"","background-media":"","overlay-type":"","overlay-color":"","overlay-opacity":"","overlay-gradient":""},"tablet":{"background-color":"var(--ast-global-color-5)","background-image":"","background-repeat":"repeat","background-position":"center center","background-size":"auto","background-attachment":"scroll","background-type":"","background-media":"","overlay-type":"","overlay-color":"","overlay-opacity":"","overlay-gradient":""},"mobile":{"background-color":"var(--ast-global-color-5)","background-image":"","background-repeat":"repeat","background-position":"center center","background-size":"auto","background-attachment":"scroll","background-type":"","background-media":"","overlay-type":"","overlay-color":"","overlay-opacity":"","overlay-gradient":""}}},"product_brand":[],"product_cat":[98],"product_tag":[],"class_list":{"0":"post-4365","1":"product","2":"type-product","3":"status-publish","4":"has-post-thumbnail","6":"product_cat-pe-folienmaterialien","7":"desktop-align-center","8":"tablet-align-left","9":"mobile-align-left","11":"first","12":"instock","13":"shipping-taxable","14":"product-type-simple"},"_links":{"self":[{"href":"https:\/\/medposnonwoven.com\/de\/wp-json\/wp\/v2\/product\/4365","targetHints":{"allow":["GET"]}}],"collection":[{"href":"https:\/\/medposnonwoven.com\/de\/wp-json\/wp\/v2\/product"}],"about":[{"href":"https:\/\/medposnonwoven.com\/de\/wp-json\/wp\/v2\/types\/product"}],"wp:featuredmedia":[{"embeddable":true,"href":"https:\/\/medposnonwoven.com\/de\/wp-json\/wp\/v2\/media\/4182"}],"wp:attachment":[{"href":"https:\/\/medposnonwoven.com\/de\/wp-json\/wp\/v2\/media?parent=4365"}],"wp:term":[{"taxonomy":"product_brand","embeddable":true,"href":"https:\/\/medposnonwoven.com\/de\/wp-json\/wp\/v2\/product_brand?post=4365"},{"taxonomy":"product_cat","embeddable":true,"href":"https:\/\/medposnonwoven.com\/de\/wp-json\/wp\/v2\/product_cat?post=4365"},{"taxonomy":"product_tag","embeddable":true,"href":"https:\/\/medposnonwoven.com\/de\/wp-json\/wp\/v2\/product_tag?post=4365"}],"curies":[{"name":"wp","href":"https:\/\/api.w.org\/{rel}","templated":true}]}}