{"id":4366,"date":"2023-01-16T15:13:41","date_gmt":"2023-01-16T15:13:41","guid":{"rendered":"https:\/\/medposnonwoven.com\/product\/einweg-boxershorts\/"},"modified":"2023-04-23T06:25:19","modified_gmt":"2023-04-23T06:25:19","slug":"einweg-boxershorts","status":"publish","type":"product","link":"https:\/\/medposnonwoven.com\/de\/produkt\/einweg-boxershorts\/","title":{"rendered":"Einweg-Boxershorts"},"content":{"rendered":"<p>Nach dem Duschen oder Baden sind Einweg-Boxershorts eine praktische, einmalige Wahl zum Anziehen. Sie haben eine angenehme Passform, da sie aus d\u00fcnnen, wasserdichten Materialien wie Vliesstoff bestehen. Das schlichte Modell hat einen Hosenschlitzverschluss und einen elastischen Bund. Da sie nach Gebrauch einfach weggeworfen werden k\u00f6nnen, sind Einweg-Boxershorts eine fantastische Option f\u00fcr Hotels, Spas und Sch\u00f6nheitssalons. Sie k\u00f6nnen auch an anderen Orten, z. B. in Arztpraxen, eingesetzt werden, um mehr W\u00e4rme und Deckung zu bieten. F\u00fcr Personen, die ihre Haut lieber sauber halten, bieten Einweg-Boxershorts, die in verschiedenen Gr\u00f6\u00dfen und Farben erh\u00e4ltlich sind, eine hygienische L\u00f6sung. <span data-offset-key=\"758el-884-0\">Sie<\/span><span data-offset-key=\"758el-885-0\"> sind<\/span><span data-offset-key=\"758el-886-0\"> auch<\/span><span data-offset-key=\"758el-887-0\"> erschwinglich<\/span><span data-offset-key=\"758el-888-0\"> und<\/span><span data-offset-key=\"758el-889-0\"> einfach<\/span><span data-offset-key=\"758el-890-0\"> zu<\/span><span data-offset-key=\"758el-891-0\"> speichern<\/span><span data-offset-key=\"758el-892-0\">,<\/span><span data-offset-key=\"758el-893-0\"> Herstellung von<\/span><span data-offset-key=\"758el-894-0\"> sie<\/span><span data-offset-key=\"758el-895-0\"> a<\/span><span data-offset-key=\"758el-896-0\"> gro\u00dfartig<\/span><span data-offset-key=\"758el-897-0\"> Auswahl<\/span><span data-offset-key=\"758el-898-0\"> f\u00fcr<\/span><span data-offset-key=\"758el-899-0\"> die<\/span><span data-offset-key=\"758el-900-0\"> siehe<\/span><span data-offset-key=\"758el-901-0\"> f\u00fcr<\/span><span data-offset-key=\"758el-902-0\"> eine<\/span><span data-offset-key=\"758el-903-0\"> erschwinglich<\/span><span data-offset-key=\"758el-904-0\"> und<\/span><span data-offset-key=\"758el-905-0\"> bequem<\/span><span data-offset-key=\"758el-906-0\"> Option<\/span><span data-offset-key=\"758el-907-0\">.<\/span><\/p>\n<p>&nbsp;<\/p>\n<p>&nbsp;<\/p>\n","protected":false},"excerpt":{"rendered":"<ul>\n<li>Die Einweg-Boxershorts bestehen aus rei\u00dffestem Vliesstoff, der hautfreundlich, weich und atmungsaktiv ist und eine gute Luftdurchl\u00e4ssigkeit und Haltbarkeit aufweist.<\/li>\n<li>Weit verbreitet in Sonnenstudios, Spas, Salons, Massagen, Kliniken, Tattoos, Saunas, Krankenh\u00e4usern, Hotels, auf Reisen, im t\u00e4glichen Gebrauch, etc.<\/li>\n<\/ul>\n<h4>Eigenschaften<\/h4>\n<p>Material: Polypropylen-Spinnvlies<\/p>\n<p>Gr\u00f6\u00dfe: S,M,L<\/p>\n<p>Farbe: Schwarz, Wei\u00df, Dunkelblau<\/p>\n<p>Typ: Mit elastischer Taille<\/p>\n<p>Verpackung: 6 St\u00fcck\/Packung, 100 Packungen\/Karton<\/p>\n<p>&nbsp;<\/p>\n<p>&nbsp;<\/p>\n","protected":false},"featured_media":4155,"template":"","meta":{"site-sidebar-layout":"default","site-content-layout":"default","ast-site-content-layout":"default","site-content-style":"default","site-sidebar-style":"default","ast-global-header-display":"","ast-banner-title-visibility":"","ast-main-header-display":"","ast-hfb-above-header-display":"","ast-hfb-below-header-display":"","ast-hfb-mobile-header-display":"","site-post-title":"","ast-breadcrumbs-content":"","ast-featured-img":"","footer-sml-layout":"","ast-disable-related-posts":"","theme-transparent-header-meta":"default","adv-header-id-meta":"","stick-header-meta":"","header-above-stick-meta":"","header-main-stick-meta":"","header-below-stick-meta":"","astra-migrate-meta-layouts":"default","ast-page-background-enabled":"default","ast-page-background-meta":{"desktop":{"background-color":"","background-image":"","background-repeat":"repeat","background-position":"center center","background-size":"auto","background-attachment":"scroll","background-type":"","background-media":"","overlay-type":"","overlay-color":"","overlay-opacity":"","overlay-gradient":""},"tablet":{"background-color":"","background-image":"","background-repeat":"repeat","background-position":"center center","background-size":"auto","background-attachment":"scroll","background-type":"","background-media":"","overlay-type":"","overlay-color":"","overlay-opacity":"","overlay-gradient":""},"mobile":{"background-color":"","background-image":"","background-repeat":"repeat","background-position":"center center","background-size":"auto","background-attachment":"scroll","background-type":"","background-media":"","overlay-type":"","overlay-color":"","overlay-opacity":"","overlay-gradient":""}},"ast-content-background-meta":{"desktop":{"background-color":"var(--ast-global-color-5)","background-image":"","background-repeat":"repeat","background-position":"center center","background-size":"auto","background-attachment":"scroll","background-type":"","background-media":"","overlay-type":"","overlay-color":"","overlay-opacity":"","overlay-gradient":""},"tablet":{"background-color":"var(--ast-global-color-5)","background-image":"","background-repeat":"repeat","background-position":"center center","background-size":"auto","background-attachment":"scroll","background-type":"","background-media":"","overlay-type":"","overlay-color":"","overlay-opacity":"","overlay-gradient":""},"mobile":{"background-color":"var(--ast-global-color-5)","background-image":"","background-repeat":"repeat","background-position":"center center","background-size":"auto","background-attachment":"scroll","background-type":"","background-media":"","overlay-type":"","overlay-color":"","overlay-opacity":"","overlay-gradient":""}}},"product_brand":[],"product_cat":[96],"product_tag":[],"class_list":{"0":"post-4366","1":"product","2":"type-product","3":"status-publish","4":"has-post-thumbnail","6":"product_cat-spa-beauty-einwegartikel","7":"desktop-align-center","8":"tablet-align-left","9":"mobile-align-left","11":"first","12":"instock","13":"shipping-taxable","14":"product-type-simple"},"_links":{"self":[{"href":"https:\/\/medposnonwoven.com\/de\/wp-json\/wp\/v2\/product\/4366","targetHints":{"allow":["GET"]}}],"collection":[{"href":"https:\/\/medposnonwoven.com\/de\/wp-json\/wp\/v2\/product"}],"about":[{"href":"https:\/\/medposnonwoven.com\/de\/wp-json\/wp\/v2\/types\/product"}],"wp:featuredmedia":[{"embeddable":true,"href":"https:\/\/medposnonwoven.com\/de\/wp-json\/wp\/v2\/media\/4155"}],"wp:attachment":[{"href":"https:\/\/medposnonwoven.com\/de\/wp-json\/wp\/v2\/media?parent=4366"}],"wp:term":[{"taxonomy":"product_brand","embeddable":true,"href":"https:\/\/medposnonwoven.com\/de\/wp-json\/wp\/v2\/product_brand?post=4366"},{"taxonomy":"product_cat","embeddable":true,"href":"https:\/\/medposnonwoven.com\/de\/wp-json\/wp\/v2\/product_cat?post=4366"},{"taxonomy":"product_tag","embeddable":true,"href":"https:\/\/medposnonwoven.com\/de\/wp-json\/wp\/v2\/product_tag?post=4366"}],"curies":[{"name":"wp","href":"https:\/\/api.w.org\/{rel}","templated":true}]}}