{"id":4367,"date":"2023-01-17T14:22:55","date_gmt":"2023-01-17T14:22:55","guid":{"rendered":"https:\/\/medposnonwoven.com\/product\/chirurgischer-einwegkittel\/"},"modified":"2023-04-23T06:15:06","modified_gmt":"2023-04-23T06:15:06","slug":"chirurgischer-einwegkittel","status":"publish","type":"product","link":"https:\/\/medposnonwoven.com\/de\/produkt\/chirurgischer-einwegkittel\/","title":{"rendered":"Chirurgischer Einwegkittel"},"content":{"rendered":"<ul>\n<li>OP-M\u00e4ntel m\u00fcssen eine 501(k)-Notifizierung vor dem Inverkehrbringen erhalten oder der Norm EN13795 entsprechen, da sie als medizinische Ger\u00e4te der Klasse II eingestuft sind. Diese medizinischen Schutzkittel m\u00fcssen einen sehr hohen Qualit\u00e4tsstandard erf\u00fcllen, da sie in den Vereinigten Staaten den FDA-Vorschriften unterworfen sind. Jeder Mediziner, der einen chirurgischen Eingriff vornimmt, sollte einen solchen tragen, um sich und den Patienten vor der Verbreitung von pathogenen Bakterien, K\u00f6rperfl\u00fcssigkeiten und anderen potenziell gef\u00e4hrlichen Gegenst\u00e4nden zu sch\u00fctzen.<\/li>\n<li>OP-M\u00e4ntel k\u00f6nnen mit oder ohne Verst\u00e4rkung hergestellt werden. OP-M\u00e4ntel ohne Verst\u00e4rkungen sind weniger zuverl\u00e4ssig und f\u00fcr Operationen mit geringem bis mittlerem Fl\u00fcssigkeitskontakt gedacht. Bei invasiveren und anspruchsvolleren chirurgischen Eingriffen bieten verst\u00e4rkte OP-M\u00e4ntel an einigen entscheidenden Stellen mehr Schutz.<\/li>\n<li>Von den Schultern bis zu den Knien und Handgelenken bedecken OP-M\u00e4ntel diese sensiblen Bereiche und wirken wie eine Barriere. \u00dcblicherweise werden f\u00fcr die Herstellung von OP-M\u00e4nteln eingesetzte \u00c4rmel oder Raglan\u00e4rmel verwendet. Es gibt handtuchbest\u00fcckte und handtuchfreie OP-M\u00e4ntel.<\/li>\n<li>SMS ist das Hauptmaterial f\u00fcr die Einwegkittel; es ist weich, bequem und atmungsaktiv f\u00fcr die \u00c4rzte. Zwei Schichten aus Meltblown-Polypropylen bilden eine hervorragende mikrobiologische Barriere, w\u00e4hrend drei Schichten aus Spinnvlies-Polypropylen au\u00dfergew\u00f6hnliche Flexibilit\u00e4t und Drapierbarkeit, hohe Abriebfestigkeit und einen tuch\u00e4hnlichen Griff garantieren.<\/li>\n<\/ul>\n<p>&nbsp;<\/p>\n","protected":false},"excerpt":{"rendered":"<ul>\n<li>Diese OP-M\u00e4ntel k\u00f6nnen Chirurgen wirksam vor Infektionen sch\u00fctzen. Es ist die optimale Wahl in Krankenh\u00e4usern und Kliniken f\u00fcr Patientenoperationen und die Isolierung von Fl\u00fcssigkeiten.<\/li>\n<li>Weit verbreitet f\u00fcr Chirurgen tragen w\u00e4hrend der Operation im Krankenhaus, die Behandlung von Patienten. \u00fcberall dort, wo ein Schutz vor Blut, Bakterien und Viren erforderlich ist.<\/li>\n<\/ul>\n<h4>Eigenschaften<\/h4>\n<p>Material: Polypropylen SMS\/SMMS\/SSMMS<\/p>\n<p>Gr\u00f6\u00dfe: 120x140cm, 130x150cm oder individuell<\/p>\n<p>Farbe: Blau, Gr\u00fcn<\/p>\n<p>Typ: Mit Ankn\u00fcpfung oder Klettverschluss. Unsterile oder sterile Packung<\/p>\n<p>Verpackung: 1 St\u00fcck\/Beutel, 100 Beutel\/Karton<\/p>\n<p>&nbsp;<\/p>\n","protected":false},"featured_media":4167,"template":"","meta":{"site-sidebar-layout":"default","site-content-layout":"default","ast-site-content-layout":"default","site-content-style":"default","site-sidebar-style":"default","ast-global-header-display":"","ast-banner-title-visibility":"","ast-main-header-display":"","ast-hfb-above-header-display":"","ast-hfb-below-header-display":"","ast-hfb-mobile-header-display":"","site-post-title":"","ast-breadcrumbs-content":"","ast-featured-img":"","footer-sml-layout":"","ast-disable-related-posts":"","theme-transparent-header-meta":"default","adv-header-id-meta":"","stick-header-meta":"","header-above-stick-meta":"","header-main-stick-meta":"","header-below-stick-meta":"","astra-migrate-meta-layouts":"default","ast-page-background-enabled":"default","ast-page-background-meta":{"desktop":{"background-color":"","background-image":"","background-repeat":"repeat","background-position":"center center","background-size":"auto","background-attachment":"scroll","background-type":"","background-media":"","overlay-type":"","overlay-color":"","overlay-opacity":"","overlay-gradient":""},"tablet":{"background-color":"","background-image":"","background-repeat":"repeat","background-position":"center center","background-size":"auto","background-attachment":"scroll","background-type":"","background-media":"","overlay-type":"","overlay-color":"","overlay-opacity":"","overlay-gradient":""},"mobile":{"background-color":"","background-image":"","background-repeat":"repeat","background-position":"center center","background-size":"auto","background-attachment":"scroll","background-type":"","background-media":"","overlay-type":"","overlay-color":"","overlay-opacity":"","overlay-gradient":""}},"ast-content-background-meta":{"desktop":{"background-color":"var(--ast-global-color-5)","background-image":"","background-repeat":"repeat","background-position":"center center","background-size":"auto","background-attachment":"scroll","background-type":"","background-media":"","overlay-type":"","overlay-color":"","overlay-opacity":"","overlay-gradient":""},"tablet":{"background-color":"var(--ast-global-color-5)","background-image":"","background-repeat":"repeat","background-position":"center center","background-size":"auto","background-attachment":"scroll","background-type":"","background-media":"","overlay-type":"","overlay-color":"","overlay-opacity":"","overlay-gradient":""},"mobile":{"background-color":"var(--ast-global-color-5)","background-image":"","background-repeat":"repeat","background-position":"center center","background-size":"auto","background-attachment":"scroll","background-type":"","background-media":"","overlay-type":"","overlay-color":"","overlay-opacity":"","overlay-gradient":""}}},"product_brand":[],"product_cat":[95],"product_tag":[],"class_list":{"0":"post-4367","1":"product","2":"type-product","3":"status-publish","4":"has-post-thumbnail","6":"product_cat-op-kittel-abdeckungen","7":"desktop-align-center","8":"tablet-align-left","9":"mobile-align-left","11":"first","12":"instock","13":"shipping-taxable","14":"product-type-simple"},"_links":{"self":[{"href":"https:\/\/medposnonwoven.com\/de\/wp-json\/wp\/v2\/product\/4367","targetHints":{"allow":["GET"]}}],"collection":[{"href":"https:\/\/medposnonwoven.com\/de\/wp-json\/wp\/v2\/product"}],"about":[{"href":"https:\/\/medposnonwoven.com\/de\/wp-json\/wp\/v2\/types\/product"}],"wp:featuredmedia":[{"embeddable":true,"href":"https:\/\/medposnonwoven.com\/de\/wp-json\/wp\/v2\/media\/4167"}],"wp:attachment":[{"href":"https:\/\/medposnonwoven.com\/de\/wp-json\/wp\/v2\/media?parent=4367"}],"wp:term":[{"taxonomy":"product_brand","embeddable":true,"href":"https:\/\/medposnonwoven.com\/de\/wp-json\/wp\/v2\/product_brand?post=4367"},{"taxonomy":"product_cat","embeddable":true,"href":"https:\/\/medposnonwoven.com\/de\/wp-json\/wp\/v2\/product_cat?post=4367"},{"taxonomy":"product_tag","embeddable":true,"href":"https:\/\/medposnonwoven.com\/de\/wp-json\/wp\/v2\/product_tag?post=4367"}],"curies":[{"name":"wp","href":"https:\/\/api.w.org\/{rel}","templated":true}]}}