{"id":4368,"date":"2023-01-18T12:54:34","date_gmt":"2023-01-18T12:54:34","guid":{"rendered":"https:\/\/medposnonwoven.com\/product\/sms-vliesstoff\/"},"modified":"2023-04-23T05:59:04","modified_gmt":"2023-04-23T05:59:04","slug":"sms-vliesstoff","status":"publish","type":"product","link":"https:\/\/medposnonwoven.com\/de\/produkt\/sms-vliesstoff\/","title":{"rendered":"SMS Vliesstoff"},"content":{"rendered":"<ul>\n<li>SMS-Gewebe ist ein Verbundvlies aus drei Schichten Spunbond-Meltblown-Spunbon. Das so genannte Ein-Schritt-SMS kann dank des Online-Verbundverfahrens mit Spinnvlies- und Schmelzblasanlagen auf derselben Produktionslinie hergestellt werden. Das erste Spinnd\u00fcsenfilament bildet die erste Faserschicht in derselben Fertigungslinie, gefolgt von einer zweiten Spinnd\u00fcse, die eine zweite Vliesschicht durch die Meltblown-D\u00fcse erzeugt, und schlie\u00dflich einer dritten Spinnd\u00fcse, die eine dritte Vliesschicht bildet. In einem Warmwalzwerk wird dann die dreilagige Bahn verfestigt, und in der Wickelmaschine wird der SMS-Vliesstoff hergestellt.<\/li>\n<li>Wenn SMS-Gehalt hergestellt wird, hat er ausgezeichnete wasserabweisende Eigenschaften. Aus diesem Grund entscheiden sich die Hersteller f\u00fcr den Einsatz von SMS-Material in Artikeln wie Gesichtsmasken, Damenbinden, Babywindeln und Hausmeisteranz\u00fcgen. Au\u00dferdem wird es f\u00fcr Bettzeug, M\u00fctzen und andere medizinische Artikel verwendet. SMS kann mit Antialkohol-, Antiblut-, Anti-\u00d6l-, Antistatik-, Anti-Bakterien-, Anti-Aging- und anderen Behandlungen versehen werden, um sich in einer Vielzahl von Anwendungen zu bew\u00e4hren.<\/li>\n<\/ul>\n<p>&nbsp;<\/p>\n","protected":false},"excerpt":{"rendered":"<ul>\n<li>Dieses Spunmelt-Gewebe besteht aus 100% Polypropylen. Hochtemperaturbest\u00e4ndig, alterungsbest\u00e4ndig, hoch dehnbar, atmungsaktiv, korrosionsbest\u00e4ndig, schalld\u00e4mmend, mottenbest\u00e4ndig, ungiftig. Weiches Gef\u00fchl, umweltfreundlich, recycelbar. Gute Festigkeit und Dehnung.<\/li>\n<li>Weit verbreitet f\u00fcr Medizin, Landwirtschaft, M\u00f6bel, Taschen, Verpackungsmaterial, Autos, Schuhe, Kleidung, Heimtextilien, Hygiene, Industrie usw.<\/li>\n<\/ul>\n<h4>Eigenschaften<\/h4>\n<p>Material: Polypropylen<\/p>\n<p>Gr\u00f6\u00dfe: 10-320cm<\/p>\n<p>Farbe: Blau, Gr\u00fcn, Wei\u00df<\/p>\n<p>Art: SMS\/SMMS\/SSMMS<\/p>\n<p>Verpacken: Wie Anfrage<\/p>\n<p>&nbsp;<\/p>\n","protected":false},"featured_media":4194,"template":"","meta":{"site-sidebar-layout":"default","site-content-layout":"default","ast-site-content-layout":"default","site-content-style":"default","site-sidebar-style":"default","ast-global-header-display":"","ast-banner-title-visibility":"","ast-main-header-display":"","ast-hfb-above-header-display":"","ast-hfb-below-header-display":"","ast-hfb-mobile-header-display":"","site-post-title":"","ast-breadcrumbs-content":"","ast-featured-img":"","footer-sml-layout":"","ast-disable-related-posts":"","theme-transparent-header-meta":"default","adv-header-id-meta":"","stick-header-meta":"","header-above-stick-meta":"","header-main-stick-meta":"","header-below-stick-meta":"","astra-migrate-meta-layouts":"default","ast-page-background-enabled":"default","ast-page-background-meta":{"desktop":{"background-color":"","background-image":"","background-repeat":"repeat","background-position":"center center","background-size":"auto","background-attachment":"scroll","background-type":"","background-media":"","overlay-type":"","overlay-color":"","overlay-opacity":"","overlay-gradient":""},"tablet":{"background-color":"","background-image":"","background-repeat":"repeat","background-position":"center center","background-size":"auto","background-attachment":"scroll","background-type":"","background-media":"","overlay-type":"","overlay-color":"","overlay-opacity":"","overlay-gradient":""},"mobile":{"background-color":"","background-image":"","background-repeat":"repeat","background-position":"center center","background-size":"auto","background-attachment":"scroll","background-type":"","background-media":"","overlay-type":"","overlay-color":"","overlay-opacity":"","overlay-gradient":""}},"ast-content-background-meta":{"desktop":{"background-color":"var(--ast-global-color-5)","background-image":"","background-repeat":"repeat","background-position":"center center","background-size":"auto","background-attachment":"scroll","background-type":"","background-media":"","overlay-type":"","overlay-color":"","overlay-opacity":"","overlay-gradient":""},"tablet":{"background-color":"var(--ast-global-color-5)","background-image":"","background-repeat":"repeat","background-position":"center center","background-size":"auto","background-attachment":"scroll","background-type":"","background-media":"","overlay-type":"","overlay-color":"","overlay-opacity":"","overlay-gradient":""},"mobile":{"background-color":"var(--ast-global-color-5)","background-image":"","background-repeat":"repeat","background-position":"center center","background-size":"auto","background-attachment":"scroll","background-type":"","background-media":"","overlay-type":"","overlay-color":"","overlay-opacity":"","overlay-gradient":""}}},"product_brand":[],"product_cat":[97],"product_tag":[],"class_list":{"0":"post-4368","1":"product","2":"type-product","3":"status-publish","4":"has-post-thumbnail","6":"product_cat-nicht-gewebte-stoffe","7":"desktop-align-center","8":"tablet-align-left","9":"mobile-align-left","11":"first","12":"instock","13":"shipping-taxable","14":"product-type-simple"},"_links":{"self":[{"href":"https:\/\/medposnonwoven.com\/de\/wp-json\/wp\/v2\/product\/4368","targetHints":{"allow":["GET"]}}],"collection":[{"href":"https:\/\/medposnonwoven.com\/de\/wp-json\/wp\/v2\/product"}],"about":[{"href":"https:\/\/medposnonwoven.com\/de\/wp-json\/wp\/v2\/types\/product"}],"wp:featuredmedia":[{"embeddable":true,"href":"https:\/\/medposnonwoven.com\/de\/wp-json\/wp\/v2\/media\/4194"}],"wp:attachment":[{"href":"https:\/\/medposnonwoven.com\/de\/wp-json\/wp\/v2\/media?parent=4368"}],"wp:term":[{"taxonomy":"product_brand","embeddable":true,"href":"https:\/\/medposnonwoven.com\/de\/wp-json\/wp\/v2\/product_brand?post=4368"},{"taxonomy":"product_cat","embeddable":true,"href":"https:\/\/medposnonwoven.com\/de\/wp-json\/wp\/v2\/product_cat?post=4368"},{"taxonomy":"product_tag","embeddable":true,"href":"https:\/\/medposnonwoven.com\/de\/wp-json\/wp\/v2\/product_tag?post=4368"}],"curies":[{"name":"wp","href":"https:\/\/api.w.org\/{rel}","templated":true}]}}