{"id":4369,"date":"2023-01-17T16:32:57","date_gmt":"2023-01-17T16:32:57","guid":{"rendered":"https:\/\/medposnonwoven.com\/product\/kaiserschnitt-chirurgische-packung\/"},"modified":"2023-04-23T06:08:22","modified_gmt":"2023-04-23T06:08:22","slug":"kaiserschnitt-chirurgische-packung","status":"publish","type":"product","link":"https:\/\/medposnonwoven.com\/de\/produkt\/kaiserschnitt-chirurgische-packung\/","title":{"rendered":"Kaiserschnitt Chirurgische Packung"},"content":{"rendered":"<p><strong>Merkmale:<\/strong><\/p>\n<p>Isolierung: Isolierung kontaminierter Bereiche von Betriebsbereichen.<\/p>\n<p>Barriere: Verhindert das Eindringen von Fl\u00fcssigkeit und Mikroben.<\/p>\n<p>Fl\u00fcssigkeitskontrolle: Auffangen von K\u00f6rperfl\u00fcssigkeiten und Sp\u00fcll\u00f6sungen<\/p>\n<p>Komfortabel: leichtes Gewicht, weich, atmungsaktiv.<\/p>\n<p>Weich, fusselfrei, leicht, kompakt, feuchtigkeitsbest\u00e4ndig, nicht reizend und statikfrei<\/p>\n<p>&nbsp;<\/p>\n<p><strong>Spezifikationen:<\/strong><\/p>\n<ol>\n<li>Verst\u00e4rkter OP-Kittel 3tlg. L<\/li>\n<li>Abdecktuch f\u00fcr Kaiserschnitt 1 Stk. 240\u00d7300\u00d7195cm<\/li>\n<li>Mayo Stand Abdeckung 1pc 145\u00d776cm<\/li>\n<li>Zur\u00fcck Tischabdeckung 1pc 140\u00d7190cm<\/li>\n<li>Babydecke 1St\u00fcck 60x90cm<\/li>\n<li>Handtuch 4St\u00fcck 30\u00d740cm<\/li>\n<\/ol>\n<p>&nbsp;<\/p>\n","protected":false},"excerpt":{"rendered":"<ul>\n<li>Das Chirurgiepaket f\u00fcr den Kaiserschnitt ist eine ma\u00dfgeschneiderte L\u00f6sung f\u00fcr Krankenhausoperationen. Sie sind steril verpackt, um Zeit zu sparen und die Kosten f\u00fcr die Einrichtung des Operationssaals zu senken. Jedes Caesarean Drape Pack enth\u00e4lt ein Abdecktuch f\u00fcr den Kaiserschnitt, einen verst\u00e4rkten OP-Kittel, eine Abdeckung f\u00fcr den R\u00fcckentisch, eine Abdeckung f\u00fcr den Mayostand usw.<\/li>\n<\/ul>\n<h4>Eigenschaften<\/h4>\n<p>Material: SMS,SSMMS,SMMMS, PE+SMS,PE+Hydrophiles PP, PE+Viskose<\/p>\n<p>Gr\u00f6\u00dfe: Wie unten angegeben<\/p>\n<p>Farbe: Blau, Gr\u00fcn<\/p>\n<p>Art: Medizinische Verbrauchsg\u00fcter<\/p>\n<p>Verpackung: 1 St\u00fcck\/Packung, 10 Packungen\/Karton<\/p>\n<p>&nbsp;<\/p>\n","protected":false},"featured_media":4179,"template":"","meta":{"site-sidebar-layout":"default","site-content-layout":"default","ast-site-content-layout":"default","site-content-style":"default","site-sidebar-style":"default","ast-global-header-display":"","ast-banner-title-visibility":"","ast-main-header-display":"","ast-hfb-above-header-display":"","ast-hfb-below-header-display":"","ast-hfb-mobile-header-display":"","site-post-title":"","ast-breadcrumbs-content":"","ast-featured-img":"","footer-sml-layout":"","ast-disable-related-posts":"","theme-transparent-header-meta":"default","adv-header-id-meta":"","stick-header-meta":"","header-above-stick-meta":"","header-main-stick-meta":"","header-below-stick-meta":"","astra-migrate-meta-layouts":"default","ast-page-background-enabled":"default","ast-page-background-meta":{"desktop":{"background-color":"","background-image":"","background-repeat":"repeat","background-position":"center center","background-size":"auto","background-attachment":"scroll","background-type":"","background-media":"","overlay-type":"","overlay-color":"","overlay-opacity":"","overlay-gradient":""},"tablet":{"background-color":"","background-image":"","background-repeat":"repeat","background-position":"center center","background-size":"auto","background-attachment":"scroll","background-type":"","background-media":"","overlay-type":"","overlay-color":"","overlay-opacity":"","overlay-gradient":""},"mobile":{"background-color":"","background-image":"","background-repeat":"repeat","background-position":"center center","background-size":"auto","background-attachment":"scroll","background-type":"","background-media":"","overlay-type":"","overlay-color":"","overlay-opacity":"","overlay-gradient":""}},"ast-content-background-meta":{"desktop":{"background-color":"var(--ast-global-color-5)","background-image":"","background-repeat":"repeat","background-position":"center center","background-size":"auto","background-attachment":"scroll","background-type":"","background-media":"","overlay-type":"","overlay-color":"","overlay-opacity":"","overlay-gradient":""},"tablet":{"background-color":"var(--ast-global-color-5)","background-image":"","background-repeat":"repeat","background-position":"center center","background-size":"auto","background-attachment":"scroll","background-type":"","background-media":"","overlay-type":"","overlay-color":"","overlay-opacity":"","overlay-gradient":""},"mobile":{"background-color":"var(--ast-global-color-5)","background-image":"","background-repeat":"repeat","background-position":"center center","background-size":"auto","background-attachment":"scroll","background-type":"","background-media":"","overlay-type":"","overlay-color":"","overlay-opacity":"","overlay-gradient":""}}},"product_brand":[],"product_cat":[95],"product_tag":[],"class_list":{"0":"post-4369","1":"product","2":"type-product","3":"status-publish","4":"has-post-thumbnail","6":"product_cat-op-kittel-abdeckungen","7":"desktop-align-center","8":"tablet-align-left","9":"mobile-align-left","11":"first","12":"instock","13":"shipping-taxable","14":"product-type-simple"},"_links":{"self":[{"href":"https:\/\/medposnonwoven.com\/de\/wp-json\/wp\/v2\/product\/4369","targetHints":{"allow":["GET"]}}],"collection":[{"href":"https:\/\/medposnonwoven.com\/de\/wp-json\/wp\/v2\/product"}],"about":[{"href":"https:\/\/medposnonwoven.com\/de\/wp-json\/wp\/v2\/types\/product"}],"wp:featuredmedia":[{"embeddable":true,"href":"https:\/\/medposnonwoven.com\/de\/wp-json\/wp\/v2\/media\/4179"}],"wp:attachment":[{"href":"https:\/\/medposnonwoven.com\/de\/wp-json\/wp\/v2\/media?parent=4369"}],"wp:term":[{"taxonomy":"product_brand","embeddable":true,"href":"https:\/\/medposnonwoven.com\/de\/wp-json\/wp\/v2\/product_brand?post=4369"},{"taxonomy":"product_cat","embeddable":true,"href":"https:\/\/medposnonwoven.com\/de\/wp-json\/wp\/v2\/product_cat?post=4369"},{"taxonomy":"product_tag","embeddable":true,"href":"https:\/\/medposnonwoven.com\/de\/wp-json\/wp\/v2\/product_tag?post=4369"}],"curies":[{"name":"wp","href":"https:\/\/api.w.org\/{rel}","templated":true}]}}