{"id":4371,"date":"2023-01-16T17:08:49","date_gmt":"2023-01-16T17:08:49","guid":{"rendered":"https:\/\/medposnonwoven.com\/product\/einweg-pedikuere-einlagen\/"},"modified":"2023-04-23T06:18:35","modified_gmt":"2023-04-23T06:18:35","slug":"einweg-pedikuere-einlagen","status":"publish","type":"product","link":"https:\/\/medposnonwoven.com\/de\/produkt\/einweg-pedikuere-einlagen\/","title":{"rendered":"Einweg-Pedik\u00fcre-Einlagen"},"content":{"rendered":"<p>Eine schnelle und effektive Methode f\u00fcr eine saubere Pedik\u00fcre. Reinigung oder Schrubben sind dank der Einweg-Liner nicht notwendig. Diese Einlagen verringern das Risiko von Hautempfindlichkeiten oder Hautausschl\u00e4gen, die durch Chemikalien verursacht werden, die zur Reinigung der Pedik\u00fcrewannen zwischen den Kunden verwendet werden. Sie sind einfach aufzubewahren, zu entsorgen und f\u00fcr unsere umweltbewussten Kunden.<\/p>\n","protected":false},"excerpt":{"rendered":"<ul>\n<li>Einweg-Badewanneneinlagen bestehen aus hochwertigem, dickem, klarem PE-Material, das auslaufsicher und geruchsneutral ist, eine hervorragende Haltbarkeit bei gro\u00dfen Mengen aufweist und hohen Temperaturen standh\u00e4lt.<\/li>\n<li>Weit verbreitet bei Fachleuten und Verbrauchern f\u00fcr Pedik\u00fcre und Pedik\u00fcre-Massage in Salons, Spas, auf Reisen und zu Hause.<\/li>\n<\/ul>\n<h4>Eigenschaften<\/h4>\n<p>Material: Polyethylen PE<\/p>\n<p>Gr\u00f6\u00dfe: 122x122cm oder kundenspezifisch<\/p>\n<p>Farbe: Klar, Blau<\/p>\n<p>Typ:Einweg, Langlebig, Sanit\u00e4r<\/p>\n<p>Verpackung: 100 St\u00fcck\/Beutel, 10 Beutel\/Karton<\/p>\n<p>&nbsp;<\/p>\n","protected":false},"featured_media":4165,"template":"","meta":{"site-sidebar-layout":"default","site-content-layout":"default","ast-site-content-layout":"default","site-content-style":"default","site-sidebar-style":"default","ast-global-header-display":"","ast-banner-title-visibility":"","ast-main-header-display":"","ast-hfb-above-header-display":"","ast-hfb-below-header-display":"","ast-hfb-mobile-header-display":"","site-post-title":"","ast-breadcrumbs-content":"","ast-featured-img":"","footer-sml-layout":"","ast-disable-related-posts":"","theme-transparent-header-meta":"default","adv-header-id-meta":"","stick-header-meta":"","header-above-stick-meta":"","header-main-stick-meta":"","header-below-stick-meta":"","astra-migrate-meta-layouts":"default","ast-page-background-enabled":"default","ast-page-background-meta":{"desktop":{"background-color":"","background-image":"","background-repeat":"repeat","background-position":"center center","background-size":"auto","background-attachment":"scroll","background-type":"","background-media":"","overlay-type":"","overlay-color":"","overlay-opacity":"","overlay-gradient":""},"tablet":{"background-color":"","background-image":"","background-repeat":"repeat","background-position":"center center","background-size":"auto","background-attachment":"scroll","background-type":"","background-media":"","overlay-type":"","overlay-color":"","overlay-opacity":"","overlay-gradient":""},"mobile":{"background-color":"","background-image":"","background-repeat":"repeat","background-position":"center center","background-size":"auto","background-attachment":"scroll","background-type":"","background-media":"","overlay-type":"","overlay-color":"","overlay-opacity":"","overlay-gradient":""}},"ast-content-background-meta":{"desktop":{"background-color":"var(--ast-global-color-5)","background-image":"","background-repeat":"repeat","background-position":"center center","background-size":"auto","background-attachment":"scroll","background-type":"","background-media":"","overlay-type":"","overlay-color":"","overlay-opacity":"","overlay-gradient":""},"tablet":{"background-color":"var(--ast-global-color-5)","background-image":"","background-repeat":"repeat","background-position":"center center","background-size":"auto","background-attachment":"scroll","background-type":"","background-media":"","overlay-type":"","overlay-color":"","overlay-opacity":"","overlay-gradient":""},"mobile":{"background-color":"var(--ast-global-color-5)","background-image":"","background-repeat":"repeat","background-position":"center center","background-size":"auto","background-attachment":"scroll","background-type":"","background-media":"","overlay-type":"","overlay-color":"","overlay-opacity":"","overlay-gradient":""}}},"product_brand":[],"product_cat":[96],"product_tag":[],"class_list":{"0":"post-4371","1":"product","2":"type-product","3":"status-publish","4":"has-post-thumbnail","6":"product_cat-spa-beauty-einwegartikel","7":"desktop-align-center","8":"tablet-align-left","9":"mobile-align-left","11":"first","12":"instock","13":"shipping-taxable","14":"product-type-simple"},"_links":{"self":[{"href":"https:\/\/medposnonwoven.com\/de\/wp-json\/wp\/v2\/product\/4371","targetHints":{"allow":["GET"]}}],"collection":[{"href":"https:\/\/medposnonwoven.com\/de\/wp-json\/wp\/v2\/product"}],"about":[{"href":"https:\/\/medposnonwoven.com\/de\/wp-json\/wp\/v2\/types\/product"}],"wp:featuredmedia":[{"embeddable":true,"href":"https:\/\/medposnonwoven.com\/de\/wp-json\/wp\/v2\/media\/4165"}],"wp:attachment":[{"href":"https:\/\/medposnonwoven.com\/de\/wp-json\/wp\/v2\/media?parent=4371"}],"wp:term":[{"taxonomy":"product_brand","embeddable":true,"href":"https:\/\/medposnonwoven.com\/de\/wp-json\/wp\/v2\/product_brand?post=4371"},{"taxonomy":"product_cat","embeddable":true,"href":"https:\/\/medposnonwoven.com\/de\/wp-json\/wp\/v2\/product_cat?post=4371"},{"taxonomy":"product_tag","embeddable":true,"href":"https:\/\/medposnonwoven.com\/de\/wp-json\/wp\/v2\/product_tag?post=4371"}],"curies":[{"name":"wp","href":"https:\/\/api.w.org\/{rel}","templated":true}]}}