{"id":4372,"date":"2023-01-18T09:51:40","date_gmt":"2023-01-18T09:51:40","guid":{"rendered":"https:\/\/medposnonwoven.com\/product\/spunbond-vliesstoff\/"},"modified":"2023-04-23T06:00:58","modified_gmt":"2023-04-23T06:00:58","slug":"spunbond-vliesstoff","status":"publish","type":"product","link":"https:\/\/medposnonwoven.com\/de\/produkt\/spunbond-vliesstoff\/","title":{"rendered":"Spunbond Vliesstoff"},"content":{"rendered":"<ul>\n<li>Spinnvliese entstehen durch den kontinuierlichen Prozess des Spinnens von Fasern, die dann entweder mit Luftstr\u00f6men gef\u00fchrt oder sofort zu einer bahnartigen Struktur verstreut werden. Das Ergebnis dieser Technik ist eine h\u00f6here Bandgeschwindigkeit. Diese werden h\u00e4ufig in Form von Bahnen oder Vliesen hergestellt, die durch verschlungene Fasern oder Filamente mittels thermischer oder chemischer Behandlungen verbunden werden, je nachdem, was der Hersteller oder Lieferant von Spinnvliesstoffen vorschreibt.<\/li>\n<li>Vliesstoff aus Polypropylen wird aus thermoplastischen Polymeren wie PP oder Polypropylen hergestellt, ist aber so konzipiert, dass er einem Vliesstoff \u00e4hnelt. Es wird haupts\u00e4chlich f\u00fcr Vliesstoffs\u00e4cke, Einlagen, Overalls f\u00fcr medizinisches Personal, Masken, Filter usw. verwendet. In der Mode- und Gesundheitsbranche erfreut es sich immer gr\u00f6\u00dferer Beliebtheit.<\/li>\n<\/ul>\n<p>&nbsp;<\/p>\n","protected":false},"excerpt":{"rendered":"<ul>\n<li>Dieses Spinnvlies besteht aus 100% Polypropylen. Hochtemperaturbest\u00e4ndig, alterungsbest\u00e4ndig, hoch dehnbar, atmungsaktiv, korrosionsbest\u00e4ndig, schalld\u00e4mmend, mottenbest\u00e4ndig, ungiftig. Weiches Gef\u00fchl, umweltfreundlich, recycelbar, atmungsaktiv. Gute Festigkeit und Dehnung.<\/li>\n<li>Weit verbreitet in den Bereichen Landwirtschaft, M\u00f6bel, Taschen, Verpackungsmaterial, Auto, Schuhe, Kleidung, Heimtextilien, Krankenhaus, Hygiene, Industrie usw.<\/li>\n<\/ul>\n<h4>Eigenschaften<\/h4>\n<p>Material: Polypropylen<\/p>\n<p>Gr\u00f6\u00dfe: 10-320cm<\/p>\n<p>Farbe: Blau, Gr\u00fcn, Wei\u00df<\/p>\n<p>Typ:S\/SS\/SSS, hydrophil oder hydrophob<\/p>\n<p>Verpacken: Wie Anfrage<\/p>\n<p>&nbsp;<\/p>\n","protected":false},"featured_media":4190,"template":"","meta":{"site-sidebar-layout":"default","site-content-layout":"default","ast-site-content-layout":"default","site-content-style":"default","site-sidebar-style":"default","ast-global-header-display":"","ast-banner-title-visibility":"","ast-main-header-display":"","ast-hfb-above-header-display":"","ast-hfb-below-header-display":"","ast-hfb-mobile-header-display":"","site-post-title":"","ast-breadcrumbs-content":"","ast-featured-img":"","footer-sml-layout":"","ast-disable-related-posts":"","theme-transparent-header-meta":"default","adv-header-id-meta":"","stick-header-meta":"","header-above-stick-meta":"","header-main-stick-meta":"","header-below-stick-meta":"","astra-migrate-meta-layouts":"default","ast-page-background-enabled":"default","ast-page-background-meta":{"desktop":{"background-color":"","background-image":"","background-repeat":"repeat","background-position":"center center","background-size":"auto","background-attachment":"scroll","background-type":"","background-media":"","overlay-type":"","overlay-color":"","overlay-opacity":"","overlay-gradient":""},"tablet":{"background-color":"","background-image":"","background-repeat":"repeat","background-position":"center center","background-size":"auto","background-attachment":"scroll","background-type":"","background-media":"","overlay-type":"","overlay-color":"","overlay-opacity":"","overlay-gradient":""},"mobile":{"background-color":"","background-image":"","background-repeat":"repeat","background-position":"center center","background-size":"auto","background-attachment":"scroll","background-type":"","background-media":"","overlay-type":"","overlay-color":"","overlay-opacity":"","overlay-gradient":""}},"ast-content-background-meta":{"desktop":{"background-color":"var(--ast-global-color-5)","background-image":"","background-repeat":"repeat","background-position":"center center","background-size":"auto","background-attachment":"scroll","background-type":"","background-media":"","overlay-type":"","overlay-color":"","overlay-opacity":"","overlay-gradient":""},"tablet":{"background-color":"var(--ast-global-color-5)","background-image":"","background-repeat":"repeat","background-position":"center center","background-size":"auto","background-attachment":"scroll","background-type":"","background-media":"","overlay-type":"","overlay-color":"","overlay-opacity":"","overlay-gradient":""},"mobile":{"background-color":"var(--ast-global-color-5)","background-image":"","background-repeat":"repeat","background-position":"center center","background-size":"auto","background-attachment":"scroll","background-type":"","background-media":"","overlay-type":"","overlay-color":"","overlay-opacity":"","overlay-gradient":""}}},"product_brand":[],"product_cat":[97],"product_tag":[],"class_list":{"0":"post-4372","1":"product","2":"type-product","3":"status-publish","4":"has-post-thumbnail","6":"product_cat-nicht-gewebte-stoffe","7":"desktop-align-center","8":"tablet-align-left","9":"mobile-align-left","11":"first","12":"instock","13":"shipping-taxable","14":"product-type-simple"},"_links":{"self":[{"href":"https:\/\/medposnonwoven.com\/de\/wp-json\/wp\/v2\/product\/4372","targetHints":{"allow":["GET"]}}],"collection":[{"href":"https:\/\/medposnonwoven.com\/de\/wp-json\/wp\/v2\/product"}],"about":[{"href":"https:\/\/medposnonwoven.com\/de\/wp-json\/wp\/v2\/types\/product"}],"wp:featuredmedia":[{"embeddable":true,"href":"https:\/\/medposnonwoven.com\/de\/wp-json\/wp\/v2\/media\/4190"}],"wp:attachment":[{"href":"https:\/\/medposnonwoven.com\/de\/wp-json\/wp\/v2\/media?parent=4372"}],"wp:term":[{"taxonomy":"product_brand","embeddable":true,"href":"https:\/\/medposnonwoven.com\/de\/wp-json\/wp\/v2\/product_brand?post=4372"},{"taxonomy":"product_cat","embeddable":true,"href":"https:\/\/medposnonwoven.com\/de\/wp-json\/wp\/v2\/product_cat?post=4372"},{"taxonomy":"product_tag","embeddable":true,"href":"https:\/\/medposnonwoven.com\/de\/wp-json\/wp\/v2\/product_tag?post=4372"}],"curies":[{"name":"wp","href":"https:\/\/api.w.org\/{rel}","templated":true}]}}