{"id":4373,"date":"2023-01-17T16:07:42","date_gmt":"2023-01-17T16:07:42","guid":{"rendered":"https:\/\/medposnonwoven.com\/product\/chirurgisches-universalpaket\/"},"modified":"2023-04-23T06:08:54","modified_gmt":"2023-04-23T06:08:54","slug":"chirurgisches-universalpaket","status":"publish","type":"product","link":"https:\/\/medposnonwoven.com\/de\/produkt\/chirurgisches-universalpaket\/","title":{"rendered":"Chirurgisches Universalpaket"},"content":{"rendered":"<p><strong>Merkmale:<\/strong><\/p>\n<p>1. die F\u00e4higkeit, alle Abf\u00e4lle aus der Behandlung des Patienten in einem Arbeitsgang zu absorbieren, schlie\u00dft Kreuzkontaminationen wirksam aus.<\/p>\n<p>2) OP-M\u00e4ntel und Abdeckungen aus hochwertigen Materialien sind extrem saugf\u00e4hig und resistent gegen Verunreinigungen, und die atmungsaktiven M\u00e4ntel sorgen f\u00fcr ein angenehmes Gef\u00fchl beim Chirurgen.<\/p>\n<p>3. absorbiert schnell Blut und andere Fl\u00fcssigkeiten, die nach der Operation auftreten, so dass der Chirurg eine klare Sicht hat und die Operation erleichtert wird.<\/p>\n<p>4. sterile und sichere Einwegverpackungen f\u00fcr chirurgische Kits, g\u00fcltig f\u00fcr drei Jahre.<\/p>\n<p><strong>Spezifikationen:<\/strong><\/p>\n<ol>\n<li>Verst\u00e4rkter OP-Kittel 2St. L<\/li>\n<li>Selbstklebende Seitenabdeckung 2 St\u00fcck 75\u00d790cm<\/li>\n<li>Selbstklebendes Bodentuch 1St\u00fcck 150\u00d7180cm<\/li>\n<li>Selbstklebendes Obertuch 1St\u00fcck 150\u00d7240cm<\/li>\n<li>Mayo Stand Abdeckung 1pc 145\u00d775cm<\/li>\n<li>Zur\u00fcck Tischabdeckung 1pc 140\u00d7190cm<\/li>\n<li>Handtuch 4St\u00fcck 30\u00d740cm<\/li>\n<\/ol>\n<p>&nbsp;<\/p>\n<p>&nbsp;<\/p>\n","protected":false},"excerpt":{"rendered":"<ul>\n<li>Das universelle OP-Paket ist eine ma\u00dfgeschneiderte L\u00f6sung f\u00fcr den Krankenhausbetrieb. Sie sind steril verpackt, um Zeit zu sparen und die Kosten f\u00fcr die Einrichtung des Operationssaals zu senken. Jede sterile Einweg-Verpackung enth\u00e4lt einen verst\u00e4rkten OP-Kittel, einen R\u00fcckentischbezug, eine selbstklebende Seitenabdeckung, eine Umh\u00fcllung, usw.<\/li>\n<\/ul>\n<h4>Eigenschaften<\/h4>\n<p>Material: SMS,SSMMS,SMMMS, PE+SMS,PE+Hydrophiles PP, PE+Viskose<\/p>\n<p>Gr\u00f6\u00dfe: Wie unten angegeben<\/p>\n<p>Farbe: Blau, Gr\u00fcn<\/p>\n<p>Art: Medizinische Verbrauchsg\u00fcter<\/p>\n<p>Verpackung: 1 St\u00fcck\/Packung, 10 Packungen\/Karton<\/p>\n<p>&nbsp;<\/p>\n<p>&nbsp;<\/p>\n","protected":false},"featured_media":4177,"template":"","meta":{"site-sidebar-layout":"default","site-content-layout":"default","ast-site-content-layout":"default","site-content-style":"default","site-sidebar-style":"default","ast-global-header-display":"","ast-banner-title-visibility":"","ast-main-header-display":"","ast-hfb-above-header-display":"","ast-hfb-below-header-display":"","ast-hfb-mobile-header-display":"","site-post-title":"","ast-breadcrumbs-content":"","ast-featured-img":"","footer-sml-layout":"","ast-disable-related-posts":"","theme-transparent-header-meta":"default","adv-header-id-meta":"","stick-header-meta":"","header-above-stick-meta":"","header-main-stick-meta":"","header-below-stick-meta":"","astra-migrate-meta-layouts":"default","ast-page-background-enabled":"default","ast-page-background-meta":{"desktop":{"background-color":"","background-image":"","background-repeat":"repeat","background-position":"center center","background-size":"auto","background-attachment":"scroll","background-type":"","background-media":"","overlay-type":"","overlay-color":"","overlay-opacity":"","overlay-gradient":""},"tablet":{"background-color":"","background-image":"","background-repeat":"repeat","background-position":"center center","background-size":"auto","background-attachment":"scroll","background-type":"","background-media":"","overlay-type":"","overlay-color":"","overlay-opacity":"","overlay-gradient":""},"mobile":{"background-color":"","background-image":"","background-repeat":"repeat","background-position":"center center","background-size":"auto","background-attachment":"scroll","background-type":"","background-media":"","overlay-type":"","overlay-color":"","overlay-opacity":"","overlay-gradient":""}},"ast-content-background-meta":{"desktop":{"background-color":"var(--ast-global-color-5)","background-image":"","background-repeat":"repeat","background-position":"center center","background-size":"auto","background-attachment":"scroll","background-type":"","background-media":"","overlay-type":"","overlay-color":"","overlay-opacity":"","overlay-gradient":""},"tablet":{"background-color":"var(--ast-global-color-5)","background-image":"","background-repeat":"repeat","background-position":"center center","background-size":"auto","background-attachment":"scroll","background-type":"","background-media":"","overlay-type":"","overlay-color":"","overlay-opacity":"","overlay-gradient":""},"mobile":{"background-color":"var(--ast-global-color-5)","background-image":"","background-repeat":"repeat","background-position":"center center","background-size":"auto","background-attachment":"scroll","background-type":"","background-media":"","overlay-type":"","overlay-color":"","overlay-opacity":"","overlay-gradient":""}}},"product_brand":[],"product_cat":[95],"product_tag":[],"class_list":{"0":"post-4373","1":"product","2":"type-product","3":"status-publish","4":"has-post-thumbnail","6":"product_cat-op-kittel-abdeckungen","7":"desktop-align-center","8":"tablet-align-left","9":"mobile-align-left","11":"first","12":"instock","13":"shipping-taxable","14":"product-type-simple"},"_links":{"self":[{"href":"https:\/\/medposnonwoven.com\/de\/wp-json\/wp\/v2\/product\/4373","targetHints":{"allow":["GET"]}}],"collection":[{"href":"https:\/\/medposnonwoven.com\/de\/wp-json\/wp\/v2\/product"}],"about":[{"href":"https:\/\/medposnonwoven.com\/de\/wp-json\/wp\/v2\/types\/product"}],"wp:featuredmedia":[{"embeddable":true,"href":"https:\/\/medposnonwoven.com\/de\/wp-json\/wp\/v2\/media\/4177"}],"wp:attachment":[{"href":"https:\/\/medposnonwoven.com\/de\/wp-json\/wp\/v2\/media?parent=4373"}],"wp:term":[{"taxonomy":"product_brand","embeddable":true,"href":"https:\/\/medposnonwoven.com\/de\/wp-json\/wp\/v2\/product_brand?post=4373"},{"taxonomy":"product_cat","embeddable":true,"href":"https:\/\/medposnonwoven.com\/de\/wp-json\/wp\/v2\/product_cat?post=4373"},{"taxonomy":"product_tag","embeddable":true,"href":"https:\/\/medposnonwoven.com\/de\/wp-json\/wp\/v2\/product_tag?post=4373"}],"curies":[{"name":"wp","href":"https:\/\/api.w.org\/{rel}","templated":true}]}}