{"id":4375,"date":"2023-01-13T15:23:09","date_gmt":"2023-01-13T15:23:09","guid":{"rendered":"https:\/\/medposnonwoven.com\/product\/blaue-pe-einweg-armstulpen\/"},"modified":"2023-04-23T09:07:34","modified_gmt":"2023-04-23T09:07:34","slug":"blaue-pe-einweg-armstulpen","status":"publish","type":"product","link":"https:\/\/medposnonwoven.com\/de\/produkt\/blaue-pe-einweg-armstulpen\/","title":{"rendered":"Blaue PE-Einweg-Armstulpen"},"content":{"rendered":"<ul>\n<li>Als zus\u00e4tzliche Schutzschicht k\u00f6nnen diese Einwegh\u00fcllen \u00fcber der Kleidung getragen werden, um Ihren Unterarm vor Schmutz, versch\u00fctteten Fl\u00fcssigkeiten, Dreck, Pulverschadstoffen und Partikelbarrieren zu sch\u00fctzen. und bietet auch nach stundenlangem Gebrauch noch hohen Komfort. Sie sind aus weichem und strapazierf\u00e4higem Kunststoff gefertigt, der leicht und angenehm zu tragen ist. Diese Einwegh\u00fcllen k\u00f6nnen mehrfach wiederverwendet werden, da sie nicht zerbrechlich sind. An den Enden befinden sich zwei Bandringe, die verhindern, dass die \u00c4rmel nass werden, und die den Bezug in Position halten. Die Einheitsgr\u00f6\u00dfe passt jedem und erm\u00f6glicht einen einfachen und passgenauen Sitz.<\/li>\n<\/ul>\n<p>&nbsp;<\/p>\n","protected":false},"excerpt":{"rendered":"<ul>\n<li>Einweg\u00fcberzieher werden nur einmal verwendet und sind aus hochwertigem Polyethylen hergestellt. Beim Tragen sind die Arm- und \u00c4rmel\u00fcberz\u00fcge sehr bequem und stabil. leicht und sicher mit bequemen elastischen \u00c4rmeln.<\/li>\n<li>Weit verbreitet im Umgang mit Lebensmitteln und bei Nassarbeiten, bei der Reinigung von R\u00e4umen, in der Elektronikproduktion, in der Verpackungsindustrie, bei Reinigungskr\u00e4ften, Dekorateuren und Handwerkern.<\/li>\n<\/ul>\n<h4>Eigenschaften<\/h4>\n<p>Material: Polyethylen (LDPE)<\/p>\n<p>Gr\u00f6\u00dfe: 16\u2033(40 x 20cm) , 18\u2033 (45 x 22cm)<\/p>\n<p>Farbe: Blau, Wei\u00df<\/p>\n<p>Art: Gepr\u00e4gte oder glatte Oberfl\u00e4che, elastische Enden<\/p>\n<p>Verpackung: 100 St\u00fcck\/Beutel, 20 Beutel\/Karton<\/p>\n<p>&nbsp;<\/p>\n<p>&nbsp;<\/p>\n<p>&nbsp;<\/p>\n","protected":false},"featured_media":4112,"template":"","meta":{"site-sidebar-layout":"default","site-content-layout":"default","ast-site-content-layout":"default","site-content-style":"default","site-sidebar-style":"default","ast-global-header-display":"","ast-banner-title-visibility":"","ast-main-header-display":"","ast-hfb-above-header-display":"","ast-hfb-below-header-display":"","ast-hfb-mobile-header-display":"","site-post-title":"","ast-breadcrumbs-content":"","ast-featured-img":"","footer-sml-layout":"","ast-disable-related-posts":"","theme-transparent-header-meta":"default","adv-header-id-meta":"","stick-header-meta":"","header-above-stick-meta":"","header-main-stick-meta":"","header-below-stick-meta":"","astra-migrate-meta-layouts":"default","ast-page-background-enabled":"default","ast-page-background-meta":{"desktop":{"background-color":"","background-image":"","background-repeat":"repeat","background-position":"center center","background-size":"auto","background-attachment":"scroll","background-type":"","background-media":"","overlay-type":"","overlay-color":"","overlay-opacity":"","overlay-gradient":""},"tablet":{"background-color":"","background-image":"","background-repeat":"repeat","background-position":"center center","background-size":"auto","background-attachment":"scroll","background-type":"","background-media":"","overlay-type":"","overlay-color":"","overlay-opacity":"","overlay-gradient":""},"mobile":{"background-color":"","background-image":"","background-repeat":"repeat","background-position":"center center","background-size":"auto","background-attachment":"scroll","background-type":"","background-media":"","overlay-type":"","overlay-color":"","overlay-opacity":"","overlay-gradient":""}},"ast-content-background-meta":{"desktop":{"background-color":"var(--ast-global-color-5)","background-image":"","background-repeat":"repeat","background-position":"center center","background-size":"auto","background-attachment":"scroll","background-type":"","background-media":"","overlay-type":"","overlay-color":"","overlay-opacity":"","overlay-gradient":""},"tablet":{"background-color":"var(--ast-global-color-5)","background-image":"","background-repeat":"repeat","background-position":"center center","background-size":"auto","background-attachment":"scroll","background-type":"","background-media":"","overlay-type":"","overlay-color":"","overlay-opacity":"","overlay-gradient":""},"mobile":{"background-color":"var(--ast-global-color-5)","background-image":"","background-repeat":"repeat","background-position":"center center","background-size":"auto","background-attachment":"scroll","background-type":"","background-media":"","overlay-type":"","overlay-color":"","overlay-opacity":"","overlay-gradient":""}}},"product_brand":[],"product_cat":[99],"product_tag":[],"class_list":{"0":"post-4375","1":"product","2":"type-product","3":"status-publish","4":"has-post-thumbnail","6":"product_cat-einweghulsenabdeckungen","7":"desktop-align-center","8":"tablet-align-left","9":"mobile-align-left","11":"first","12":"instock","13":"shipping-taxable","14":"product-type-simple"},"_links":{"self":[{"href":"https:\/\/medposnonwoven.com\/de\/wp-json\/wp\/v2\/product\/4375","targetHints":{"allow":["GET"]}}],"collection":[{"href":"https:\/\/medposnonwoven.com\/de\/wp-json\/wp\/v2\/product"}],"about":[{"href":"https:\/\/medposnonwoven.com\/de\/wp-json\/wp\/v2\/types\/product"}],"wp:featuredmedia":[{"embeddable":true,"href":"https:\/\/medposnonwoven.com\/de\/wp-json\/wp\/v2\/media\/4112"}],"wp:attachment":[{"href":"https:\/\/medposnonwoven.com\/de\/wp-json\/wp\/v2\/media?parent=4375"}],"wp:term":[{"taxonomy":"product_brand","embeddable":true,"href":"https:\/\/medposnonwoven.com\/de\/wp-json\/wp\/v2\/product_brand?post=4375"},{"taxonomy":"product_cat","embeddable":true,"href":"https:\/\/medposnonwoven.com\/de\/wp-json\/wp\/v2\/product_cat?post=4375"},{"taxonomy":"product_tag","embeddable":true,"href":"https:\/\/medposnonwoven.com\/de\/wp-json\/wp\/v2\/product_tag?post=4375"}],"curies":[{"name":"wp","href":"https:\/\/api.w.org\/{rel}","templated":true}]}}