{"id":4376,"date":"2023-01-14T15:06:28","date_gmt":"2023-01-14T15:06:28","guid":{"rendered":"https:\/\/medposnonwoven.com\/product\/wegwerfunterhosen-fuer-babys\/"},"modified":"2023-04-23T08:55:21","modified_gmt":"2023-04-23T08:55:21","slug":"wegwerfunterhosen-fuer-babys","status":"publish","type":"product","link":"https:\/\/medposnonwoven.com\/de\/produkt\/wegwerfunterhosen-fuer-babys\/","title":{"rendered":"Wegwerfunterhosen f\u00fcr Babys"},"content":{"rendered":"<ul>\n<li>Chux Pads verwenden eine baumwolldichte Mesh-Oberfl\u00e4che, die aus nicht gewebten Stoffen hergestellt ist, die weicher als die Haut sind. Es hat eine starke Penetration und eine schnelle Absorption. Die Fl\u00fcssigkeit wird an einem Ort gesammelt, und es kommt nicht zu Durchn\u00e4ssung, roten Kinderpopos, Allergien usw. Die Unterseite der auslaufsicheren PE-Schicht l\u00e4sst die Fl\u00fcssigkeit nicht in das Bett eindringen, das eine starke Schrumpfungsfunktion hat.<\/li>\n<li>Es eignet sich vor allem f\u00fcr Patienten mit Inkontinenz, L\u00e4hmungen, Babys, Menstruationsn\u00e4chten von Frauen und Geschlechtsverkehr von M\u00e4nnern und Frauen. Die Unterlage ist auch sehr praktisch, um sie auf einmal zu benutzen. Solange die Einwegbetteinlagen mit dem Bett oder dem Auto des Babys zusammengedr\u00fcckt werden, m\u00fcssen wir darauf achten, dass die Haut sauber und trocken bleibt, wenn wir sie benutzen. Sie m\u00fcssen die neuen Einlagen rechtzeitig austauschen, um Ekzeme und andere Krankheiten nach dem Gebrauch zu vermeiden. Wenn Patienten lange auf dem Bett liegen, sollte man ihnen helfen, den K\u00f6rper zu schrubben, sich umzudrehen usw., um ein Wundwerden der Haut zu vermeiden.<\/li>\n<\/ul>\n<p>&nbsp;<\/p>\n<p>&nbsp;<\/p>\n<p>&nbsp;<\/p>\n","protected":false},"excerpt":{"rendered":"<ul>\n<li>Babybetteinlagen werden aus exzellentem Vliesstoff und Flusen hergestellt, sie sind weich und hautfreundlich, frei von Reizstoffen wie Chemikalien und Farbstoffen. Es ist das ideale Produkt f\u00fcr zarte Haut und die empfindliche Haut von S\u00e4uglingen.<\/li>\n<li>Weit verbreitet in Krankenh\u00e4usern, Pflegeheimen, in der Babypflege, im Haushalt, beim Hundetraining und zum Schutz von M\u00f6beln.<\/li>\n<\/ul>\n<h4>Eigenschaften<\/h4>\n<p>Material:Vliesstoff+Papier+Flusen+SAP+PE-Folie<\/p>\n<p>Gr\u00f6\u00dfe: 60x60cm, 60x90cm oder kundenspezifisch<\/p>\n<p>Farbe: Blau, Wei\u00df, Gr\u00fcn<\/p>\n<p>Typ: Mit oder ohne gepr\u00e4gtem Muster<\/p>\n<p>Verpackung: 20 St\u00fcck\/Beutel, 15 Beutel\/Karton<\/p>\n<p>&nbsp;<\/p>\n<p>&nbsp;<\/p>\n","protected":false},"featured_media":4125,"template":"","meta":{"site-sidebar-layout":"default","site-content-layout":"default","ast-site-content-layout":"default","site-content-style":"default","site-sidebar-style":"default","ast-global-header-display":"","ast-banner-title-visibility":"","ast-main-header-display":"","ast-hfb-above-header-display":"","ast-hfb-below-header-display":"","ast-hfb-mobile-header-display":"","site-post-title":"","ast-breadcrumbs-content":"","ast-featured-img":"","footer-sml-layout":"","ast-disable-related-posts":"","theme-transparent-header-meta":"default","adv-header-id-meta":"","stick-header-meta":"","header-above-stick-meta":"","header-main-stick-meta":"","header-below-stick-meta":"","astra-migrate-meta-layouts":"default","ast-page-background-enabled":"default","ast-page-background-meta":{"desktop":{"background-color":"","background-image":"","background-repeat":"repeat","background-position":"center center","background-size":"auto","background-attachment":"scroll","background-type":"","background-media":"","overlay-type":"","overlay-color":"","overlay-opacity":"","overlay-gradient":""},"tablet":{"background-color":"","background-image":"","background-repeat":"repeat","background-position":"center center","background-size":"auto","background-attachment":"scroll","background-type":"","background-media":"","overlay-type":"","overlay-color":"","overlay-opacity":"","overlay-gradient":""},"mobile":{"background-color":"","background-image":"","background-repeat":"repeat","background-position":"center center","background-size":"auto","background-attachment":"scroll","background-type":"","background-media":"","overlay-type":"","overlay-color":"","overlay-opacity":"","overlay-gradient":""}},"ast-content-background-meta":{"desktop":{"background-color":"var(--ast-global-color-5)","background-image":"","background-repeat":"repeat","background-position":"center center","background-size":"auto","background-attachment":"scroll","background-type":"","background-media":"","overlay-type":"","overlay-color":"","overlay-opacity":"","overlay-gradient":""},"tablet":{"background-color":"var(--ast-global-color-5)","background-image":"","background-repeat":"repeat","background-position":"center center","background-size":"auto","background-attachment":"scroll","background-type":"","background-media":"","overlay-type":"","overlay-color":"","overlay-opacity":"","overlay-gradient":""},"mobile":{"background-color":"var(--ast-global-color-5)","background-image":"","background-repeat":"repeat","background-position":"center center","background-size":"auto","background-attachment":"scroll","background-type":"","background-media":"","overlay-type":"","overlay-color":"","overlay-opacity":"","overlay-gradient":""}}},"product_brand":[],"product_cat":[101],"product_tag":[],"class_list":{"0":"post-4376","1":"product","2":"type-product","3":"status-publish","4":"has-post-thumbnail","6":"product_cat-wegwerf-unterlagen","7":"desktop-align-center","8":"tablet-align-left","9":"mobile-align-left","11":"first","12":"instock","13":"shipping-taxable","14":"product-type-simple"},"_links":{"self":[{"href":"https:\/\/medposnonwoven.com\/de\/wp-json\/wp\/v2\/product\/4376","targetHints":{"allow":["GET"]}}],"collection":[{"href":"https:\/\/medposnonwoven.com\/de\/wp-json\/wp\/v2\/product"}],"about":[{"href":"https:\/\/medposnonwoven.com\/de\/wp-json\/wp\/v2\/types\/product"}],"wp:featuredmedia":[{"embeddable":true,"href":"https:\/\/medposnonwoven.com\/de\/wp-json\/wp\/v2\/media\/4125"}],"wp:attachment":[{"href":"https:\/\/medposnonwoven.com\/de\/wp-json\/wp\/v2\/media?parent=4376"}],"wp:term":[{"taxonomy":"product_brand","embeddable":true,"href":"https:\/\/medposnonwoven.com\/de\/wp-json\/wp\/v2\/product_brand?post=4376"},{"taxonomy":"product_cat","embeddable":true,"href":"https:\/\/medposnonwoven.com\/de\/wp-json\/wp\/v2\/product_cat?post=4376"},{"taxonomy":"product_tag","embeddable":true,"href":"https:\/\/medposnonwoven.com\/de\/wp-json\/wp\/v2\/product_tag?post=4376"}],"curies":[{"name":"wp","href":"https:\/\/api.w.org\/{rel}","templated":true}]}}