{"id":4377,"date":"2023-01-15T16:41:06","date_gmt":"2023-01-15T16:41:06","guid":{"rendered":"https:\/\/medposnonwoven.com\/product\/einweg-untersuchungspapier-bett-rollen\/"},"modified":"2023-04-23T08:41:18","modified_gmt":"2023-04-23T08:41:18","slug":"einweg-untersuchungspapier-bett-rollen","status":"publish","type":"product","link":"https:\/\/medposnonwoven.com\/de\/produkt\/einweg-untersuchungspapier-bett-rollen\/","title":{"rendered":"Einweg-Untersuchungspapier-Bett-Rollen"},"content":{"rendered":"<ul>\n<li>Unsere mit Papier und PE-Folie laminierten Bettlakenrollen werden durch physischen Druck zusammenlaminiert, ohne Klebstoffbindung, sicher und ungiftig, und das Papier und die Folie k\u00f6nnen vollst\u00e4ndig getrennt werden. Der Papier-Folien-Verbund erh\u00f6ht die wasserdichte und auslaufsichere Leistung der Unterlage, ist sauberer und hygienischer. Perforation Design kann in einem einzigen Blatt mit einer kurzen Linie gefaltet werden, um das Abrei\u00dfen zu erleichtern, Abrei\u00dfen, das ist das Blatt St\u00fcck, das in die gew\u00fcnschte Gr\u00f6\u00dfe gefaltet werden kann. Farbe, Gr\u00f6\u00dfe und Muster k\u00f6nnen individuell angepasst werden.<\/li>\n<\/ul>\n<p>&nbsp;<\/p>\n","protected":false},"excerpt":{"rendered":"<ul>\n<li>Die Papierrollen sind stark und saugf\u00e4hig und tragen dazu bei, eine hygienische Umgebung im Untersuchungsraum f\u00fcr eine sichere Patientenversorgung zu gew\u00e4hrleisten.<\/li>\n<li>Weit verbreitet in Profis, Massage-Tische, Gesichts-und Pr\u00fcfungs-Betten, Krankenhaus-Pr\u00fcfung Tisch, Chiropraktiker und physikalische Therapie Tabellen, Kosmetikerin, Lash, Wachs, Tattoo St\u00fchle.<\/li>\n<\/ul>\n<h4>Eigenschaften<\/h4>\n<p>Material: Zellstoff-Gewebe oder PE+Papier<\/p>\n<p>Gr\u00f6\u00dfe: 50cm*50m, 50cm*100m oder kundenspezifisch<\/p>\n<p>Farbe: Blau, Wei\u00df, Rosa<\/p>\n<p>Art: Glatte oder kreppartige Textur<\/p>\n<p>Verpackung: 1 St\u00fcck\/Rolle, 10 Rollen\/Karton<\/p>\n<p>&nbsp;<\/p>\n<p>&nbsp;<\/p>\n","protected":false},"featured_media":4137,"template":"","meta":{"site-sidebar-layout":"default","site-content-layout":"default","ast-site-content-layout":"default","site-content-style":"default","site-sidebar-style":"default","ast-global-header-display":"","ast-banner-title-visibility":"","ast-main-header-display":"","ast-hfb-above-header-display":"","ast-hfb-below-header-display":"","ast-hfb-mobile-header-display":"","site-post-title":"","ast-breadcrumbs-content":"","ast-featured-img":"","footer-sml-layout":"","ast-disable-related-posts":"","theme-transparent-header-meta":"default","adv-header-id-meta":"","stick-header-meta":"","header-above-stick-meta":"","header-main-stick-meta":"","header-below-stick-meta":"","astra-migrate-meta-layouts":"default","ast-page-background-enabled":"default","ast-page-background-meta":{"desktop":{"background-color":"","background-image":"","background-repeat":"repeat","background-position":"center center","background-size":"auto","background-attachment":"scroll","background-type":"","background-media":"","overlay-type":"","overlay-color":"","overlay-opacity":"","overlay-gradient":""},"tablet":{"background-color":"","background-image":"","background-repeat":"repeat","background-position":"center center","background-size":"auto","background-attachment":"scroll","background-type":"","background-media":"","overlay-type":"","overlay-color":"","overlay-opacity":"","overlay-gradient":""},"mobile":{"background-color":"","background-image":"","background-repeat":"repeat","background-position":"center center","background-size":"auto","background-attachment":"scroll","background-type":"","background-media":"","overlay-type":"","overlay-color":"","overlay-opacity":"","overlay-gradient":""}},"ast-content-background-meta":{"desktop":{"background-color":"var(--ast-global-color-5)","background-image":"","background-repeat":"repeat","background-position":"center center","background-size":"auto","background-attachment":"scroll","background-type":"","background-media":"","overlay-type":"","overlay-color":"","overlay-opacity":"","overlay-gradient":""},"tablet":{"background-color":"var(--ast-global-color-5)","background-image":"","background-repeat":"repeat","background-position":"center center","background-size":"auto","background-attachment":"scroll","background-type":"","background-media":"","overlay-type":"","overlay-color":"","overlay-opacity":"","overlay-gradient":""},"mobile":{"background-color":"var(--ast-global-color-5)","background-image":"","background-repeat":"repeat","background-position":"center center","background-size":"auto","background-attachment":"scroll","background-type":"","background-media":"","overlay-type":"","overlay-color":"","overlay-opacity":"","overlay-gradient":""}}},"product_brand":[],"product_cat":[100],"product_tag":[],"class_list":{"0":"post-4377","1":"product","2":"type-product","3":"status-publish","4":"has-post-thumbnail","6":"product_cat-einweg-bettrollen-und-bezuge","7":"desktop-align-center","8":"tablet-align-left","9":"mobile-align-left","11":"first","12":"instock","13":"shipping-taxable","14":"product-type-simple"},"_links":{"self":[{"href":"https:\/\/medposnonwoven.com\/de\/wp-json\/wp\/v2\/product\/4377","targetHints":{"allow":["GET"]}}],"collection":[{"href":"https:\/\/medposnonwoven.com\/de\/wp-json\/wp\/v2\/product"}],"about":[{"href":"https:\/\/medposnonwoven.com\/de\/wp-json\/wp\/v2\/types\/product"}],"wp:featuredmedia":[{"embeddable":true,"href":"https:\/\/medposnonwoven.com\/de\/wp-json\/wp\/v2\/media\/4137"}],"wp:attachment":[{"href":"https:\/\/medposnonwoven.com\/de\/wp-json\/wp\/v2\/media?parent=4377"}],"wp:term":[{"taxonomy":"product_brand","embeddable":true,"href":"https:\/\/medposnonwoven.com\/de\/wp-json\/wp\/v2\/product_brand?post=4377"},{"taxonomy":"product_cat","embeddable":true,"href":"https:\/\/medposnonwoven.com\/de\/wp-json\/wp\/v2\/product_cat?post=4377"},{"taxonomy":"product_tag","embeddable":true,"href":"https:\/\/medposnonwoven.com\/de\/wp-json\/wp\/v2\/product_tag?post=4377"}],"curies":[{"name":"wp","href":"https:\/\/api.w.org\/{rel}","templated":true}]}}