{"id":4378,"date":"2023-01-16T13:57:27","date_gmt":"2023-01-16T13:57:27","guid":{"rendered":"https:\/\/medposnonwoven.com\/product\/einweg-slips\/"},"modified":"2023-04-23T06:31:09","modified_gmt":"2023-04-23T06:31:09","slug":"einweg-slips","status":"publish","type":"product","link":"https:\/\/medposnonwoven.com\/de\/produkt\/einweg-slips\/","title":{"rendered":"Einweg-Slips"},"content":{"rendered":"<p>Wegwerfunterw\u00e4sche ist eine Art von Unterw\u00e4sche, die einmal getragen und dann weggeworfen wird. Diese Unterw\u00e4sche kann aus einer Vielzahl von Materialien hergestellt werden, am h\u00e4ufigsten werden jedoch leichte, saugf\u00e4hige Materialien wie Vliesstoffe, Zellulose oder eine Mischung aus beidem verwendet. Sie sind in erster Linie dazu gedacht, f\u00fcr eine kurze Zeit, h\u00e4ufig nur wenige Stunden, getragen zu werden und dann entfernt und entsorgt zu werden. Einige Einwegunterhosen k\u00f6nnen zur Erh\u00f6hung des Komforts vorbefeuchtet sein, und sie sind h\u00e4ufig in Einzelverpackungen verpackt, um den Transport und die Verwendung zu erleichtern. Sie werden h\u00e4ufig in Situationen verwendet, in denen herk\u00f6mmliche Unterw\u00e4sche unpraktisch ist, z. B. auf Reisen, bei Inkontinenz oder bei der Genesung nach einer Operation.<\/p>\n","protected":false},"excerpt":{"rendered":"<ul>\n<li>Die Einweg-Slips bestehen aus rei\u00dffestem Vliesstoff, der hautfreundlich, weich und atmungsaktiv ist und eine gute Luftdurchl\u00e4ssigkeit und Haltbarkeit aufweist.<\/li>\n<li>Weit verbreitet in Sonnenstudios, Spas, Salons, Massagen, Kliniken, Tattoos, Saunas, Krankenh\u00e4usern, Hotels, auf Reisen, im t\u00e4glichen Gebrauch, etc.<\/li>\n<\/ul>\n<h4>Eigenschaften<\/h4>\n<p>Material: Polypropylen-Spinnvlies<\/p>\n<p>Gr\u00f6\u00dfe: S,M,L<\/p>\n<p>Farbe: Schwarz, Wei\u00df, Dunkelblau<\/p>\n<p>Typ: Mit elastischen Schn\u00fcren<\/p>\n<p>Verpackung: 6 St\u00fcck\/Packung, 100 Packungen\/Karton<\/p>\n<p>&nbsp;<\/p>\n","protected":false},"featured_media":4149,"template":"","meta":{"site-sidebar-layout":"default","site-content-layout":"default","ast-site-content-layout":"default","site-content-style":"default","site-sidebar-style":"default","ast-global-header-display":"","ast-banner-title-visibility":"","ast-main-header-display":"","ast-hfb-above-header-display":"","ast-hfb-below-header-display":"","ast-hfb-mobile-header-display":"","site-post-title":"","ast-breadcrumbs-content":"","ast-featured-img":"","footer-sml-layout":"","theme-transparent-header-meta":"default","adv-header-id-meta":"","stick-header-meta":"","header-above-stick-meta":"","header-main-stick-meta":"","header-below-stick-meta":"","astra-migrate-meta-layouts":"default","ast-page-background-enabled":"default","ast-page-background-meta":{"desktop":{"background-color":"","background-image":"","background-repeat":"repeat","background-position":"center center","background-size":"auto","background-attachment":"scroll","background-type":"","background-media":"","overlay-type":"","overlay-color":"","overlay-opacity":"","overlay-gradient":""},"tablet":{"background-color":"","background-image":"","background-repeat":"repeat","background-position":"center center","background-size":"auto","background-attachment":"scroll","background-type":"","background-media":"","overlay-type":"","overlay-color":"","overlay-opacity":"","overlay-gradient":""},"mobile":{"background-color":"","background-image":"","background-repeat":"repeat","background-position":"center center","background-size":"auto","background-attachment":"scroll","background-type":"","background-media":"","overlay-type":"","overlay-color":"","overlay-opacity":"","overlay-gradient":""}},"ast-content-background-meta":{"desktop":{"background-color":"var(--ast-global-color-5)","background-image":"","background-repeat":"repeat","background-position":"center center","background-size":"auto","background-attachment":"scroll","background-type":"","background-media":"","overlay-type":"","overlay-color":"","overlay-opacity":"","overlay-gradient":""},"tablet":{"background-color":"var(--ast-global-color-5)","background-image":"","background-repeat":"repeat","background-position":"center center","background-size":"auto","background-attachment":"scroll","background-type":"","background-media":"","overlay-type":"","overlay-color":"","overlay-opacity":"","overlay-gradient":""},"mobile":{"background-color":"var(--ast-global-color-5)","background-image":"","background-repeat":"repeat","background-position":"center center","background-size":"auto","background-attachment":"scroll","background-type":"","background-media":"","overlay-type":"","overlay-color":"","overlay-opacity":"","overlay-gradient":""}}},"product_brand":[],"product_cat":[96],"product_tag":[],"class_list":{"0":"post-4378","1":"product","2":"type-product","3":"status-publish","4":"has-post-thumbnail","6":"product_cat-spa-beauty-einwegartikel","7":"desktop-align-center","8":"tablet-align-left","9":"mobile-align-left","11":"first","12":"instock","13":"shipping-taxable","14":"product-type-simple"},"_links":{"self":[{"href":"https:\/\/medposnonwoven.com\/de\/wp-json\/wp\/v2\/product\/4378","targetHints":{"allow":["GET"]}}],"collection":[{"href":"https:\/\/medposnonwoven.com\/de\/wp-json\/wp\/v2\/product"}],"about":[{"href":"https:\/\/medposnonwoven.com\/de\/wp-json\/wp\/v2\/types\/product"}],"wp:featuredmedia":[{"embeddable":true,"href":"https:\/\/medposnonwoven.com\/de\/wp-json\/wp\/v2\/media\/4149"}],"wp:attachment":[{"href":"https:\/\/medposnonwoven.com\/de\/wp-json\/wp\/v2\/media?parent=4378"}],"wp:term":[{"taxonomy":"product_brand","embeddable":true,"href":"https:\/\/medposnonwoven.com\/de\/wp-json\/wp\/v2\/product_brand?post=4378"},{"taxonomy":"product_cat","embeddable":true,"href":"https:\/\/medposnonwoven.com\/de\/wp-json\/wp\/v2\/product_cat?post=4378"},{"taxonomy":"product_tag","embeddable":true,"href":"https:\/\/medposnonwoven.com\/de\/wp-json\/wp\/v2\/product_tag?post=4378"}],"curies":[{"name":"wp","href":"https:\/\/api.w.org\/{rel}","templated":true}]}}