{"id":4379,"date":"2023-01-12T17:02:07","date_gmt":"2023-01-12T17:02:07","guid":{"rendered":"https:\/\/medposnonwoven.com\/product\/vinly-handschuh-einweg\/"},"modified":"2023-04-23T09:10:47","modified_gmt":"2023-04-23T09:10:47","slug":"vinly-handschuh-einweg","status":"publish","type":"product","link":"https:\/\/medposnonwoven.com\/de\/produkt\/vinly-handschuh-einweg\/","title":{"rendered":"Vinly Handschuh Einweg"},"content":{"rendered":"<ul>\n<li>Unsere Einweg-PVC-Handschuhe sind ionenarm, frei von Silikon\u00f6l, Enzymen und anderen Substanzen, haben eine hohe Flexibilit\u00e4t und Haptik, sind einfach anzuziehen und angenehm zu tragen und verf\u00fcgen \u00fcber antistatische Eigenschaften. weithin f\u00fcr die Familienhygiene, den Arbeitsschutz und andere Zwecke in der chemischen, elektronischen, pharmazeutischen und anderen Industrien sowie bei der Gesundheitsinspektion eingesetzt. Die Einweghandschuhe aus PVC, die in unserer Manufaktur hergestellt werden, sind sehr widerstandsf\u00e4hig und k\u00f6nnen bei extremer K\u00e4lte nicht rei\u00dfen oder brechen. PVC-Handschuhe sind s\u00e4ure- und laugenbest\u00e4ndig und k\u00f6nnen in verschiedenen S\u00e4ure- und Laugenkonzentrationen eingesetzt werden, z. B. in Salzs\u00e4ure, Calciumcarbonat, Magnesiumchlorid, Calciumacetat, Calciumchlorid, Ammoniakwasser, Natriumhydroxid usw. \u00d6lbest\u00e4ndige PVC-Einmalhandschuhe k\u00f6nnen in Schwer\u00f6l verwendet werden. Allerdings ist es in Kerosin, Leicht\u00f6l und Benzin nur wenig stabil. Um Ihre H\u00e4nde vor Verletzungen zu sch\u00fctzen, sollten Sie PVC-Handschuhe nicht mit L\u00f6sungsmitteln wie Benzol, Toluol, Xylol, Kohlenstofftetraoxid, Trichlorethylen, Kresol usw. verwenden.<\/li>\n<\/ul>\n<p>&nbsp;<\/p>\n","protected":false},"excerpt":{"rendered":"<ul>\n<li>Diese Einweg-Vinylhandschuhe sind nicht allergen und nicht reizend. Sie sind auf ihre Schutzwirkung hin gepr\u00fcft und zugelassen, so dass sie die bevorzugte Wahl f\u00fcr Latexallergiker sind.<\/li>\n<li>Weit verbreitet in der Lebensmittelindustrie, in der Medizin, bei nicht-invasiven k\u00f6rperlichen Untersuchungen, bei Laborarbeiten, beim Haaref\u00e4rben, T\u00e4towieren, Einkaufen, Malen, Reinigen und im Haushalt.<\/li>\n<\/ul>\n<h4>Eigenschaften<\/h4>\n<p>Material: Hochwertiges Polyvinylchlorid (PVC)<\/p>\n<p>Gr\u00f6\u00dfe: S,M,L,XL<\/p>\n<p>Farbe: Blau, Klar<\/p>\n<p>Typ: Gepulvert oder puderfrei. Beidh\u00e4ndig<\/p>\n<p>Verpackung: 100 St\u00fcck\/Schachtel, 10 Schachteln\/Karton<\/p>\n<p>&nbsp;<\/p>\n<p>&nbsp;<\/p>\n","protected":false},"featured_media":4108,"template":"","meta":{"site-sidebar-layout":"default","site-content-layout":"default","ast-site-content-layout":"default","site-content-style":"default","site-sidebar-style":"default","ast-global-header-display":"","ast-banner-title-visibility":"","ast-main-header-display":"","ast-hfb-above-header-display":"","ast-hfb-below-header-display":"","ast-hfb-mobile-header-display":"","site-post-title":"","ast-breadcrumbs-content":"","ast-featured-img":"","footer-sml-layout":"","ast-disable-related-posts":"","theme-transparent-header-meta":"default","adv-header-id-meta":"","stick-header-meta":"","header-above-stick-meta":"","header-main-stick-meta":"","header-below-stick-meta":"","astra-migrate-meta-layouts":"default","ast-page-background-enabled":"default","ast-page-background-meta":{"desktop":{"background-color":"","background-image":"","background-repeat":"repeat","background-position":"center center","background-size":"auto","background-attachment":"scroll","background-type":"","background-media":"","overlay-type":"","overlay-color":"","overlay-opacity":"","overlay-gradient":""},"tablet":{"background-color":"","background-image":"","background-repeat":"repeat","background-position":"center center","background-size":"auto","background-attachment":"scroll","background-type":"","background-media":"","overlay-type":"","overlay-color":"","overlay-opacity":"","overlay-gradient":""},"mobile":{"background-color":"","background-image":"","background-repeat":"repeat","background-position":"center center","background-size":"auto","background-attachment":"scroll","background-type":"","background-media":"","overlay-type":"","overlay-color":"","overlay-opacity":"","overlay-gradient":""}},"ast-content-background-meta":{"desktop":{"background-color":"var(--ast-global-color-5)","background-image":"","background-repeat":"repeat","background-position":"center center","background-size":"auto","background-attachment":"scroll","background-type":"","background-media":"","overlay-type":"","overlay-color":"","overlay-opacity":"","overlay-gradient":""},"tablet":{"background-color":"var(--ast-global-color-5)","background-image":"","background-repeat":"repeat","background-position":"center center","background-size":"auto","background-attachment":"scroll","background-type":"","background-media":"","overlay-type":"","overlay-color":"","overlay-opacity":"","overlay-gradient":""},"mobile":{"background-color":"var(--ast-global-color-5)","background-image":"","background-repeat":"repeat","background-position":"center center","background-size":"auto","background-attachment":"scroll","background-type":"","background-media":"","overlay-type":"","overlay-color":"","overlay-opacity":"","overlay-gradient":""}}},"product_brand":[],"product_cat":[102],"product_tag":[],"class_list":{"0":"post-4379","1":"product","2":"type-product","3":"status-publish","4":"has-post-thumbnail","6":"product_cat-einweghandschuhe","7":"desktop-align-center","8":"tablet-align-left","9":"mobile-align-left","11":"first","12":"instock","13":"shipping-taxable","14":"product-type-simple"},"_links":{"self":[{"href":"https:\/\/medposnonwoven.com\/de\/wp-json\/wp\/v2\/product\/4379","targetHints":{"allow":["GET"]}}],"collection":[{"href":"https:\/\/medposnonwoven.com\/de\/wp-json\/wp\/v2\/product"}],"about":[{"href":"https:\/\/medposnonwoven.com\/de\/wp-json\/wp\/v2\/types\/product"}],"wp:featuredmedia":[{"embeddable":true,"href":"https:\/\/medposnonwoven.com\/de\/wp-json\/wp\/v2\/media\/4108"}],"wp:attachment":[{"href":"https:\/\/medposnonwoven.com\/de\/wp-json\/wp\/v2\/media?parent=4379"}],"wp:term":[{"taxonomy":"product_brand","embeddable":true,"href":"https:\/\/medposnonwoven.com\/de\/wp-json\/wp\/v2\/product_brand?post=4379"},{"taxonomy":"product_cat","embeddable":true,"href":"https:\/\/medposnonwoven.com\/de\/wp-json\/wp\/v2\/product_cat?post=4379"},{"taxonomy":"product_tag","embeddable":true,"href":"https:\/\/medposnonwoven.com\/de\/wp-json\/wp\/v2\/product_tag?post=4379"}],"curies":[{"name":"wp","href":"https:\/\/api.w.org\/{rel}","templated":true}]}}