{"id":4380,"date":"2023-01-15T16:23:07","date_gmt":"2023-01-15T16:23:07","guid":{"rendered":"https:\/\/medposnonwoven.com\/product\/einweg-bettbezuege-aus-vliesstoff\/"},"modified":"2023-04-23T08:43:36","modified_gmt":"2023-04-23T08:43:36","slug":"einweg-bettbezuege-aus-vliesstoff","status":"publish","type":"product","link":"https:\/\/medposnonwoven.com\/de\/produkt\/einweg-bettbezuege-aus-vliesstoff\/","title":{"rendered":"Einweg-Bettbez\u00fcge aus Vliesstoff"},"content":{"rendered":"<ul>\n<li>Unsere Einweg-Bettbez\u00fcge sind aus verdicktem Vliesstoff aus wasserdichtem Material hergestellt, fest eingewickelt, sauber und hygienisch, aseptischer Schnittschutz ist durchdachter. Wasserdicht mehr auslaufsicher, verhindern das Auslaufen von Fl\u00fcssigkeit, wirksame Isolierung zu verhindern, schmutzig, verdicktes Gewebe ist stark und haltbar, starke Lagerung, weich und bequem. Beide Enden oder voll um das elastische Lederband Design. Die Kunden k\u00f6nnen aus einer Vielzahl von Gr\u00f6\u00dfen und Farben w\u00e4hlen.<\/li>\n<li>Der Bettbezug ist weit verbreitet in Krankenhausbetten, Sch\u00f6nheitssalons, Beauty Clubs, Saunar\u00e4umen, h\u00e4uslicher Pflege, B\u00e4dern, Gesch\u00e4ftsreisen, Reisen<br \/>\n(1) Es wird f\u00fcr gyn\u00e4kologische Untersuchungst\u00fccher, Einwegmatten und Bettlaken verwendet, die in verschiedenen Abteilungen von Krankenh\u00e4usern eingesetzt werden.<br \/>\n(2) Es kann f\u00fcr bettl\u00e4gerige Patienten, Frauen w\u00e4hrend der Menstruation, Frauen nach der Geburt und andere undurchl\u00e4ssige Matten verwendet werden, um eine Kontamination der Matratze zu vermeiden.<br \/>\n(3) Es kann als Urinpolster f\u00fcr S\u00e4uglinge und Kinder verwendet werden.<br \/>\n(4) Wird zu Hause als Tamponunterlage verwendet, um zu verhindern, dass Urin in die Unterlage eindringt und dass Menstruationsblut die Unterlage verunreinigt.<br \/>\n(5) Drau\u00dfen f\u00fcr Picknicks, St\u00e4nde usw., leicht und einfach zu tragen.<br \/>\n(6) im Sommer unter die k\u00fchle Matte gelegt, vor allem unter der Mahjong-Matte, um Staub und Schlacke Verschmutzung der Bl\u00e4tter, gute Reinigung zu verhindern.<br \/>\n(7) Gesch\u00e4ftsreise in einem Hotel zu bleiben, wenn auf dem Bett gelegt, sauber und hygienisch.<br \/>\n(8) zu Hause oder in der K\u00fcche, in Restaurants und bei Gewerbetreibenden, die Einwegmatten verwenden.<\/li>\n<\/ul>\n<p>&nbsp;<\/p>\n<p>&nbsp;<\/p>\n","protected":false},"excerpt":{"rendered":"<ul>\n<li>Einweg-Spannbettt\u00fccher sind an beiden Enden mit einem elastischen Rand versehen, der nicht so leicht abf\u00e4llt und bequem zu benutzen ist, so dass die Kunden sie nach Belieben umdrehen k\u00f6nnen.<\/li>\n<li>Weit verbreitet in Profis, Massage-Tische, Gesichts-und Pr\u00fcfungs-Betten, Krankenhaus-Pr\u00fcfung Tisch, Chiropraktiker und physikalische Therapie Tabellen, Kosmetikerin, Lash, Wachs, Tattoo St\u00fchle.<\/li>\n<\/ul>\n<h4>Eigenschaften<\/h4>\n<p>Material: Polypropylen-Spinnvlies oder SMS<\/p>\n<p>Gr\u00f6\u00dfe: 100*200cm oder kundenspezifisch<\/p>\n<p>Farbe: Blau, Wei\u00df, Rosa<\/p>\n<p>Typ: Gummib\u00e4nder an zwei Enden oder rundherum<\/p>\n<p>Verpackung: 10 St\u00fcck\/Beutel, 10 Beutel\/Karton<\/p>\n<p>&nbsp;<\/p>\n<p>&nbsp;<\/p>\n<p>&nbsp;<\/p>\n","protected":false},"featured_media":4134,"template":"","meta":{"site-sidebar-layout":"default","site-content-layout":"default","ast-site-content-layout":"default","site-content-style":"default","site-sidebar-style":"default","ast-global-header-display":"","ast-banner-title-visibility":"","ast-main-header-display":"","ast-hfb-above-header-display":"","ast-hfb-below-header-display":"","ast-hfb-mobile-header-display":"","site-post-title":"","ast-breadcrumbs-content":"","ast-featured-img":"","footer-sml-layout":"","ast-disable-related-posts":"","theme-transparent-header-meta":"default","adv-header-id-meta":"","stick-header-meta":"","header-above-stick-meta":"","header-main-stick-meta":"","header-below-stick-meta":"","astra-migrate-meta-layouts":"default","ast-page-background-enabled":"default","ast-page-background-meta":{"desktop":{"background-color":"","background-image":"","background-repeat":"repeat","background-position":"center center","background-size":"auto","background-attachment":"scroll","background-type":"","background-media":"","overlay-type":"","overlay-color":"","overlay-opacity":"","overlay-gradient":""},"tablet":{"background-color":"","background-image":"","background-repeat":"repeat","background-position":"center center","background-size":"auto","background-attachment":"scroll","background-type":"","background-media":"","overlay-type":"","overlay-color":"","overlay-opacity":"","overlay-gradient":""},"mobile":{"background-color":"","background-image":"","background-repeat":"repeat","background-position":"center center","background-size":"auto","background-attachment":"scroll","background-type":"","background-media":"","overlay-type":"","overlay-color":"","overlay-opacity":"","overlay-gradient":""}},"ast-content-background-meta":{"desktop":{"background-color":"var(--ast-global-color-5)","background-image":"","background-repeat":"repeat","background-position":"center center","background-size":"auto","background-attachment":"scroll","background-type":"","background-media":"","overlay-type":"","overlay-color":"","overlay-opacity":"","overlay-gradient":""},"tablet":{"background-color":"var(--ast-global-color-5)","background-image":"","background-repeat":"repeat","background-position":"center center","background-size":"auto","background-attachment":"scroll","background-type":"","background-media":"","overlay-type":"","overlay-color":"","overlay-opacity":"","overlay-gradient":""},"mobile":{"background-color":"var(--ast-global-color-5)","background-image":"","background-repeat":"repeat","background-position":"center center","background-size":"auto","background-attachment":"scroll","background-type":"","background-media":"","overlay-type":"","overlay-color":"","overlay-opacity":"","overlay-gradient":""}}},"product_brand":[],"product_cat":[100],"product_tag":[],"class_list":{"0":"post-4380","1":"product","2":"type-product","3":"status-publish","4":"has-post-thumbnail","6":"product_cat-einweg-bettrollen-und-bezuge","7":"desktop-align-center","8":"tablet-align-left","9":"mobile-align-left","11":"first","12":"instock","13":"shipping-taxable","14":"product-type-simple"},"_links":{"self":[{"href":"https:\/\/medposnonwoven.com\/de\/wp-json\/wp\/v2\/product\/4380","targetHints":{"allow":["GET"]}}],"collection":[{"href":"https:\/\/medposnonwoven.com\/de\/wp-json\/wp\/v2\/product"}],"about":[{"href":"https:\/\/medposnonwoven.com\/de\/wp-json\/wp\/v2\/types\/product"}],"wp:featuredmedia":[{"embeddable":true,"href":"https:\/\/medposnonwoven.com\/de\/wp-json\/wp\/v2\/media\/4134"}],"wp:attachment":[{"href":"https:\/\/medposnonwoven.com\/de\/wp-json\/wp\/v2\/media?parent=4380"}],"wp:term":[{"taxonomy":"product_brand","embeddable":true,"href":"https:\/\/medposnonwoven.com\/de\/wp-json\/wp\/v2\/product_brand?post=4380"},{"taxonomy":"product_cat","embeddable":true,"href":"https:\/\/medposnonwoven.com\/de\/wp-json\/wp\/v2\/product_cat?post=4380"},{"taxonomy":"product_tag","embeddable":true,"href":"https:\/\/medposnonwoven.com\/de\/wp-json\/wp\/v2\/product_tag?post=4380"}],"curies":[{"name":"wp","href":"https:\/\/api.w.org\/{rel}","templated":true}]}}