{"id":4381,"date":"2023-01-14T14:13:06","date_gmt":"2023-01-14T14:13:06","guid":{"rendered":"https:\/\/medposnonwoven.com\/product\/wegwerfunterhosen-fuer-erwachsene\/"},"modified":"2023-04-23T08:57:09","modified_gmt":"2023-04-23T08:57:09","slug":"wegwerfunterhosen-fuer-erwachsene","status":"publish","type":"product","link":"https:\/\/medposnonwoven.com\/de\/produkt\/wegwerfunterhosen-fuer-erwachsene\/","title":{"rendered":"Wegwerfunterhosen f\u00fcr Erwachsene"},"content":{"rendered":"<ul>\n<li>Einweg-Unterlagen, manchmal auch als Inkontinenzeinlagen bezeichnet, sind unglaublich saugf\u00e4hige Einlagen, die in der Regel verwendet werden, um Matratzen vor Pinkelsch\u00e4den zu sch\u00fctzen. Das Kissen wird je nach Wunsch \u00fcber oder unter der W\u00e4sche angebracht und dient zum Auffangen von Leckagen. Um Urinsch\u00e4den an Betten und M\u00f6beln zu vermeiden und den W\u00e4scheaufwand zu minimieren, haben sich in Krankenh\u00e4usern und Langzeitpflegeeinrichtungen Unterlegscheiben durchgesetzt. Unterlagen wurden urspr\u00fcnglich entwickelt, um Matratzen vor Inkontinenzunf\u00e4llen bei Erwachsenen zu sch\u00fctzen, aber kreative Menschen haben weitere Anwendungsm\u00f6glichkeiten f\u00fcr diese gro\u00dfartigen Unterlagen entdeckt.<\/li>\n<li>Schutz von M\u00f6beln &#8211; Unterpolsterungen k\u00f6nnen leicht auf St\u00fchlen, Sofas, Rollst\u00fchlen und anderen Gegenst\u00e4nden angebracht werden, um M\u00f6bel zu sch\u00fctzen. Das Tranquility Peach Sheet Underpad ist mit vier Klebestreifen versehen, die es an verschiedenen Oberfl\u00e4chen haften lassen.<\/li>\n<li>Unter einer Kommode &#8211; Kommoden sind kleine, tragbare Toiletten f\u00fcr den Gebrauch am Bett. Unterlegscheiben sind ideal, um den Boden unter der Toilette zu sch\u00fctzen.<\/li>\n<li>Wickelstationen &#8211; Viele unserer Mitarbeiter haben vorgeschlagen, eine Unterlage als tragbare, hygienische und einfache Abdeckung f\u00fcr eine Wickelstation zu verwenden. Da es steril, weich und glatt ist, m\u00fcssen Sie nicht bef\u00fcrchten, dass das Kind unsaubere Oberfl\u00e4chen ber\u00fchrt.<\/li>\n<\/ul>\n","protected":false},"excerpt":{"rendered":"<ul>\n<li>Das Selbstvertrauen und der Schlaf von M\u00e4nnern, Frauen, Kindern und \u00e4lteren Menschen k\u00f6nnen durch die Verwendung dieser dicken Inkontinenzeinlagen verbessert werden, die Bettzeug und Bettw\u00e4sche vor unkontrollierten Blasen- oder Harnwegsbeschwerden sch\u00fctzen.<\/li>\n<li>Weit verbreitet in Krankenh\u00e4usern, Pflegeheimen, in der Babypflege, im Haushalt, beim Hundetraining und zum Schutz von M\u00f6beln.<\/li>\n<\/ul>\n<h4>Eigenschaften<\/h4>\n<p>Material:Vliesstoff+Papier+Flusen+SAP+PE-Folie<\/p>\n<p>Gr\u00f6\u00dfe: 60x60cm, 60x90cm oder kundenspezifisch<\/p>\n<p>Farbe: Blau, Wei\u00df, Gr\u00fcn<\/p>\n<p>Typ: Mit oder ohne gepr\u00e4gtem Muster<\/p>\n<p>Verpackung: 20 St\u00fcck\/Beutel, 15 Beutel\/Karton<\/p>\n<p>&nbsp;<\/p>\n","protected":false},"featured_media":4122,"template":"","meta":{"site-sidebar-layout":"default","site-content-layout":"default","ast-site-content-layout":"default","site-content-style":"default","site-sidebar-style":"default","ast-global-header-display":"","ast-banner-title-visibility":"","ast-main-header-display":"","ast-hfb-above-header-display":"","ast-hfb-below-header-display":"","ast-hfb-mobile-header-display":"","site-post-title":"","ast-breadcrumbs-content":"","ast-featured-img":"","footer-sml-layout":"","ast-disable-related-posts":"","theme-transparent-header-meta":"default","adv-header-id-meta":"","stick-header-meta":"","header-above-stick-meta":"","header-main-stick-meta":"","header-below-stick-meta":"","astra-migrate-meta-layouts":"default","ast-page-background-enabled":"default","ast-page-background-meta":{"desktop":{"background-color":"","background-image":"","background-repeat":"repeat","background-position":"center center","background-size":"auto","background-attachment":"scroll","background-type":"","background-media":"","overlay-type":"","overlay-color":"","overlay-opacity":"","overlay-gradient":""},"tablet":{"background-color":"","background-image":"","background-repeat":"repeat","background-position":"center center","background-size":"auto","background-attachment":"scroll","background-type":"","background-media":"","overlay-type":"","overlay-color":"","overlay-opacity":"","overlay-gradient":""},"mobile":{"background-color":"","background-image":"","background-repeat":"repeat","background-position":"center center","background-size":"auto","background-attachment":"scroll","background-type":"","background-media":"","overlay-type":"","overlay-color":"","overlay-opacity":"","overlay-gradient":""}},"ast-content-background-meta":{"desktop":{"background-color":"var(--ast-global-color-5)","background-image":"","background-repeat":"repeat","background-position":"center center","background-size":"auto","background-attachment":"scroll","background-type":"","background-media":"","overlay-type":"","overlay-color":"","overlay-opacity":"","overlay-gradient":""},"tablet":{"background-color":"var(--ast-global-color-5)","background-image":"","background-repeat":"repeat","background-position":"center center","background-size":"auto","background-attachment":"scroll","background-type":"","background-media":"","overlay-type":"","overlay-color":"","overlay-opacity":"","overlay-gradient":""},"mobile":{"background-color":"var(--ast-global-color-5)","background-image":"","background-repeat":"repeat","background-position":"center center","background-size":"auto","background-attachment":"scroll","background-type":"","background-media":"","overlay-type":"","overlay-color":"","overlay-opacity":"","overlay-gradient":""}}},"product_brand":[],"product_cat":[101],"product_tag":[],"class_list":{"0":"post-4381","1":"product","2":"type-product","3":"status-publish","4":"has-post-thumbnail","6":"product_cat-wegwerf-unterlagen","7":"desktop-align-center","8":"tablet-align-left","9":"mobile-align-left","11":"first","12":"instock","13":"shipping-taxable","14":"product-type-simple"},"_links":{"self":[{"href":"https:\/\/medposnonwoven.com\/de\/wp-json\/wp\/v2\/product\/4381","targetHints":{"allow":["GET"]}}],"collection":[{"href":"https:\/\/medposnonwoven.com\/de\/wp-json\/wp\/v2\/product"}],"about":[{"href":"https:\/\/medposnonwoven.com\/de\/wp-json\/wp\/v2\/types\/product"}],"wp:featuredmedia":[{"embeddable":true,"href":"https:\/\/medposnonwoven.com\/de\/wp-json\/wp\/v2\/media\/4122"}],"wp:attachment":[{"href":"https:\/\/medposnonwoven.com\/de\/wp-json\/wp\/v2\/media?parent=4381"}],"wp:term":[{"taxonomy":"product_brand","embeddable":true,"href":"https:\/\/medposnonwoven.com\/de\/wp-json\/wp\/v2\/product_brand?post=4381"},{"taxonomy":"product_cat","embeddable":true,"href":"https:\/\/medposnonwoven.com\/de\/wp-json\/wp\/v2\/product_cat?post=4381"},{"taxonomy":"product_tag","embeddable":true,"href":"https:\/\/medposnonwoven.com\/de\/wp-json\/wp\/v2\/product_tag?post=4381"}],"curies":[{"name":"wp","href":"https:\/\/api.w.org\/{rel}","templated":true}]}}