{"id":4382,"date":"2023-01-16T13:02:14","date_gmt":"2023-01-16T13:02:14","guid":{"rendered":"https:\/\/medposnonwoven.com\/product\/einweg-bhs-traegerlos\/"},"modified":"2023-04-23T06:33:23","modified_gmt":"2023-04-23T06:33:23","slug":"einweg-bhs-traegerlos","status":"publish","type":"product","link":"https:\/\/medposnonwoven.com\/de\/produkt\/einweg-bhs-traegerlos\/","title":{"rendered":"Einweg-BHs tr\u00e4gerlos"},"content":{"rendered":"<ul>\n<li>Tr\u00e4gerlose BHs, die um den R\u00fccken zu binden, k\u00f6nnen sie nach Ihrem K\u00f6rper-Typ und K\u00f6rbchengr\u00f6\u00dfe eingestellt werden, diese passen perfekt f\u00fcr Frauen aller Gr\u00f6\u00dfen, werden Sie sie lieben.Dieser BH ist Einweg und muss nicht im Voraus gewaschen werden. Nach dem Gebrauch kann es ohne psychische Belastung in den M\u00fcll geworfen werden. Jeder BH ist aus hygienischen Gr\u00fcnden einzeln in Polyfolie verpackt. Leicht und klein f\u00fcr einfache Lagerung und Transport.<\/li>\n<li>Wegwerfunterw\u00e4sche ist eine Art von Unterw\u00e4sche, die einmal getragen und dann weggeworfen wird. Diese Unterw\u00e4sche kann aus einer Vielzahl von Materialien hergestellt werden, am h\u00e4ufigsten werden jedoch leichte, saugf\u00e4hige Materialien wie Vliesstoffe, Zellulose oder eine Mischung aus beidem verwendet. Sie sind in erster Linie dazu gedacht, f\u00fcr eine kurze Zeit, h\u00e4ufig nur wenige Stunden, getragen zu werden und dann entfernt und entsorgt zu werden. Einige Einwegunterhosen k\u00f6nnen zur Erh\u00f6hung des Komforts vorbefeuchtet sein, und sie sind h\u00e4ufig in Einzelverpackungen verpackt, um den Transport und die Verwendung zu erleichtern. Sie werden h\u00e4ufig in Situationen verwendet, in denen herk\u00f6mmliche Unterw\u00e4sche unpraktisch ist, z. B. auf Reisen, bei Inkontinenz oder bei der Genesung nach einer Operation.<\/li>\n<\/ul>\n<p>&nbsp;<\/p>\n<p>&nbsp;<\/p>\n","protected":false},"excerpt":{"rendered":"<ul>\n<li>Die Einweg-BHs haben einen elastischen Bund und bestehen aus rei\u00dffestem Vliesstoff mit baumwoll\u00e4hnlichem Griff. Aus hygienischen Gr\u00fcnden ist jeder BH separat in Poly verpackt. Klein und leicht f\u00fcr einfache Lagerung und Reisen.<\/li>\n<li>Weit verbreitet in Sonnenstudios, Spas, Salons, Massagen, Kliniken, Tattoos, Saunas, Krankenh\u00e4usern, Hotels, auf Reisen, im t\u00e4glichen Gebrauch, etc.<\/li>\n<\/ul>\n<h4>Eigenschaften<\/h4>\n<p>Material: Polypropylen-Spinnvlies<\/p>\n<p>Gr\u00f6\u00dfe: S,M,L<\/p>\n<p>Farbe: Schwarz, Wei\u00df, Dunkelblau<\/p>\n<p>Typ: Mit R\u00fcckenkrawatte oder Klettverschluss<\/p>\n<p>Verpackung: 6 St\u00fcck\/Packung, 100 Packungen\/Karton<\/p>\n<p>&nbsp;<\/p>\n<p>&nbsp;<\/p>\n","protected":false},"featured_media":4146,"template":"","meta":{"site-sidebar-layout":"default","site-content-layout":"default","ast-site-content-layout":"default","site-content-style":"default","site-sidebar-style":"default","ast-global-header-display":"","ast-banner-title-visibility":"","ast-main-header-display":"","ast-hfb-above-header-display":"","ast-hfb-below-header-display":"","ast-hfb-mobile-header-display":"","site-post-title":"","ast-breadcrumbs-content":"","ast-featured-img":"","footer-sml-layout":"","ast-disable-related-posts":"","theme-transparent-header-meta":"default","adv-header-id-meta":"","stick-header-meta":"","header-above-stick-meta":"","header-main-stick-meta":"","header-below-stick-meta":"","astra-migrate-meta-layouts":"default","ast-page-background-enabled":"default","ast-page-background-meta":{"desktop":{"background-color":"","background-image":"","background-repeat":"repeat","background-position":"center center","background-size":"auto","background-attachment":"scroll","background-type":"","background-media":"","overlay-type":"","overlay-color":"","overlay-opacity":"","overlay-gradient":""},"tablet":{"background-color":"","background-image":"","background-repeat":"repeat","background-position":"center center","background-size":"auto","background-attachment":"scroll","background-type":"","background-media":"","overlay-type":"","overlay-color":"","overlay-opacity":"","overlay-gradient":""},"mobile":{"background-color":"","background-image":"","background-repeat":"repeat","background-position":"center center","background-size":"auto","background-attachment":"scroll","background-type":"","background-media":"","overlay-type":"","overlay-color":"","overlay-opacity":"","overlay-gradient":""}},"ast-content-background-meta":{"desktop":{"background-color":"var(--ast-global-color-5)","background-image":"","background-repeat":"repeat","background-position":"center center","background-size":"auto","background-attachment":"scroll","background-type":"","background-media":"","overlay-type":"","overlay-color":"","overlay-opacity":"","overlay-gradient":""},"tablet":{"background-color":"var(--ast-global-color-5)","background-image":"","background-repeat":"repeat","background-position":"center center","background-size":"auto","background-attachment":"scroll","background-type":"","background-media":"","overlay-type":"","overlay-color":"","overlay-opacity":"","overlay-gradient":""},"mobile":{"background-color":"var(--ast-global-color-5)","background-image":"","background-repeat":"repeat","background-position":"center center","background-size":"auto","background-attachment":"scroll","background-type":"","background-media":"","overlay-type":"","overlay-color":"","overlay-opacity":"","overlay-gradient":""}}},"product_brand":[],"product_cat":[96],"product_tag":[],"class_list":{"0":"post-4382","1":"product","2":"type-product","3":"status-publish","4":"has-post-thumbnail","6":"product_cat-spa-beauty-einwegartikel","7":"desktop-align-center","8":"tablet-align-left","9":"mobile-align-left","11":"first","12":"instock","13":"shipping-taxable","14":"product-type-simple"},"_links":{"self":[{"href":"https:\/\/medposnonwoven.com\/de\/wp-json\/wp\/v2\/product\/4382","targetHints":{"allow":["GET"]}}],"collection":[{"href":"https:\/\/medposnonwoven.com\/de\/wp-json\/wp\/v2\/product"}],"about":[{"href":"https:\/\/medposnonwoven.com\/de\/wp-json\/wp\/v2\/types\/product"}],"wp:featuredmedia":[{"embeddable":true,"href":"https:\/\/medposnonwoven.com\/de\/wp-json\/wp\/v2\/media\/4146"}],"wp:attachment":[{"href":"https:\/\/medposnonwoven.com\/de\/wp-json\/wp\/v2\/media?parent=4382"}],"wp:term":[{"taxonomy":"product_brand","embeddable":true,"href":"https:\/\/medposnonwoven.com\/de\/wp-json\/wp\/v2\/product_brand?post=4382"},{"taxonomy":"product_cat","embeddable":true,"href":"https:\/\/medposnonwoven.com\/de\/wp-json\/wp\/v2\/product_cat?post=4382"},{"taxonomy":"product_tag","embeddable":true,"href":"https:\/\/medposnonwoven.com\/de\/wp-json\/wp\/v2\/product_tag?post=4382"}],"curies":[{"name":"wp","href":"https:\/\/api.w.org\/{rel}","templated":true}]}}