{"id":4383,"date":"2023-01-15T15:55:22","date_gmt":"2023-01-15T15:55:22","guid":{"rendered":"https:\/\/medposnonwoven.com\/product\/einweg-bettlakenrollen-aus-vliesstoff\/"},"modified":"2023-04-23T08:45:34","modified_gmt":"2023-04-23T08:45:34","slug":"einweg-bettlakenrollen-aus-vliesstoff","status":"publish","type":"product","link":"https:\/\/medposnonwoven.com\/de\/produkt\/einweg-bettlakenrollen-aus-vliesstoff\/","title":{"rendered":"Einweg-Bettlakenrollen aus Vliesstoff"},"content":{"rendered":"<ul>\n<li>Sind Sie in Ihrem Sch\u00f6nheitssalon schon einmal auf diese Sorgen gesto\u00dfen? Mehrfache Nutzung durch G\u00e4ste f\u00fchrt zur Vermehrung von Bakterien; G\u00e4ste, die sich daran st\u00f6ren, dass sie sie benutzt haben; Schwierigkeiten bei der Reinigung der Fette der G\u00e4ste usw.; Vermeidung von Mehrfachnutzung. Sie k\u00f6nnen diese Probleme l\u00f6sen, indem Sie sich f\u00fcr unsere Einwegfolienrollen entscheiden.<\/li>\n<li>Der Stoff der Bettrolle ist ein mikropor\u00f6ser, ausgezeichneter Vliesstoff, der weich, bequem, nicht stimulierend und antistatisch ist. Das Design der Schnittlinienunterbrechung ist leicht zu zerrei\u00dfen und aufzufangen. Diese Couch-Rolle Stoff ist stark und fest, nicht leicht zu ziehen f\u00fcr die Verformung, wasserdicht und \u00f6lfest, sicher sein, der Nutzung. Eine Vielzahl von Farben und Gr\u00f6\u00dfen zur Auswahl.<\/li>\n<\/ul>\n<p>&nbsp;<\/p>\n<p>&nbsp;<\/p>\n<p>&nbsp;<\/p>\n<p>&nbsp;<\/p>\n","protected":false},"excerpt":{"rendered":"<ul>\n<li>Die Massageliegenrollen sind aus weichem Vliesstoff gefertigt, leicht und atmungsaktiv, aber dennoch robust und schonend f\u00fcr Sie und die Haut Ihres Kunden. Sie h\u00e4lt Sie erfolgreich trocken und ist \u00f6lbest\u00e4ndig, so dass Sie eine komfortable Umgebung vorfinden.<\/li>\n<li>Weit verbreitet in Profis, Massage-Tische, Gesichts-und Pr\u00fcfungs-Betten, Krankenhaus-Pr\u00fcfung Tisch, Chiropraktiker und physikalische Therapie Tabellen, Kosmetikerin, Lash, Wachs, Tattoo St\u00fchle.<\/li>\n<\/ul>\n<h4>Eigenschaften<\/h4>\n<p>Material: Polypropylen-Spinnvlies oder SMS<\/p>\n<p>Gr\u00f6\u00dfe: 80*180cm oder kundenspezifisch<\/p>\n<p>Farbe: Blau, Wei\u00df, Rosa<\/p>\n<p>Typ: Mit oder ohne Perforation<\/p>\n<p>Verpackung: 1 St\u00fcck\/Rolle, 8 Rollen\/Karton<\/p>\n<p>&nbsp;<\/p>\n<p>&nbsp;<\/p>\n<p>&nbsp;<\/p>\n<p>&nbsp;<\/p>\n<p>&nbsp;<\/p>\n","protected":false},"featured_media":4131,"template":"","meta":{"site-sidebar-layout":"default","site-content-layout":"default","ast-site-content-layout":"default","site-content-style":"default","site-sidebar-style":"default","ast-global-header-display":"","ast-banner-title-visibility":"","ast-main-header-display":"","ast-hfb-above-header-display":"","ast-hfb-below-header-display":"","ast-hfb-mobile-header-display":"","site-post-title":"","ast-breadcrumbs-content":"","ast-featured-img":"","footer-sml-layout":"","ast-disable-related-posts":"","theme-transparent-header-meta":"default","adv-header-id-meta":"","stick-header-meta":"","header-above-stick-meta":"","header-main-stick-meta":"","header-below-stick-meta":"","astra-migrate-meta-layouts":"default","ast-page-background-enabled":"default","ast-page-background-meta":{"desktop":{"background-color":"","background-image":"","background-repeat":"repeat","background-position":"center center","background-size":"auto","background-attachment":"scroll","background-type":"","background-media":"","overlay-type":"","overlay-color":"","overlay-opacity":"","overlay-gradient":""},"tablet":{"background-color":"","background-image":"","background-repeat":"repeat","background-position":"center center","background-size":"auto","background-attachment":"scroll","background-type":"","background-media":"","overlay-type":"","overlay-color":"","overlay-opacity":"","overlay-gradient":""},"mobile":{"background-color":"","background-image":"","background-repeat":"repeat","background-position":"center center","background-size":"auto","background-attachment":"scroll","background-type":"","background-media":"","overlay-type":"","overlay-color":"","overlay-opacity":"","overlay-gradient":""}},"ast-content-background-meta":{"desktop":{"background-color":"var(--ast-global-color-5)","background-image":"","background-repeat":"repeat","background-position":"center center","background-size":"auto","background-attachment":"scroll","background-type":"","background-media":"","overlay-type":"","overlay-color":"","overlay-opacity":"","overlay-gradient":""},"tablet":{"background-color":"var(--ast-global-color-5)","background-image":"","background-repeat":"repeat","background-position":"center center","background-size":"auto","background-attachment":"scroll","background-type":"","background-media":"","overlay-type":"","overlay-color":"","overlay-opacity":"","overlay-gradient":""},"mobile":{"background-color":"var(--ast-global-color-5)","background-image":"","background-repeat":"repeat","background-position":"center center","background-size":"auto","background-attachment":"scroll","background-type":"","background-media":"","overlay-type":"","overlay-color":"","overlay-opacity":"","overlay-gradient":""}}},"product_brand":[],"product_cat":[100],"product_tag":[],"class_list":{"0":"post-4383","1":"product","2":"type-product","3":"status-publish","4":"has-post-thumbnail","6":"product_cat-einweg-bettrollen-und-bezuge","7":"desktop-align-center","8":"tablet-align-left","9":"mobile-align-left","11":"first","12":"instock","13":"shipping-taxable","14":"product-type-simple"},"_links":{"self":[{"href":"https:\/\/medposnonwoven.com\/de\/wp-json\/wp\/v2\/product\/4383","targetHints":{"allow":["GET"]}}],"collection":[{"href":"https:\/\/medposnonwoven.com\/de\/wp-json\/wp\/v2\/product"}],"about":[{"href":"https:\/\/medposnonwoven.com\/de\/wp-json\/wp\/v2\/types\/product"}],"wp:featuredmedia":[{"embeddable":true,"href":"https:\/\/medposnonwoven.com\/de\/wp-json\/wp\/v2\/media\/4131"}],"wp:attachment":[{"href":"https:\/\/medposnonwoven.com\/de\/wp-json\/wp\/v2\/media?parent=4383"}],"wp:term":[{"taxonomy":"product_brand","embeddable":true,"href":"https:\/\/medposnonwoven.com\/de\/wp-json\/wp\/v2\/product_brand?post=4383"},{"taxonomy":"product_cat","embeddable":true,"href":"https:\/\/medposnonwoven.com\/de\/wp-json\/wp\/v2\/product_cat?post=4383"},{"taxonomy":"product_tag","embeddable":true,"href":"https:\/\/medposnonwoven.com\/de\/wp-json\/wp\/v2\/product_tag?post=4383"}],"curies":[{"name":"wp","href":"https:\/\/api.w.org\/{rel}","templated":true}]}}