{"id":4384,"date":"2023-01-13T16:55:40","date_gmt":"2023-01-13T16:55:40","guid":{"rendered":"https:\/\/medposnonwoven.com\/product\/mikroporoese-einweg-arm-manschetten\/"},"modified":"2023-04-23T08:59:58","modified_gmt":"2023-04-23T08:59:58","slug":"mikroporoese-einweg-arm-manschetten","status":"publish","type":"product","link":"https:\/\/medposnonwoven.com\/de\/produkt\/mikroporoese-einweg-arm-manschetten\/","title":{"rendered":"Mikropor\u00f6se Einweg-Arm-Manschetten"},"content":{"rendered":"<ul>\n<li>Die Einweg-Armsch\u00fctzer werden aus hochwertigem Polypropylen mit einer mikropor\u00f6sen Folie hergestellt. Die laminierte Oberfl\u00e4che der Armsch\u00fctzer ist rei\u00dffest und kann leicht abgewischt werden. Sie haben genug von Fl\u00fcssigkeitsspritzern auf Ihren Armen? Testen Sie unsere wasserfesten Armstulpen, um sich vor Wasser, \u00d6l, Tropfen, leichten Chemikalien und Schmutz zu sch\u00fctzen.<\/li>\n<li>Die Eigenschaften unserer Einweg-Vliesstoff-\u00dcberziehschuhe:<br \/>\n1. Gute Z\u00e4higkeit und leicht zu dehnen, Ziehen wird nicht brechen.<br \/>\n2. Die Manschetten elastisch sind moderat. Die Armmanschette ist atmungsaktiv und bequem. Die Materialien von Vliesstoffen sind bequem zu verwenden.<br \/>\n3. Exquisite Verarbeitung, wasserdicht und \u00d6l -proof, gemeinsam f\u00fcr M\u00e4nner und Frauen zu tragen.<\/li>\n<\/ul>\n<p>&nbsp;<\/p>\n<p>&nbsp;<\/p>\n","protected":false},"excerpt":{"rendered":"<ul>\n<li>Hochwertiges Polypropylen und Polyethylen, das wasserdicht, atmungsaktiv, weich, latexfrei und leicht ist, wird f\u00fcr die Herstellung der Einweg-Armlinge verwendet.<\/li>\n<li>Weit verbreitet in der medizinischen Behandlung, in Fabriken, im Labor, im Haushalt, im Garten, in der Gastronomie, beim T\u00e4towieren, bei der Wartung und bei anderen t\u00e4glichen Arbeiten.<\/li>\n<\/ul>\n<h4>Eigenschaften<\/h4>\n<p>Material: Polypropylen (PP) + mikropor\u00f6se Folie<\/p>\n<p>Gr\u00f6\u00dfe: 16\u2033(40 x 20cm) , 18\u2033 (45 x 22cm)<\/p>\n<p>Farbe: Blau, Wei\u00df<\/p>\n<p>Typ: Elastische Enden<\/p>\n<p>Verpackung: 100 St\u00fcck\/Beutel, 20 Beutel\/Karton<\/p>\n<p>&nbsp;<\/p>\n<p>&nbsp;<\/p>\n<p>&nbsp;<\/p>\n","protected":false},"featured_media":4120,"template":"","meta":{"site-sidebar-layout":"default","site-content-layout":"default","ast-site-content-layout":"default","site-content-style":"default","site-sidebar-style":"default","ast-global-header-display":"","ast-banner-title-visibility":"","ast-main-header-display":"","ast-hfb-above-header-display":"","ast-hfb-below-header-display":"","ast-hfb-mobile-header-display":"","site-post-title":"","ast-breadcrumbs-content":"","ast-featured-img":"","footer-sml-layout":"","ast-disable-related-posts":"","theme-transparent-header-meta":"default","adv-header-id-meta":"","stick-header-meta":"","header-above-stick-meta":"","header-main-stick-meta":"","header-below-stick-meta":"","astra-migrate-meta-layouts":"default","ast-page-background-enabled":"default","ast-page-background-meta":{"desktop":{"background-color":"","background-image":"","background-repeat":"repeat","background-position":"center center","background-size":"auto","background-attachment":"scroll","background-type":"","background-media":"","overlay-type":"","overlay-color":"","overlay-opacity":"","overlay-gradient":""},"tablet":{"background-color":"","background-image":"","background-repeat":"repeat","background-position":"center center","background-size":"auto","background-attachment":"scroll","background-type":"","background-media":"","overlay-type":"","overlay-color":"","overlay-opacity":"","overlay-gradient":""},"mobile":{"background-color":"","background-image":"","background-repeat":"repeat","background-position":"center center","background-size":"auto","background-attachment":"scroll","background-type":"","background-media":"","overlay-type":"","overlay-color":"","overlay-opacity":"","overlay-gradient":""}},"ast-content-background-meta":{"desktop":{"background-color":"var(--ast-global-color-5)","background-image":"","background-repeat":"repeat","background-position":"center center","background-size":"auto","background-attachment":"scroll","background-type":"","background-media":"","overlay-type":"","overlay-color":"","overlay-opacity":"","overlay-gradient":""},"tablet":{"background-color":"var(--ast-global-color-5)","background-image":"","background-repeat":"repeat","background-position":"center center","background-size":"auto","background-attachment":"scroll","background-type":"","background-media":"","overlay-type":"","overlay-color":"","overlay-opacity":"","overlay-gradient":""},"mobile":{"background-color":"var(--ast-global-color-5)","background-image":"","background-repeat":"repeat","background-position":"center center","background-size":"auto","background-attachment":"scroll","background-type":"","background-media":"","overlay-type":"","overlay-color":"","overlay-opacity":"","overlay-gradient":""}}},"product_brand":[],"product_cat":[99],"product_tag":[],"class_list":{"0":"post-4384","1":"product","2":"type-product","3":"status-publish","4":"has-post-thumbnail","6":"product_cat-einweghulsenabdeckungen","7":"desktop-align-center","8":"tablet-align-left","9":"mobile-align-left","11":"first","12":"instock","13":"shipping-taxable","14":"product-type-simple"},"_links":{"self":[{"href":"https:\/\/medposnonwoven.com\/de\/wp-json\/wp\/v2\/product\/4384","targetHints":{"allow":["GET"]}}],"collection":[{"href":"https:\/\/medposnonwoven.com\/de\/wp-json\/wp\/v2\/product"}],"about":[{"href":"https:\/\/medposnonwoven.com\/de\/wp-json\/wp\/v2\/types\/product"}],"wp:featuredmedia":[{"embeddable":true,"href":"https:\/\/medposnonwoven.com\/de\/wp-json\/wp\/v2\/media\/4120"}],"wp:attachment":[{"href":"https:\/\/medposnonwoven.com\/de\/wp-json\/wp\/v2\/media?parent=4384"}],"wp:term":[{"taxonomy":"product_brand","embeddable":true,"href":"https:\/\/medposnonwoven.com\/de\/wp-json\/wp\/v2\/product_brand?post=4384"},{"taxonomy":"product_cat","embeddable":true,"href":"https:\/\/medposnonwoven.com\/de\/wp-json\/wp\/v2\/product_cat?post=4384"},{"taxonomy":"product_tag","embeddable":true,"href":"https:\/\/medposnonwoven.com\/de\/wp-json\/wp\/v2\/product_tag?post=4384"}],"curies":[{"name":"wp","href":"https:\/\/api.w.org\/{rel}","templated":true}]}}