{"id":4385,"date":"2023-01-12T16:20:25","date_gmt":"2023-01-12T16:20:25","guid":{"rendered":"https:\/\/medposnonwoven.com\/product\/einweg-tpe-handschuh\/"},"modified":"2023-04-23T09:13:34","modified_gmt":"2023-04-23T09:13:34","slug":"einweg-tpe-handschuh","status":"publish","type":"product","link":"https:\/\/medposnonwoven.com\/de\/produkt\/einweg-tpe-handschuh\/","title":{"rendered":"Einweg-TPE-Handschuh"},"content":{"rendered":"<ul>\n<li>Was sind Einweg-TPE-Handschuhe?<br \/>\nF\u00fcr Einweg-TPE-Handschuhe wird SEBS als Basismaterial verwendet, und TPE-Gie\u00dffolienhandschuhe werden durch Spritzgie\u00dfen, Kalandrieren und andere Verarbeitungsmethoden hergestellt. Es handelt sich um relativ hochwertige Einweg-Plastikhandschuhe. Bei grundlegenden Anwendungen k\u00f6nnen sie herk\u00f6mmliche PVC- und PE-Handschuhe f\u00fcr den Einsatz ersetzen. Dieses Produkt zeichnet sich durch hervorragende Zugkraft und Elastizit\u00e4t, starke Dicke, Korrosionsbest\u00e4ndigkeit, \u00d6lbest\u00e4ndigkeit, Bruchsicherheit, gutes Handgef\u00fchl usw. aus und hat ein breites Anwendungsspektrum.<\/li>\n<li>Was sind die Merkmale von TPE-Einmalhandschuhen?<br \/>\n1. TPE-Handschuhe sind weicher, elastischer und widerstandsf\u00e4higer als gew\u00f6hnliche PE- und PVC-Kunststoffhandschuhe; sie haben eine bessere antistatische Leistung als Latexhandschuhe und riechen nicht merkw\u00fcrdig.<br \/>\n2. Die Pr\u00e4gung ist feiner, nicht klebrig, weich und nicht glitschig.<br \/>\n3. Es ist leichter zu tragen, hat eine gute Haftung, und macht die Bewegungen der Faust weicher.<br \/>\n4. Enth\u00e4lt keine Naturlatexbestandteile, reagiert nicht allergisch auf die menschliche Haut, ist nicht leicht zu brechen und hat eine hohe Elastizit\u00e4t.<br \/>\n5. Stark und langlebig, kann es Latex-Handschuhe in einigen Bereichen ersetzen, der Preis ist niedrig, und es kann recycelt und wiederverwendet werden.<br \/>\n6. Seine anpassbare H\u00e4rte und seine physikalischen Eigenschaften bieten Produktdesignern einen gro\u00dfen Spielraum f\u00fcr Fantasie und Gestaltung. Seine umweltschonenden und ungiftigen Eigenschaften sind das Vertrauen der Verbraucher wert.<br \/>\n7. Es enth\u00e4lt kein Latexprotein und kann daher keine allergischen Reaktionen hervorrufen. Gleichzeitig hat es antistatische, Anti-Aging- und \u00f6labweisende Eigenschaften. Die Form der Handschuhe ist der Form der menschlichen Hand nachempfunden und zeichnet sich durch hohe Sensibilit\u00e4t, gute Dehnbarkeit und Durchstichfestigkeit, hohe Zugfestigkeit und gute Abriebfestigkeit aus.<\/li>\n<\/ul>\n<p>&nbsp;<\/p>\n<p>&nbsp;<\/p>\n","protected":false},"excerpt":{"rendered":"<ul>\n<li>TPE-Einmalhandschuhe bieten eine gr\u00f6\u00dfere Dehnbarkeit als typische PE-Handschuhe, die wenig dehnbar sind und die Haut einschn\u00fcren k\u00f6nnen. Hergestellt aus thermoplastischem Elastomermaterial und nicht aus Naturkautschuklatex, was bei Latexallergien hilfreich sein kann.<\/li>\n<li>Weit verbreitet im Umgang mit Lebensmitteln, in der K\u00fcche, im Haushalt, in Hotels, in der medizinischen Behandlung, im Friseurhandwerk, in der Laborreinigung und an anderen geeigneten Orten.<\/li>\n<\/ul>\n<h4>Eigenschaften<\/h4>\n<p>Material: TPE (Thermoplastische Elastomere)<\/p>\n<p>Gr\u00f6\u00dfe: S,M,L,XL<\/p>\n<p>Farbe: Blau, Klar, Schwarz oder kundenspezifisch<\/p>\n<p>Art: Gepr\u00e4gte Oberfl\u00e4che. Beidh\u00e4ndig<\/p>\n<p>Verpacken: Tasche, Box oder kundenspezifisch<\/p>\n<p>&nbsp;<\/p>\n<p>&nbsp;<\/p>\n<p>&nbsp;<\/p>\n","protected":false},"featured_media":4104,"template":"","meta":{"site-sidebar-layout":"default","site-content-layout":"default","ast-site-content-layout":"default","site-content-style":"default","site-sidebar-style":"default","ast-global-header-display":"","ast-banner-title-visibility":"","ast-main-header-display":"","ast-hfb-above-header-display":"","ast-hfb-below-header-display":"","ast-hfb-mobile-header-display":"","site-post-title":"","ast-breadcrumbs-content":"","ast-featured-img":"","footer-sml-layout":"","ast-disable-related-posts":"","theme-transparent-header-meta":"default","adv-header-id-meta":"","stick-header-meta":"","header-above-stick-meta":"","header-main-stick-meta":"","header-below-stick-meta":"","astra-migrate-meta-layouts":"default","ast-page-background-enabled":"default","ast-page-background-meta":{"desktop":{"background-color":"","background-image":"","background-repeat":"repeat","background-position":"center center","background-size":"auto","background-attachment":"scroll","background-type":"","background-media":"","overlay-type":"","overlay-color":"","overlay-opacity":"","overlay-gradient":""},"tablet":{"background-color":"","background-image":"","background-repeat":"repeat","background-position":"center center","background-size":"auto","background-attachment":"scroll","background-type":"","background-media":"","overlay-type":"","overlay-color":"","overlay-opacity":"","overlay-gradient":""},"mobile":{"background-color":"","background-image":"","background-repeat":"repeat","background-position":"center center","background-size":"auto","background-attachment":"scroll","background-type":"","background-media":"","overlay-type":"","overlay-color":"","overlay-opacity":"","overlay-gradient":""}},"ast-content-background-meta":{"desktop":{"background-color":"var(--ast-global-color-5)","background-image":"","background-repeat":"repeat","background-position":"center center","background-size":"auto","background-attachment":"scroll","background-type":"","background-media":"","overlay-type":"","overlay-color":"","overlay-opacity":"","overlay-gradient":""},"tablet":{"background-color":"var(--ast-global-color-5)","background-image":"","background-repeat":"repeat","background-position":"center center","background-size":"auto","background-attachment":"scroll","background-type":"","background-media":"","overlay-type":"","overlay-color":"","overlay-opacity":"","overlay-gradient":""},"mobile":{"background-color":"var(--ast-global-color-5)","background-image":"","background-repeat":"repeat","background-position":"center center","background-size":"auto","background-attachment":"scroll","background-type":"","background-media":"","overlay-type":"","overlay-color":"","overlay-opacity":"","overlay-gradient":""}}},"product_brand":[],"product_cat":[102],"product_tag":[],"class_list":{"0":"post-4385","1":"product","2":"type-product","3":"status-publish","4":"has-post-thumbnail","6":"product_cat-einweghandschuhe","7":"desktop-align-center","8":"tablet-align-left","9":"mobile-align-left","11":"first","12":"instock","13":"shipping-taxable","14":"product-type-simple"},"_links":{"self":[{"href":"https:\/\/medposnonwoven.com\/de\/wp-json\/wp\/v2\/product\/4385","targetHints":{"allow":["GET"]}}],"collection":[{"href":"https:\/\/medposnonwoven.com\/de\/wp-json\/wp\/v2\/product"}],"about":[{"href":"https:\/\/medposnonwoven.com\/de\/wp-json\/wp\/v2\/types\/product"}],"wp:featuredmedia":[{"embeddable":true,"href":"https:\/\/medposnonwoven.com\/de\/wp-json\/wp\/v2\/media\/4104"}],"wp:attachment":[{"href":"https:\/\/medposnonwoven.com\/de\/wp-json\/wp\/v2\/media?parent=4385"}],"wp:term":[{"taxonomy":"product_brand","embeddable":true,"href":"https:\/\/medposnonwoven.com\/de\/wp-json\/wp\/v2\/product_brand?post=4385"},{"taxonomy":"product_cat","embeddable":true,"href":"https:\/\/medposnonwoven.com\/de\/wp-json\/wp\/v2\/product_cat?post=4385"},{"taxonomy":"product_tag","embeddable":true,"href":"https:\/\/medposnonwoven.com\/de\/wp-json\/wp\/v2\/product_tag?post=4385"}],"curies":[{"name":"wp","href":"https:\/\/api.w.org\/{rel}","templated":true}]}}