{"id":4386,"date":"2023-01-14T15:34:55","date_gmt":"2023-01-14T15:34:55","guid":{"rendered":"https:\/\/medposnonwoven.com\/product\/inkontinenzeinlagen-mit-klebeband\/"},"modified":"2023-04-23T08:46:26","modified_gmt":"2023-04-23T08:46:26","slug":"inkontinenzeinlagen-mit-klebeband","status":"publish","type":"product","link":"https:\/\/medposnonwoven.com\/de\/produkt\/inkontinenzeinlagen-mit-klebeband\/","title":{"rendered":"Inkontinenzeinlagen mit Klebeband"},"content":{"rendered":"<ul>\n<li>Machen Sie sich Sorgen \u00fcber diese Probleme?<br \/>\n1. Wenn Sie nach einem langen Arbeitstag m\u00fcde sind, finden Sie \u00fcberall im Haus den Urin Ihres Hundes.<br \/>\n2. Wenn Sie sich darauf freuen, mit Ihrem Hund einen Wochenendausflug zu machen, kann der Hund nicht anders, als w\u00e4hrend der Fahrt ins Auto zu pinkeln.<br \/>\n3. Immer wenn eine H\u00fcndin Welpen zur Welt bringt, wird Ihr Haus schmutzig und stinkt.<br \/>\nTesten Sie unsere Haustierunterlagen, die Ihnen helfen k\u00f6nnen, diese Probleme zu l\u00f6sen. Unsere Einweg-Pflegebinden sind sehr saugf\u00e4hig, der trockene Vliesstoff ist weich und atmungsaktiv, bequem und hautfreundlich. PE-Folie starke wasserdichte Backsheet-Folie, stark und langlebig zu verhindern, dass Leckagen an den R\u00e4ndern und unten, was den Boden sauber halten kann. Hinzuf\u00fcgen eines Desodorierungsfaktors, um die Frische zu erhalten und Ihr Zuhause zu sch\u00fctzen. Die Unterlage kann mit Klebstoff auf dem Boden befestigt werden, um das Problem der Verschiebung durch das Laufen und Treten von Haustieren zu l\u00f6sen.<\/li>\n<\/ul>\n<p>&nbsp;<\/p>\n","protected":false},"excerpt":{"rendered":"<ul>\n<li>Um zu verhindern, dass sich die Pee Pads unkontrolliert bewegen, haben wir zwei breite Klebestreifen auf der R\u00fcckseite des Produkts angebracht. Bitte verzichten Sie auf das Auftragen von Klebstoffen auf Holzb\u00f6den.<\/li>\n<li>Weit verbreitet in Krankenh\u00e4usern, Pflegeheimen, in der Babypflege, im Haushalt, beim Hundetraining und zum Schutz von M\u00f6beln.<\/li>\n<\/ul>\n<h4>Eigenschaften<\/h4>\n<p>Material: Vliesstoff+Papier+Flusen+SAP+PE-Folie<\/p>\n<p>Gr\u00f6\u00dfe: 60x60cm, 60x90cm oder kundenspezifisch<\/p>\n<p>Farbe: Blau, Wei\u00df, Gr\u00fcn<\/p>\n<p>Typ: Mit oder ohne gepr\u00e4gtem Muster<\/p>\n<p>Verpackung: 20 St\u00fcck\/Beutel, 15 Beutel\/Karton<\/p>\n<p>&nbsp;<\/p>\n<p>&nbsp;<\/p>\n","protected":false},"featured_media":4129,"template":"","meta":{"site-sidebar-layout":"default","site-content-layout":"default","ast-site-content-layout":"default","site-content-style":"default","site-sidebar-style":"default","ast-global-header-display":"","ast-banner-title-visibility":"","ast-main-header-display":"","ast-hfb-above-header-display":"","ast-hfb-below-header-display":"","ast-hfb-mobile-header-display":"","site-post-title":"","ast-breadcrumbs-content":"","ast-featured-img":"","footer-sml-layout":"","ast-disable-related-posts":"","theme-transparent-header-meta":"default","adv-header-id-meta":"","stick-header-meta":"","header-above-stick-meta":"","header-main-stick-meta":"","header-below-stick-meta":"","astra-migrate-meta-layouts":"default","ast-page-background-enabled":"default","ast-page-background-meta":{"desktop":{"background-color":"","background-image":"","background-repeat":"repeat","background-position":"center center","background-size":"auto","background-attachment":"scroll","background-type":"","background-media":"","overlay-type":"","overlay-color":"","overlay-opacity":"","overlay-gradient":""},"tablet":{"background-color":"","background-image":"","background-repeat":"repeat","background-position":"center center","background-size":"auto","background-attachment":"scroll","background-type":"","background-media":"","overlay-type":"","overlay-color":"","overlay-opacity":"","overlay-gradient":""},"mobile":{"background-color":"","background-image":"","background-repeat":"repeat","background-position":"center center","background-size":"auto","background-attachment":"scroll","background-type":"","background-media":"","overlay-type":"","overlay-color":"","overlay-opacity":"","overlay-gradient":""}},"ast-content-background-meta":{"desktop":{"background-color":"var(--ast-global-color-5)","background-image":"","background-repeat":"repeat","background-position":"center center","background-size":"auto","background-attachment":"scroll","background-type":"","background-media":"","overlay-type":"","overlay-color":"","overlay-opacity":"","overlay-gradient":""},"tablet":{"background-color":"var(--ast-global-color-5)","background-image":"","background-repeat":"repeat","background-position":"center center","background-size":"auto","background-attachment":"scroll","background-type":"","background-media":"","overlay-type":"","overlay-color":"","overlay-opacity":"","overlay-gradient":""},"mobile":{"background-color":"var(--ast-global-color-5)","background-image":"","background-repeat":"repeat","background-position":"center center","background-size":"auto","background-attachment":"scroll","background-type":"","background-media":"","overlay-type":"","overlay-color":"","overlay-opacity":"","overlay-gradient":""}}},"product_brand":[],"product_cat":[101],"product_tag":[],"class_list":{"0":"post-4386","1":"product","2":"type-product","3":"status-publish","4":"has-post-thumbnail","6":"product_cat-wegwerf-unterlagen","7":"desktop-align-center","8":"tablet-align-left","9":"mobile-align-left","11":"first","12":"instock","13":"shipping-taxable","14":"product-type-simple"},"_links":{"self":[{"href":"https:\/\/medposnonwoven.com\/de\/wp-json\/wp\/v2\/product\/4386","targetHints":{"allow":["GET"]}}],"collection":[{"href":"https:\/\/medposnonwoven.com\/de\/wp-json\/wp\/v2\/product"}],"about":[{"href":"https:\/\/medposnonwoven.com\/de\/wp-json\/wp\/v2\/types\/product"}],"wp:featuredmedia":[{"embeddable":true,"href":"https:\/\/medposnonwoven.com\/de\/wp-json\/wp\/v2\/media\/4129"}],"wp:attachment":[{"href":"https:\/\/medposnonwoven.com\/de\/wp-json\/wp\/v2\/media?parent=4386"}],"wp:term":[{"taxonomy":"product_brand","embeddable":true,"href":"https:\/\/medposnonwoven.com\/de\/wp-json\/wp\/v2\/product_brand?post=4386"},{"taxonomy":"product_cat","embeddable":true,"href":"https:\/\/medposnonwoven.com\/de\/wp-json\/wp\/v2\/product_cat?post=4386"},{"taxonomy":"product_tag","embeddable":true,"href":"https:\/\/medposnonwoven.com\/de\/wp-json\/wp\/v2\/product_tag?post=4386"}],"curies":[{"name":"wp","href":"https:\/\/api.w.org\/{rel}","templated":true}]}}