{"id":4387,"date":"2023-01-16T12:41:47","date_gmt":"2023-01-16T12:41:47","guid":{"rendered":"https:\/\/medposnonwoven.com\/product\/einweg-kopfkissenbezuege\/"},"modified":"2023-04-23T08:37:11","modified_gmt":"2023-04-23T08:37:11","slug":"einweg-kopfkissenbezuege","status":"publish","type":"product","link":"https:\/\/medposnonwoven.com\/de\/produkt\/einweg-kopfkissenbezuege\/","title":{"rendered":"Einweg-Kopfkissenbez\u00fcge"},"content":{"rendered":"<ul>\n<li>Einwegbettw\u00e4sche und -bez\u00fcge werden in erster Linie dazu verwendet, Oberfl\u00e4chen vor\u00fcbergehend abzudecken, um eine Kontamination zu verhindern, falls ein potenziell kontaminiertes oder gef\u00e4hrliches Material mit der Oberfl\u00e4che in Ber\u00fchrung kommt. Dies wird durch die Folie verhindert, die wie eine physische Barriere wirkt.<br \/>\nSie dient als physische Barriere, die die \u00dcbertragung von verunreinigtem oder infekti\u00f6sem Material auf die Oberfl\u00e4che verhindert. Die n\u00e4chste Person oder Sache, die mit der Oberfl\u00e4che in Kontakt kommt, ist ebenfalls gef\u00e4hrdet, wenn die Folie nicht vorhanden war und die Oberfl\u00e4che mit einem Schadstoff in Ber\u00fchrung gekommen ist. Einwegbettw\u00e4sche verringert also auch die Verbreitung von Krankheiten unter den Menschen.<\/li>\n<li>Die Einweg-Bettlaken und -Bez\u00fcge sind chemikalien- und fl\u00fcssigkeitsbest\u00e4ndig. Sie d\u00fcrfen nur einmal verwendet werden, um die Ausbreitung von Gefahrstoffen zu verhindern. Um dies zu erleichtern, werden sie einfach entsorgt. Die T\u00fccher sind nicht nur im medizinischen Bereich n\u00fctzlich. Sie werden in Hotels und Sch\u00f6nheitssalons eingesetzt, um die Waschkosten zu senken und die Oberfl\u00e4chen zu sch\u00fctzen.<\/li>\n<\/ul>\n","protected":false},"excerpt":{"rendered":"<ul>\n<li>Einweg-Kissenbezug ist aus nicht gewebtem Einwegmaterial, es ist bequem zu bedienen, es ist weich und atmungsaktiv, bieten Ihnen eine wunderbare Entspannung.<\/li>\n<li>Weit verbreitet in Krankenh\u00e4usern, Hotels, Sch\u00f6nheitssalons, Massageliegen, Gesichtsbehandlungs- und Untersuchungsliegen, Krankenhaustischen, Chiropraktiker- und Physiotherapietischen.<\/li>\n<\/ul>\n<h4>Eigenschaften<\/h4>\n<p>Material: Polypropylen-Spinnvlies<\/p>\n<p>Gr\u00f6\u00dfe: 45x60cm, 50x70cm oder kundenspezifisch<\/p>\n<p>Farbe: Blau, Wei\u00df, Rosa<\/p>\n<p>Art: Einwegartikel<\/p>\n<p>Verpackung: 50 St\u00fcck\/Beutel, 10 Beutel\/Karton<\/p>\n<p>&nbsp;<\/p>\n","protected":false},"featured_media":4144,"template":"","meta":{"site-sidebar-layout":"default","site-content-layout":"default","ast-site-content-layout":"default","site-content-style":"default","site-sidebar-style":"default","ast-global-header-display":"","ast-banner-title-visibility":"","ast-main-header-display":"","ast-hfb-above-header-display":"","ast-hfb-below-header-display":"","ast-hfb-mobile-header-display":"","site-post-title":"","ast-breadcrumbs-content":"","ast-featured-img":"","footer-sml-layout":"","ast-disable-related-posts":"","theme-transparent-header-meta":"default","adv-header-id-meta":"","stick-header-meta":"","header-above-stick-meta":"","header-main-stick-meta":"","header-below-stick-meta":"","astra-migrate-meta-layouts":"default","ast-page-background-enabled":"default","ast-page-background-meta":{"desktop":{"background-color":"","background-image":"","background-repeat":"repeat","background-position":"center center","background-size":"auto","background-attachment":"scroll","background-type":"","background-media":"","overlay-type":"","overlay-color":"","overlay-opacity":"","overlay-gradient":""},"tablet":{"background-color":"","background-image":"","background-repeat":"repeat","background-position":"center center","background-size":"auto","background-attachment":"scroll","background-type":"","background-media":"","overlay-type":"","overlay-color":"","overlay-opacity":"","overlay-gradient":""},"mobile":{"background-color":"","background-image":"","background-repeat":"repeat","background-position":"center center","background-size":"auto","background-attachment":"scroll","background-type":"","background-media":"","overlay-type":"","overlay-color":"","overlay-opacity":"","overlay-gradient":""}},"ast-content-background-meta":{"desktop":{"background-color":"var(--ast-global-color-5)","background-image":"","background-repeat":"repeat","background-position":"center center","background-size":"auto","background-attachment":"scroll","background-type":"","background-media":"","overlay-type":"","overlay-color":"","overlay-opacity":"","overlay-gradient":""},"tablet":{"background-color":"var(--ast-global-color-5)","background-image":"","background-repeat":"repeat","background-position":"center center","background-size":"auto","background-attachment":"scroll","background-type":"","background-media":"","overlay-type":"","overlay-color":"","overlay-opacity":"","overlay-gradient":""},"mobile":{"background-color":"var(--ast-global-color-5)","background-image":"","background-repeat":"repeat","background-position":"center center","background-size":"auto","background-attachment":"scroll","background-type":"","background-media":"","overlay-type":"","overlay-color":"","overlay-opacity":"","overlay-gradient":""}}},"product_brand":[],"product_cat":[100],"product_tag":[],"class_list":{"0":"post-4387","1":"product","2":"type-product","3":"status-publish","4":"has-post-thumbnail","6":"product_cat-einweg-bettrollen-und-bezuge","7":"desktop-align-center","8":"tablet-align-left","9":"mobile-align-left","11":"first","12":"instock","13":"shipping-taxable","14":"product-type-simple"},"_links":{"self":[{"href":"https:\/\/medposnonwoven.com\/de\/wp-json\/wp\/v2\/product\/4387","targetHints":{"allow":["GET"]}}],"collection":[{"href":"https:\/\/medposnonwoven.com\/de\/wp-json\/wp\/v2\/product"}],"about":[{"href":"https:\/\/medposnonwoven.com\/de\/wp-json\/wp\/v2\/types\/product"}],"wp:featuredmedia":[{"embeddable":true,"href":"https:\/\/medposnonwoven.com\/de\/wp-json\/wp\/v2\/media\/4144"}],"wp:attachment":[{"href":"https:\/\/medposnonwoven.com\/de\/wp-json\/wp\/v2\/media?parent=4387"}],"wp:term":[{"taxonomy":"product_brand","embeddable":true,"href":"https:\/\/medposnonwoven.com\/de\/wp-json\/wp\/v2\/product_brand?post=4387"},{"taxonomy":"product_cat","embeddable":true,"href":"https:\/\/medposnonwoven.com\/de\/wp-json\/wp\/v2\/product_cat?post=4387"},{"taxonomy":"product_tag","embeddable":true,"href":"https:\/\/medposnonwoven.com\/de\/wp-json\/wp\/v2\/product_tag?post=4387"}],"curies":[{"name":"wp","href":"https:\/\/api.w.org\/{rel}","templated":true}]}}