{"id":4388,"date":"2023-01-13T16:32:34","date_gmt":"2023-01-13T16:32:34","guid":{"rendered":"https:\/\/medposnonwoven.com\/product\/einweg-armstulpen-aus-vliesstoff\/"},"modified":"2023-04-23T09:00:57","modified_gmt":"2023-04-23T09:00:57","slug":"einweg-armstulpen-aus-vliesstoff","status":"publish","type":"product","link":"https:\/\/medposnonwoven.com\/de\/produkt\/einweg-armstulpen-aus-vliesstoff\/","title":{"rendered":"Einweg-Armstulpen aus Vliesstoff"},"content":{"rendered":"<ul>\n<li>Verlassen Sie sich auf unsere Einwegh\u00fcllen, die dem Tr\u00e4ger ein stoff\u00e4hnliches Gef\u00fchl vermitteln, wenn Sie eine hochwertige Kombination aus Qualit\u00e4t und Komfort sowie zuverl\u00e4ssigen Schutz ben\u00f6tigen. Sie sind aus hochwertigem, fusselarmem, blauem Polypropylen-Spinnvlies hergestellt, das atmungsaktiv, weich, latexfrei und leicht ist. Das hochwertige, atmungsaktive Material ist bequem und k\u00fchl. Armstulpen aus Vliesstoff sind mit Gummiz\u00fcgen an beiden Enden versehen, um die Unterarme zu bedecken. Ein elastischer Verschluss bindet die \u00c4rmel am Handgelenk und am Ellbogen zusammen und erleichtert das Anziehen.<\/li>\n<\/ul>\n<p>&nbsp;<\/p>\n<p>&nbsp;<\/p>\n","protected":false},"excerpt":{"rendered":"<ul>\n<li>F\u00fcr die Herstellung der Einwegarmstulpen wird hochwertiges, fusselarmes Spinnvlies aus Polypropylen verwendet, das atmungsaktiv, weich, latexfrei und leicht ist.<\/li>\n<li>Weit verbreitet im Haushalt, bei der Gartenarbeit, in der Gastronomie, beim T\u00e4towieren, bei der Wartung oder bei anderen t\u00e4glichen Arbeiten.<\/li>\n<\/ul>\n<h4>Eigenschaften<\/h4>\n<p>Material: Polypropylen-Vliesstoff<\/p>\n<p>Gr\u00f6\u00dfe: 16\u2033(40 x 20cm) , 18\u2033 (45 x 22cm)<\/p>\n<p>Farbe: Blau, Wei\u00df<\/p>\n<p>Typ: Elastische Enden<\/p>\n<p>Verpackung: 100 St\u00fcck\/Beutel, 20 Beutel\/Karton<\/p>\n<p>&nbsp;<\/p>\n<p>&nbsp;<\/p>\n<p>&nbsp;<\/p>\n","protected":false},"featured_media":4117,"template":"","meta":{"site-sidebar-layout":"default","site-content-layout":"default","ast-site-content-layout":"default","site-content-style":"default","site-sidebar-style":"default","ast-global-header-display":"","ast-banner-title-visibility":"","ast-main-header-display":"","ast-hfb-above-header-display":"","ast-hfb-below-header-display":"","ast-hfb-mobile-header-display":"","site-post-title":"","ast-breadcrumbs-content":"","ast-featured-img":"","footer-sml-layout":"","ast-disable-related-posts":"","theme-transparent-header-meta":"default","adv-header-id-meta":"","stick-header-meta":"","header-above-stick-meta":"","header-main-stick-meta":"","header-below-stick-meta":"","astra-migrate-meta-layouts":"default","ast-page-background-enabled":"default","ast-page-background-meta":{"desktop":{"background-color":"","background-image":"","background-repeat":"repeat","background-position":"center center","background-size":"auto","background-attachment":"scroll","background-type":"","background-media":"","overlay-type":"","overlay-color":"","overlay-opacity":"","overlay-gradient":""},"tablet":{"background-color":"","background-image":"","background-repeat":"repeat","background-position":"center center","background-size":"auto","background-attachment":"scroll","background-type":"","background-media":"","overlay-type":"","overlay-color":"","overlay-opacity":"","overlay-gradient":""},"mobile":{"background-color":"","background-image":"","background-repeat":"repeat","background-position":"center center","background-size":"auto","background-attachment":"scroll","background-type":"","background-media":"","overlay-type":"","overlay-color":"","overlay-opacity":"","overlay-gradient":""}},"ast-content-background-meta":{"desktop":{"background-color":"var(--ast-global-color-5)","background-image":"","background-repeat":"repeat","background-position":"center center","background-size":"auto","background-attachment":"scroll","background-type":"","background-media":"","overlay-type":"","overlay-color":"","overlay-opacity":"","overlay-gradient":""},"tablet":{"background-color":"var(--ast-global-color-5)","background-image":"","background-repeat":"repeat","background-position":"center center","background-size":"auto","background-attachment":"scroll","background-type":"","background-media":"","overlay-type":"","overlay-color":"","overlay-opacity":"","overlay-gradient":""},"mobile":{"background-color":"var(--ast-global-color-5)","background-image":"","background-repeat":"repeat","background-position":"center center","background-size":"auto","background-attachment":"scroll","background-type":"","background-media":"","overlay-type":"","overlay-color":"","overlay-opacity":"","overlay-gradient":""}}},"product_brand":[],"product_cat":[99],"product_tag":[],"class_list":{"0":"post-4388","1":"product","2":"type-product","3":"status-publish","4":"has-post-thumbnail","6":"product_cat-einweghulsenabdeckungen","7":"desktop-align-center","8":"tablet-align-left","9":"mobile-align-left","11":"first","12":"instock","13":"shipping-taxable","14":"product-type-simple"},"_links":{"self":[{"href":"https:\/\/medposnonwoven.com\/de\/wp-json\/wp\/v2\/product\/4388","targetHints":{"allow":["GET"]}}],"collection":[{"href":"https:\/\/medposnonwoven.com\/de\/wp-json\/wp\/v2\/product"}],"about":[{"href":"https:\/\/medposnonwoven.com\/de\/wp-json\/wp\/v2\/types\/product"}],"wp:featuredmedia":[{"embeddable":true,"href":"https:\/\/medposnonwoven.com\/de\/wp-json\/wp\/v2\/media\/4117"}],"wp:attachment":[{"href":"https:\/\/medposnonwoven.com\/de\/wp-json\/wp\/v2\/media?parent=4388"}],"wp:term":[{"taxonomy":"product_brand","embeddable":true,"href":"https:\/\/medposnonwoven.com\/de\/wp-json\/wp\/v2\/product_brand?post=4388"},{"taxonomy":"product_cat","embeddable":true,"href":"https:\/\/medposnonwoven.com\/de\/wp-json\/wp\/v2\/product_cat?post=4388"},{"taxonomy":"product_tag","embeddable":true,"href":"https:\/\/medposnonwoven.com\/de\/wp-json\/wp\/v2\/product_tag?post=4388"}],"curies":[{"name":"wp","href":"https:\/\/api.w.org\/{rel}","templated":true}]}}