{"id":4389,"date":"2023-01-12T14:47:20","date_gmt":"2023-01-12T14:47:20","guid":{"rendered":"https:\/\/medposnonwoven.com\/product\/cpe-einweghandschuh\/"},"modified":"2023-04-23T09:16:01","modified_gmt":"2023-04-23T09:16:01","slug":"cpe-einweghandschuh","status":"publish","type":"product","link":"https:\/\/medposnonwoven.com\/de\/produkt\/cpe-einweghandschuh\/","title":{"rendered":"CPE-Einweghandschuh"},"content":{"rendered":"<ul>\n<li>Einweg-Kunststoffhandschuhe werden aus Polyethylen hoher Dichte (HDPE) und Polyethylen niedriger Dichte (LDPE) hergestellt. Sie sind hochtransparent, lassen sich gut \u00f6ffnen und haben eine rutschfeste Pr\u00e4gung. Hergestellt aus ungiftigem und geschmacksneutralem neuen Material. Bequem, hygienisch, sicher, gesund, umweltfreundlich, kosteng\u00fcnstig, geeignet f\u00fcr Branchen mit hoher Austauschh\u00e4ufigkeit. Effektive Kostenkontrolle, super heiliges Material, gute Z\u00e4higkeit, flexiblere Abnutzung, besonders geeignet f\u00fcr Lebensmittelverarbeitung, Hotelk\u00fcchen und andere Verarbeitungsbereiche. Die Oberfl\u00e4che ist gepr\u00e4gt und entkernt. Anti-Rutsch-Design, festere Griffigkeit, passt sich der Hand an, bequemer zu tragen, flexibler, steril und geschmacksneutral, Vermeidung von Verschmutzung und Kreuzinfektion durch den Gebrauch.<\/li>\n<\/ul>\n<p>&nbsp;<\/p>\n","protected":false},"excerpt":{"rendered":"<ul>\n<li>Die CPE-Handschuhe bestehen aus gegossenem Polyethylen und sind robust genug, um Lebensmittel zuzubereiten und einfache Arbeiten mit Lebensmittelkontakt auszuf\u00fchren. Robuster und rei\u00dffester als PE-Handschuhe.<\/li>\n<li>Weit verbreitet im Umgang mit Lebensmitteln, in der K\u00fcche, im Haushalt, in Hotels, in der medizinischen Behandlung, im Friseurhandwerk, in der Laborreinigung und an anderen geeigneten Orten.<\/li>\n<\/ul>\n<h4>Eigenschaften<\/h4>\n<p>Material: Gegossenes Polyethylen (CPE)<\/p>\n<p>Gr\u00f6\u00dfe: S,M,L,XL<\/p>\n<p>Farbe: Klar<\/p>\n<p>Art: Gepr\u00e4gte Oberfl\u00e4che. Beidh\u00e4ndig<\/p>\n<p>Verpacken: Tasche, Box oder kundenspezifisch<\/p>\n<p>&nbsp;<\/p>\n<p>&nbsp;<\/p>\n","protected":false},"featured_media":4101,"template":"","meta":{"site-sidebar-layout":"default","site-content-layout":"default","ast-site-content-layout":"default","site-content-style":"default","site-sidebar-style":"default","ast-global-header-display":"","ast-banner-title-visibility":"","ast-main-header-display":"","ast-hfb-above-header-display":"","ast-hfb-below-header-display":"","ast-hfb-mobile-header-display":"","site-post-title":"","ast-breadcrumbs-content":"","ast-featured-img":"","footer-sml-layout":"","ast-disable-related-posts":"","theme-transparent-header-meta":"default","adv-header-id-meta":"","stick-header-meta":"","header-above-stick-meta":"","header-main-stick-meta":"","header-below-stick-meta":"","astra-migrate-meta-layouts":"default","ast-page-background-enabled":"default","ast-page-background-meta":{"desktop":{"background-color":"","background-image":"","background-repeat":"repeat","background-position":"center center","background-size":"auto","background-attachment":"scroll","background-type":"","background-media":"","overlay-type":"","overlay-color":"","overlay-opacity":"","overlay-gradient":""},"tablet":{"background-color":"","background-image":"","background-repeat":"repeat","background-position":"center center","background-size":"auto","background-attachment":"scroll","background-type":"","background-media":"","overlay-type":"","overlay-color":"","overlay-opacity":"","overlay-gradient":""},"mobile":{"background-color":"","background-image":"","background-repeat":"repeat","background-position":"center center","background-size":"auto","background-attachment":"scroll","background-type":"","background-media":"","overlay-type":"","overlay-color":"","overlay-opacity":"","overlay-gradient":""}},"ast-content-background-meta":{"desktop":{"background-color":"var(--ast-global-color-5)","background-image":"","background-repeat":"repeat","background-position":"center center","background-size":"auto","background-attachment":"scroll","background-type":"","background-media":"","overlay-type":"","overlay-color":"","overlay-opacity":"","overlay-gradient":""},"tablet":{"background-color":"var(--ast-global-color-5)","background-image":"","background-repeat":"repeat","background-position":"center center","background-size":"auto","background-attachment":"scroll","background-type":"","background-media":"","overlay-type":"","overlay-color":"","overlay-opacity":"","overlay-gradient":""},"mobile":{"background-color":"var(--ast-global-color-5)","background-image":"","background-repeat":"repeat","background-position":"center center","background-size":"auto","background-attachment":"scroll","background-type":"","background-media":"","overlay-type":"","overlay-color":"","overlay-opacity":"","overlay-gradient":""}}},"product_brand":[],"product_cat":[102],"product_tag":[],"class_list":{"0":"post-4389","1":"product","2":"type-product","3":"status-publish","4":"has-post-thumbnail","6":"product_cat-einweghandschuhe","7":"desktop-align-center","8":"tablet-align-left","9":"mobile-align-left","11":"first","12":"instock","13":"shipping-taxable","14":"product-type-simple"},"_links":{"self":[{"href":"https:\/\/medposnonwoven.com\/de\/wp-json\/wp\/v2\/product\/4389","targetHints":{"allow":["GET"]}}],"collection":[{"href":"https:\/\/medposnonwoven.com\/de\/wp-json\/wp\/v2\/product"}],"about":[{"href":"https:\/\/medposnonwoven.com\/de\/wp-json\/wp\/v2\/types\/product"}],"wp:featuredmedia":[{"embeddable":true,"href":"https:\/\/medposnonwoven.com\/de\/wp-json\/wp\/v2\/media\/4101"}],"wp:attachment":[{"href":"https:\/\/medposnonwoven.com\/de\/wp-json\/wp\/v2\/media?parent=4389"}],"wp:term":[{"taxonomy":"product_brand","embeddable":true,"href":"https:\/\/medposnonwoven.com\/de\/wp-json\/wp\/v2\/product_brand?post=4389"},{"taxonomy":"product_cat","embeddable":true,"href":"https:\/\/medposnonwoven.com\/de\/wp-json\/wp\/v2\/product_cat?post=4389"},{"taxonomy":"product_tag","embeddable":true,"href":"https:\/\/medposnonwoven.com\/de\/wp-json\/wp\/v2\/product_tag?post=4389"}],"curies":[{"name":"wp","href":"https:\/\/api.w.org\/{rel}","templated":true}]}}