{"id":4390,"date":"2023-01-14T15:25:06","date_gmt":"2023-01-14T15:25:06","guid":{"rendered":"https:\/\/medposnonwoven.com\/product\/trainingspads-fuer-haustiere\/"},"modified":"2023-04-23T08:51:14","modified_gmt":"2023-04-23T08:51:14","slug":"trainingspads-fuer-haustiere","status":"publish","type":"product","link":"https:\/\/medposnonwoven.com\/de\/produkt\/trainingspads-fuer-haustiere\/","title":{"rendered":"Trainingspads f\u00fcr Haustiere"},"content":{"rendered":"<ul>\n<li>Werden Ihre Haustiere Ihnen diese Probleme bereiten? \u00dcberall Sch\u00e4len; Innenraumgeschmack; Urin an den Krallen von Haustieren. Unsere Urinpads f\u00fcr Haustiere k\u00f6nnen Ihnen helfen, diese Probleme zu l\u00f6sen. Erstens k\u00f6nnen unsere Trainingsunterlagen f\u00fcr Haustiere sofort Wasser absorbieren, ohne dass der Urin der Tiere t\u00e4glich gereinigt werden muss. Zweitens ist die physikalische Absorption stark und kann den Geruch von Urin wirksam entfernen. Drittens: Helfen Sie dem Besitzer, sein Tier darauf zu trainieren, an einen bestimmten Ort zu pinkeln. Schlie\u00dflich die verdickte Baumwolle an den vier Seiten, um ein \u00dcberlaufen des Urins zu verhindern.<\/li>\n<li>Unsere Pflegematten f\u00fcr Haustiere haben die folgenden Eigenschaften:<br \/>\n1. SAP Polymer &amp; Holz Zellstoff schnell absorbieren Wasser und sperren Wasser, trocken und undurchl\u00e4ssig.<br \/>\n2. Der Vliesstoff ist zart, hautfreundlich und weich f\u00fcr das Baby.<br \/>\n3. Oberfl\u00e4che Vertiefung dicht, einheitliche Textur, f\u00f6rderlich f\u00fcr Haustier Urin R\u00fcckfluss, verbessern die Absorptionsrate.<\/li>\n<\/ul>\n<p>&nbsp;<\/p>\n","protected":false},"excerpt":{"rendered":"<ul>\n<li>Ein integrierter Lockstoff, der Ihren Hund zur Bude f\u00fchrt, k\u00f6nnte Ihnen helfen, Ihren Hund erfolgreich stubenrein zu machen. Diese Pipi-Pads k\u00f6nnen helfen, Ihr teures Hartholz und Ihren Teppich zu sch\u00fctzen und zus\u00e4tzlich Ger\u00fcche und Tierurin zu absorbieren.<\/li>\n<li>Weit verbreitet in Krankenh\u00e4usern, Pflegeheimen, in der Babypflege, im Haushalt, beim Hundetraining und zum Schutz von M\u00f6beln.<\/li>\n<\/ul>\n<h4>Eigenschaften<\/h4>\n<p>Material:Vliesstoff+Papier+Flusen+SAP+PE-Folie<\/p>\n<p>Gr\u00f6\u00dfe: 60x60cm, 60x90cm oder kundenspezifisch<\/p>\n<p>Farbe: Blau, Wei\u00df, Rosa<\/p>\n<p>Typ: Mit oder ohne gepr\u00e4gtem Muster<\/p>\n<p>Verpackung: 20 St\u00fcck\/Beutel, 15 Beutel\/Karton<\/p>\n<p>&nbsp;<\/p>\n<p>&nbsp;<\/p>\n","protected":false},"featured_media":4127,"template":"","meta":{"site-sidebar-layout":"default","site-content-layout":"default","ast-site-content-layout":"default","site-content-style":"default","site-sidebar-style":"default","ast-global-header-display":"","ast-banner-title-visibility":"","ast-main-header-display":"","ast-hfb-above-header-display":"","ast-hfb-below-header-display":"","ast-hfb-mobile-header-display":"","site-post-title":"","ast-breadcrumbs-content":"","ast-featured-img":"","footer-sml-layout":"","ast-disable-related-posts":"","theme-transparent-header-meta":"default","adv-header-id-meta":"","stick-header-meta":"","header-above-stick-meta":"","header-main-stick-meta":"","header-below-stick-meta":"","astra-migrate-meta-layouts":"default","ast-page-background-enabled":"default","ast-page-background-meta":{"desktop":{"background-color":"","background-image":"","background-repeat":"repeat","background-position":"center center","background-size":"auto","background-attachment":"scroll","background-type":"","background-media":"","overlay-type":"","overlay-color":"","overlay-opacity":"","overlay-gradient":""},"tablet":{"background-color":"","background-image":"","background-repeat":"repeat","background-position":"center center","background-size":"auto","background-attachment":"scroll","background-type":"","background-media":"","overlay-type":"","overlay-color":"","overlay-opacity":"","overlay-gradient":""},"mobile":{"background-color":"","background-image":"","background-repeat":"repeat","background-position":"center center","background-size":"auto","background-attachment":"scroll","background-type":"","background-media":"","overlay-type":"","overlay-color":"","overlay-opacity":"","overlay-gradient":""}},"ast-content-background-meta":{"desktop":{"background-color":"var(--ast-global-color-5)","background-image":"","background-repeat":"repeat","background-position":"center center","background-size":"auto","background-attachment":"scroll","background-type":"","background-media":"","overlay-type":"","overlay-color":"","overlay-opacity":"","overlay-gradient":""},"tablet":{"background-color":"var(--ast-global-color-5)","background-image":"","background-repeat":"repeat","background-position":"center center","background-size":"auto","background-attachment":"scroll","background-type":"","background-media":"","overlay-type":"","overlay-color":"","overlay-opacity":"","overlay-gradient":""},"mobile":{"background-color":"var(--ast-global-color-5)","background-image":"","background-repeat":"repeat","background-position":"center center","background-size":"auto","background-attachment":"scroll","background-type":"","background-media":"","overlay-type":"","overlay-color":"","overlay-opacity":"","overlay-gradient":""}}},"product_brand":[],"product_cat":[101],"product_tag":[],"class_list":{"0":"post-4390","1":"product","2":"type-product","3":"status-publish","4":"has-post-thumbnail","6":"product_cat-wegwerf-unterlagen","7":"desktop-align-center","8":"tablet-align-left","9":"mobile-align-left","11":"first","12":"instock","13":"shipping-taxable","14":"product-type-simple"},"_links":{"self":[{"href":"https:\/\/medposnonwoven.com\/de\/wp-json\/wp\/v2\/product\/4390","targetHints":{"allow":["GET"]}}],"collection":[{"href":"https:\/\/medposnonwoven.com\/de\/wp-json\/wp\/v2\/product"}],"about":[{"href":"https:\/\/medposnonwoven.com\/de\/wp-json\/wp\/v2\/types\/product"}],"wp:featuredmedia":[{"embeddable":true,"href":"https:\/\/medposnonwoven.com\/de\/wp-json\/wp\/v2\/media\/4127"}],"wp:attachment":[{"href":"https:\/\/medposnonwoven.com\/de\/wp-json\/wp\/v2\/media?parent=4390"}],"wp:term":[{"taxonomy":"product_brand","embeddable":true,"href":"https:\/\/medposnonwoven.com\/de\/wp-json\/wp\/v2\/product_brand?post=4390"},{"taxonomy":"product_cat","embeddable":true,"href":"https:\/\/medposnonwoven.com\/de\/wp-json\/wp\/v2\/product_cat?post=4390"},{"taxonomy":"product_tag","embeddable":true,"href":"https:\/\/medposnonwoven.com\/de\/wp-json\/wp\/v2\/product_tag?post=4390"}],"curies":[{"name":"wp","href":"https:\/\/api.w.org\/{rel}","templated":true}]}}