{"id":4392,"date":"2023-01-13T16:09:42","date_gmt":"2023-01-13T16:09:42","guid":{"rendered":"https:\/\/medposnonwoven.com\/product\/weisse-pe-einweg-armstulpen\/"},"modified":"2023-04-23T09:03:57","modified_gmt":"2023-04-23T09:03:57","slug":"weisse-pe-einweg-armstulpen","status":"publish","type":"product","link":"https:\/\/medposnonwoven.com\/de\/produkt\/weisse-pe-einweg-armstulpen\/","title":{"rendered":"Wei\u00dfe PE-Einweg-Armstulpen"},"content":{"rendered":"<ul>\n<li>Einweg-\u00c4rmelschoner sind \u00dcberz\u00fcge, die \u00fcber die \u00c4rmel der Kleidung gest\u00fclpt werden, um sie vor Infektionen zu sch\u00fctzen. Sie werden h\u00e4ufig in Gesundheitseinrichtungen wie Krankenh\u00e4usern und Kliniken eingesetzt, um sowohl Patienten als auch Mitarbeiter vor der Verbreitung von Krankheiten und Keimen zu sch\u00fctzen. Sie bedecken oft die \u00c4rmel eines Laborkittels oder Kittels und bestehen aus einem leichten Einwegmaterial wie Vliesstoff oder Kunststoff.<\/li>\n<li>Zum Schutz vor Kontamination sind Einwegh\u00fcllen eine Art pers\u00f6nliche Schutzausr\u00fcstung (PSA), die \u00fcber die \u00c4rmel von Kleidungsst\u00fccken gest\u00fclpt wird. Sie bestehen h\u00e4ufig aus einem d\u00fcnnen Einwegmaterial wie Polyethylen oder Polypropylen und sind dazu bestimmt, \u00fcber Laborkitteln oder lang\u00e4rmeligen Hemden getragen zu werden. Oben und unten werden sie normalerweise mit einem Gummiband oder einem Klebestreifen fixiert. Um die Ausbreitung von Krankheiten oder Keimen zu verhindern, sind die Abdeckungen so beschaffen, dass sie nur einmal verwendet werden, bevor sie weggeworfen werden. Sie werden h\u00e4ufig in medizinischen Umgebungen, einschlie\u00dflich Krankenh\u00e4usern und Kliniken, sowie in Bereichen eingesetzt, in denen das Personal mit potenziell gef\u00e4hrlichen Substanzen in Ber\u00fchrung kommt.<\/li>\n<\/ul>\n<p>&nbsp;<\/p>\n<p>&nbsp;<\/p>\n","protected":false},"excerpt":{"rendered":"<ul>\n<li>Die Einwegh\u00fclse ist aus hochwertigem Kunststoff, robust, weich, leicht und bequem, flexibel zu arbeiten, die sch\u00f6ne Schutzwirkung Leistung f\u00fcr eine lange Zeit hat.<\/li>\n<li>Weit verbreitet im Umgang mit Lebensmitteln und bei Nassarbeiten, bei der Reinigung von R\u00e4umen, in der Elektronikproduktion, in der Verpackungsindustrie, bei Reinigungskr\u00e4ften, Dekorateuren und Handwerkern.<\/li>\n<\/ul>\n<h4>Eigenschaften<\/h4>\n<p>Material: Polyethylen (LDPE)<\/p>\n<p>Gr\u00f6\u00dfe: 16\u2033(40 x 20cm) , 18\u2033 (45 x 22cm)<\/p>\n<p>Farbe: Blau, Wei\u00df<\/p>\n<p>Art: Gepr\u00e4gte oder glatte Oberfl\u00e4che, elastische Enden<\/p>\n<p>Verpackung: 100 St\u00fcck\/Beutel, 20 Beutel\/Karton<\/p>\n<p>&nbsp;<\/p>\n<p>&nbsp;<\/p>\n<p>&nbsp;<\/p>\n","protected":false},"featured_media":4115,"template":"","meta":{"site-sidebar-layout":"default","site-content-layout":"default","ast-site-content-layout":"default","site-content-style":"default","site-sidebar-style":"default","ast-global-header-display":"","ast-banner-title-visibility":"","ast-main-header-display":"","ast-hfb-above-header-display":"","ast-hfb-below-header-display":"","ast-hfb-mobile-header-display":"","site-post-title":"","ast-breadcrumbs-content":"","ast-featured-img":"","footer-sml-layout":"","ast-disable-related-posts":"","theme-transparent-header-meta":"default","adv-header-id-meta":"","stick-header-meta":"","header-above-stick-meta":"","header-main-stick-meta":"","header-below-stick-meta":"","astra-migrate-meta-layouts":"default","ast-page-background-enabled":"default","ast-page-background-meta":{"desktop":{"background-color":"","background-image":"","background-repeat":"repeat","background-position":"center center","background-size":"auto","background-attachment":"scroll","background-type":"","background-media":"","overlay-type":"","overlay-color":"","overlay-opacity":"","overlay-gradient":""},"tablet":{"background-color":"","background-image":"","background-repeat":"repeat","background-position":"center center","background-size":"auto","background-attachment":"scroll","background-type":"","background-media":"","overlay-type":"","overlay-color":"","overlay-opacity":"","overlay-gradient":""},"mobile":{"background-color":"","background-image":"","background-repeat":"repeat","background-position":"center center","background-size":"auto","background-attachment":"scroll","background-type":"","background-media":"","overlay-type":"","overlay-color":"","overlay-opacity":"","overlay-gradient":""}},"ast-content-background-meta":{"desktop":{"background-color":"var(--ast-global-color-5)","background-image":"","background-repeat":"repeat","background-position":"center center","background-size":"auto","background-attachment":"scroll","background-type":"","background-media":"","overlay-type":"","overlay-color":"","overlay-opacity":"","overlay-gradient":""},"tablet":{"background-color":"var(--ast-global-color-5)","background-image":"","background-repeat":"repeat","background-position":"center center","background-size":"auto","background-attachment":"scroll","background-type":"","background-media":"","overlay-type":"","overlay-color":"","overlay-opacity":"","overlay-gradient":""},"mobile":{"background-color":"var(--ast-global-color-5)","background-image":"","background-repeat":"repeat","background-position":"center center","background-size":"auto","background-attachment":"scroll","background-type":"","background-media":"","overlay-type":"","overlay-color":"","overlay-opacity":"","overlay-gradient":""}}},"product_brand":[],"product_cat":[99],"product_tag":[],"class_list":{"0":"post-4392","1":"product","2":"type-product","3":"status-publish","4":"has-post-thumbnail","6":"product_cat-einweghulsenabdeckungen","7":"desktop-align-center","8":"tablet-align-left","9":"mobile-align-left","11":"first","12":"instock","13":"shipping-taxable","14":"product-type-simple"},"_links":{"self":[{"href":"https:\/\/medposnonwoven.com\/de\/wp-json\/wp\/v2\/product\/4392","targetHints":{"allow":["GET"]}}],"collection":[{"href":"https:\/\/medposnonwoven.com\/de\/wp-json\/wp\/v2\/product"}],"about":[{"href":"https:\/\/medposnonwoven.com\/de\/wp-json\/wp\/v2\/types\/product"}],"wp:featuredmedia":[{"embeddable":true,"href":"https:\/\/medposnonwoven.com\/de\/wp-json\/wp\/v2\/media\/4115"}],"wp:attachment":[{"href":"https:\/\/medposnonwoven.com\/de\/wp-json\/wp\/v2\/media?parent=4392"}],"wp:term":[{"taxonomy":"product_brand","embeddable":true,"href":"https:\/\/medposnonwoven.com\/de\/wp-json\/wp\/v2\/product_brand?post=4392"},{"taxonomy":"product_cat","embeddable":true,"href":"https:\/\/medposnonwoven.com\/de\/wp-json\/wp\/v2\/product_cat?post=4392"},{"taxonomy":"product_tag","embeddable":true,"href":"https:\/\/medposnonwoven.com\/de\/wp-json\/wp\/v2\/product_tag?post=4392"}],"curies":[{"name":"wp","href":"https:\/\/api.w.org\/{rel}","templated":true}]}}