{"id":4393,"date":"2023-01-11T16:29:27","date_gmt":"2023-01-11T16:29:27","guid":{"rendered":"https:\/\/medposnonwoven.com\/product\/einweg-plastikhandschuh\/"},"modified":"2023-04-23T09:18:32","modified_gmt":"2023-04-23T09:18:32","slug":"einweg-plastikhandschuh","status":"publish","type":"product","link":"https:\/\/medposnonwoven.com\/de\/produkt\/einweg-plastikhandschuh\/","title":{"rendered":"Einweg-Plastikhandschuh"},"content":{"rendered":"<ul>\n<li>Das Ausgangsmaterial f\u00fcr Einweghandschuhe ist LDPE, das extrudiert, gegossen und dann mit K\u00fchlwalzen gek\u00fchlt wird. Starke Z\u00e4higkeit, hervorragende Elastizit\u00e4t, Rissfestigkeit, geringe Dicke, K\u00e4ltebest\u00e4ndigkeit, Hitzebest\u00e4ndigkeit, Staub- und Wasserdichtigkeit sind einige seiner Vorteile. Dar\u00fcber hinaus <span data-type=\"0\" data-index=\"1\" data-gid=\"0\">ist es flexibel und einfach in der Anwendung.<\/span> Es kann im Hotel- und Gastst\u00e4ttengewerbe, in der Gastronomie, bei der Lebensmittelzubereitung, bei der Hausreinigung, bei der Pflegekontrolle, bei \u00f6lgef\u00e4rbtem Haar, bei der K\u00f6rperpflege und in anderen Bereichen f\u00fcr die Intimpflege eingesetzt werden.<\/li>\n<li>Hdpe und ldpe Einweghandschuhe Oberfl\u00e4chenpr\u00e4gung ist in der Regel Twist-Muster durch entsprechende Design, das die Einweghandschuhe nicht erscheinen zu rutschen Zustand macht, die Verwendung von fortschrittlicher Technologie und PE-Formel, so dass der Handschuh staubdicht Anti-Fouling, leicht und flexibel, nach der entsprechenden Extraktion Design, leicht zu rei\u00dfen. Dickes Design, gute Qualit\u00e4t, gutes Preis-Leistungs-Verh\u00e4ltnis.<\/li>\n<\/ul>\n<p>&nbsp;<\/p>\n","protected":false},"excerpt":{"rendered":"<ul>\n<li>Einweg-PE-Handschuhe, geeignet f\u00fcr M\u00e4nner\/Frauen, linke und rechte Hand, gute Z\u00e4higkeit, gro\u00dfe Spannung, leicht dehnbar, angenehmes Tragegef\u00fchl und geschmeidig.<\/li>\n<li>Weit verbreitet im Umgang mit Lebensmitteln, in der K\u00fcche, im Haushalt, in Hotels, in der medizinischen Behandlung, im Friseurhandwerk, in der Laborreinigung und an anderen geeigneten Orten.<\/li>\n<\/ul>\n<h4>Eigenschaften<\/h4>\n<p>Material: Polyethylen HDPE oder LDPE<\/p>\n<p>Gr\u00f6\u00dfe: S,M,L,XL<\/p>\n<p>Farbe: Klar<\/p>\n<p>Art: Gepr\u00e4gte oder glatte Oberfl\u00e4che. Beidh\u00e4ndig<\/p>\n<p>Verpacken: Tasche, Box oder kundenspezifisch<\/p>\n<p>&nbsp;<\/p>\n<p>&nbsp;<\/p>\n","protected":false},"featured_media":4098,"template":"","meta":{"site-sidebar-layout":"default","site-content-layout":"default","ast-site-content-layout":"default","site-content-style":"default","site-sidebar-style":"default","ast-global-header-display":"","ast-banner-title-visibility":"","ast-main-header-display":"","ast-hfb-above-header-display":"","ast-hfb-below-header-display":"","ast-hfb-mobile-header-display":"","site-post-title":"","ast-breadcrumbs-content":"","ast-featured-img":"","footer-sml-layout":"","ast-disable-related-posts":"","theme-transparent-header-meta":"default","adv-header-id-meta":"","stick-header-meta":"","header-above-stick-meta":"","header-main-stick-meta":"","header-below-stick-meta":"","astra-migrate-meta-layouts":"default","ast-page-background-enabled":"default","ast-page-background-meta":{"desktop":{"background-color":"","background-image":"","background-repeat":"repeat","background-position":"center center","background-size":"auto","background-attachment":"scroll","background-type":"","background-media":"","overlay-type":"","overlay-color":"","overlay-opacity":"","overlay-gradient":""},"tablet":{"background-color":"","background-image":"","background-repeat":"repeat","background-position":"center center","background-size":"auto","background-attachment":"scroll","background-type":"","background-media":"","overlay-type":"","overlay-color":"","overlay-opacity":"","overlay-gradient":""},"mobile":{"background-color":"","background-image":"","background-repeat":"repeat","background-position":"center center","background-size":"auto","background-attachment":"scroll","background-type":"","background-media":"","overlay-type":"","overlay-color":"","overlay-opacity":"","overlay-gradient":""}},"ast-content-background-meta":{"desktop":{"background-color":"var(--ast-global-color-5)","background-image":"","background-repeat":"repeat","background-position":"center center","background-size":"auto","background-attachment":"scroll","background-type":"","background-media":"","overlay-type":"","overlay-color":"","overlay-opacity":"","overlay-gradient":""},"tablet":{"background-color":"var(--ast-global-color-5)","background-image":"","background-repeat":"repeat","background-position":"center center","background-size":"auto","background-attachment":"scroll","background-type":"","background-media":"","overlay-type":"","overlay-color":"","overlay-opacity":"","overlay-gradient":""},"mobile":{"background-color":"var(--ast-global-color-5)","background-image":"","background-repeat":"repeat","background-position":"center center","background-size":"auto","background-attachment":"scroll","background-type":"","background-media":"","overlay-type":"","overlay-color":"","overlay-opacity":"","overlay-gradient":""}}},"product_brand":[],"product_cat":[102],"product_tag":[],"class_list":{"0":"post-4393","1":"product","2":"type-product","3":"status-publish","4":"has-post-thumbnail","6":"product_cat-einweghandschuhe","7":"desktop-align-center","8":"tablet-align-left","9":"mobile-align-left","11":"first","12":"instock","13":"shipping-taxable","14":"product-type-simple"},"_links":{"self":[{"href":"https:\/\/medposnonwoven.com\/de\/wp-json\/wp\/v2\/product\/4393","targetHints":{"allow":["GET"]}}],"collection":[{"href":"https:\/\/medposnonwoven.com\/de\/wp-json\/wp\/v2\/product"}],"about":[{"href":"https:\/\/medposnonwoven.com\/de\/wp-json\/wp\/v2\/types\/product"}],"wp:featuredmedia":[{"embeddable":true,"href":"https:\/\/medposnonwoven.com\/de\/wp-json\/wp\/v2\/media\/4098"}],"wp:attachment":[{"href":"https:\/\/medposnonwoven.com\/de\/wp-json\/wp\/v2\/media?parent=4393"}],"wp:term":[{"taxonomy":"product_brand","embeddable":true,"href":"https:\/\/medposnonwoven.com\/de\/wp-json\/wp\/v2\/product_brand?post=4393"},{"taxonomy":"product_cat","embeddable":true,"href":"https:\/\/medposnonwoven.com\/de\/wp-json\/wp\/v2\/product_cat?post=4393"},{"taxonomy":"product_tag","embeddable":true,"href":"https:\/\/medposnonwoven.com\/de\/wp-json\/wp\/v2\/product_tag?post=4393"}],"curies":[{"name":"wp","href":"https:\/\/api.w.org\/{rel}","templated":true}]}}