{"id":4394,"date":"2023-01-04T14:46:42","date_gmt":"2023-01-04T14:46:42","guid":{"rendered":"https:\/\/medposnonwoven.com\/product\/vliesstoff-laborkittel-besucherkittel-druckknopfverschluss\/"},"modified":"2023-04-23T09:50:39","modified_gmt":"2023-04-23T09:50:39","slug":"vliesstoff-laborkittel-besucherkittel-druckknopfverschluss","status":"publish","type":"product","link":"https:\/\/medposnonwoven.com\/de\/produkt\/vliesstoff-laborkittel-besucherkittel-druckknopfverschluss\/","title":{"rendered":"Vliesstoff-Laborkittel (Besucherkittel) &#8211; Druckknopfverschluss"},"content":{"rendered":"<ul>\n<li>Unsere Einweglaborkittel werden aus hochwertigem Vliesstoff hergestellt, in der Regel aus Spinnvlies, SMS oder PE-Folie, die mit Vliesstoff laminiert ist. Der Stoff ist robust und langlebig, rei\u00df- und abriebfest, angenehm zu tragen, weich und atmungsaktiv, schmutz- und fleckenabweisend. Knopfdesign, sch\u00f6n und gro\u00dfz\u00fcgig.<\/li>\n<li>Anwendungsbereich:<br \/>\n1. Lackierung und Oberfl\u00e4chenbehandlung<br \/>\nLackierung, Spr\u00fchlackierung, Vergoldung, Oberfl\u00e4chenbehandlung, Pedal, Auto, Lkw, Boot, Oberfl\u00e4chenbehandlung von Holz mit Frost.<br \/>\n2. der Reinraum<br \/>\nWie z. B. Waferproduktion, Geh\u00e4usepr\u00fcfung und andere Halbleiterindustrien, Computerfestplatten, Montage von optischen Pr\u00e4zisionsger\u00e4ten, biochemische Mineralienforschung und Desinfektion sowie Handhabung von Gefahrstoffen und Herstellung von giftigen oder \u00e4tzenden Materialien, Beseitigung von versch\u00fctteten Fl\u00fcssigkeiten, Lecks und \u00dcberl\u00e4ufen, Reinigung, Sp\u00fclung, Reinigung von Pipelines und \u00d6ltanks.<br \/>\n3. Lebensmittelverarbeitung<br \/>\nUmgang mit und Verarbeitung von Lebensmitteln, einschlie\u00dflich Zubereitung, Kochen, Ver\u00e4nderung, Binden und Verpacken verschiedener Lebensmittel.<\/li>\n<\/ul>\n<p>&nbsp;<\/p>\n<p>&nbsp;<\/p>\n","protected":false},"excerpt":{"rendered":"<ul>\n<li>Diese Besuchsm\u00e4ntel mit Druckknopfverschluss sehen stilvoller aus. Sie sind eine hervorragende Schutzkleidung, um Patienten und Personal vor der \u00dcbertragung von Partikeln und Fl\u00fcssigkeiten zu sch\u00fctzen.<\/li>\n<li>Weit verbreitet in allgemeinen industriellen Anwendungen und im t\u00e4glichen Leben. Ideal f\u00fcr wissenschaftliche Projekte im Labor oder an der Hochschule, allgemeine Wartungsarbeiten, Lebensmittelverarbeitung, Gastronomie, Maler- und Reinigungsarbeiten usw.<\/li>\n<\/ul>\n<h4>Eigenschaften<\/h4>\n<p>Material: Spinnvlies, SMS, PP+PE<\/p>\n<p>Gr\u00f6\u00dfe: S, M, L, XL, XXL, 3XL, 4XL<\/p>\n<p>Farbe:Wei\u00df, Blau, Dunkelblau<\/p>\n<p>Typ:Mit Kragen, elastischen Manschetten\/Strickb\u00fcndchen, Druckknopfverschluss.<\/p>\n<p>Verpackung: 10 St\u00fcck\/Beutel, 10 Beutel\/Karton<\/p>\n<p>&nbsp;<\/p>\n<p>&nbsp;<\/p>\n<p>&nbsp;<\/p>\n","protected":false},"featured_media":4052,"template":"","meta":{"site-sidebar-layout":"default","site-content-layout":"default","ast-site-content-layout":"default","site-content-style":"default","site-sidebar-style":"default","ast-global-header-display":"","ast-banner-title-visibility":"","ast-main-header-display":"","ast-hfb-above-header-display":"","ast-hfb-below-header-display":"","ast-hfb-mobile-header-display":"","site-post-title":"","ast-breadcrumbs-content":"","ast-featured-img":"","footer-sml-layout":"","ast-disable-related-posts":"","theme-transparent-header-meta":"default","adv-header-id-meta":"","stick-header-meta":"","header-above-stick-meta":"","header-main-stick-meta":"","header-below-stick-meta":"","astra-migrate-meta-layouts":"default","ast-page-background-enabled":"default","ast-page-background-meta":{"desktop":{"background-color":"","background-image":"","background-repeat":"repeat","background-position":"center center","background-size":"auto","background-attachment":"scroll","background-type":"","background-media":"","overlay-type":"","overlay-color":"","overlay-opacity":"","overlay-gradient":""},"tablet":{"background-color":"","background-image":"","background-repeat":"repeat","background-position":"center center","background-size":"auto","background-attachment":"scroll","background-type":"","background-media":"","overlay-type":"","overlay-color":"","overlay-opacity":"","overlay-gradient":""},"mobile":{"background-color":"","background-image":"","background-repeat":"repeat","background-position":"center center","background-size":"auto","background-attachment":"scroll","background-type":"","background-media":"","overlay-type":"","overlay-color":"","overlay-opacity":"","overlay-gradient":""}},"ast-content-background-meta":{"desktop":{"background-color":"var(--ast-global-color-5)","background-image":"","background-repeat":"repeat","background-position":"center center","background-size":"auto","background-attachment":"scroll","background-type":"","background-media":"","overlay-type":"","overlay-color":"","overlay-opacity":"","overlay-gradient":""},"tablet":{"background-color":"var(--ast-global-color-5)","background-image":"","background-repeat":"repeat","background-position":"center center","background-size":"auto","background-attachment":"scroll","background-type":"","background-media":"","overlay-type":"","overlay-color":"","overlay-opacity":"","overlay-gradient":""},"mobile":{"background-color":"var(--ast-global-color-5)","background-image":"","background-repeat":"repeat","background-position":"center center","background-size":"auto","background-attachment":"scroll","background-type":"","background-media":"","overlay-type":"","overlay-color":"","overlay-opacity":"","overlay-gradient":""}}},"product_brand":[],"product_cat":[104],"product_tag":[],"class_list":{"0":"post-4394","1":"product","2":"type-product","3":"status-publish","4":"has-post-thumbnail","6":"product_cat-schutzkittel","7":"desktop-align-center","8":"tablet-align-left","9":"mobile-align-left","11":"first","12":"instock","13":"shipping-taxable","14":"product-type-simple"},"_links":{"self":[{"href":"https:\/\/medposnonwoven.com\/de\/wp-json\/wp\/v2\/product\/4394","targetHints":{"allow":["GET"]}}],"collection":[{"href":"https:\/\/medposnonwoven.com\/de\/wp-json\/wp\/v2\/product"}],"about":[{"href":"https:\/\/medposnonwoven.com\/de\/wp-json\/wp\/v2\/types\/product"}],"wp:featuredmedia":[{"embeddable":true,"href":"https:\/\/medposnonwoven.com\/de\/wp-json\/wp\/v2\/media\/4052"}],"wp:attachment":[{"href":"https:\/\/medposnonwoven.com\/de\/wp-json\/wp\/v2\/media?parent=4394"}],"wp:term":[{"taxonomy":"product_brand","embeddable":true,"href":"https:\/\/medposnonwoven.com\/de\/wp-json\/wp\/v2\/product_brand?post=4394"},{"taxonomy":"product_cat","embeddable":true,"href":"https:\/\/medposnonwoven.com\/de\/wp-json\/wp\/v2\/product_cat?post=4394"},{"taxonomy":"product_tag","embeddable":true,"href":"https:\/\/medposnonwoven.com\/de\/wp-json\/wp\/v2\/product_tag?post=4394"}],"curies":[{"name":"wp","href":"https:\/\/api.w.org\/{rel}","templated":true}]}}