{"id":4395,"date":"2023-01-06T14:27:26","date_gmt":"2023-01-06T14:27:26","guid":{"rendered":"https:\/\/medposnonwoven.com\/product\/einweg-cpe-kittel\/"},"modified":"2023-04-23T09:42:28","modified_gmt":"2023-04-23T09:42:28","slug":"einweg-cpe-kittel","status":"publish","type":"product","link":"https:\/\/medposnonwoven.com\/de\/produkt\/einweg-cpe-kittel\/","title":{"rendered":"Einweg-CPE-Kittel"},"content":{"rendered":"<ul>\n<li>Unsere CPE-Einwegkittel sind aus hochwertiger CPE-Folie gefertigt, rei\u00dffest und blutbest\u00e4ndig, wasserdicht, \u00f6lbest\u00e4ndig, staubdicht und hautvertr\u00e4glich. Die Umh\u00fcllungseigenschaften sind gut, und Staub dringt nicht so leicht in den Schutzmantel ein. Weich im Griff und aus verdicktem CPE f\u00fcr eine lange Lebensdauer. Isoliert externe Fl\u00fcssigkeiten und filtert fl\u00fcchtige Gase heraus, um direkten Kontakt zu vermeiden.<\/li>\n<li>Vollautomatisches integriertes Profilieren, gratfreie Kanten, komfortabel und einfach, sch\u00f6n und gro\u00dfz\u00fcgig. Humanisierte Manschette Design, integrierte Form, nicht leicht zu fallen, halten die besten Arbeitsbedingungen. Traditionelle Schn\u00fcrung, integriert mit dem Kittel selbst, CPE brandneues Material mit besserer Zugfestigkeit, nicht leicht zu brechen. \u00c4rmel K\u00f6rper W\u00e4rme gepresst Prozess, wir sind extrem streng mit dem einzigen manuellen W\u00e4rme Laminierung Prozess f\u00fcr CPE Kittel, mit mehr als 10 Jahren Erfahrung der Arbeitnehmer, um zu verhindern, dass aus fallen.<\/li>\n<\/ul>\n<p>&nbsp;<\/p>\n","protected":false},"excerpt":{"rendered":"<ul>\n<li>Jedes Kleid ist mit Daumenl\u00f6chern versehen, so dass es bei jedem Tragen gut sitzt. Die Daumenl\u00f6cher erm\u00f6glichen das Tragen von Handschuhen, ohne dass die \u00c4rmel hochgeschoben werden m\u00fcssen, um zus\u00e4tzlichen Schutz zu bieten.<\/li>\n<li>Weit verbreitet in der Gastronomie, in der Fleischverarbeitung, beim Kochen, in der Lebensmittelverarbeitung, im Reinraum, im Gartenbau und in der Druckerei.<\/li>\n<\/ul>\n<h4>Eigenschaften<\/h4>\n<p>Material: Polyethylen CPE<\/p>\n<p>Gr\u00f6\u00dfe:112*117cm\/90*122cm\/100*121cm oder kundenspezifisch<\/p>\n<p>Farbe:Blau oder kundenspezifisch<\/p>\n<p>Typ: Einteilig, mit Daumenhaken und offenem R\u00fccken.<\/p>\n<p>Verpackung: 1 St\u00fcck\/Packung, 200 Packungen\/Karton<\/p>\n<p>&nbsp;<\/p>\n<p>&nbsp;<\/p>\n","protected":false},"featured_media":4066,"template":"","meta":{"site-sidebar-layout":"default","site-content-layout":"default","ast-site-content-layout":"default","site-content-style":"default","site-sidebar-style":"default","ast-global-header-display":"","ast-banner-title-visibility":"","ast-main-header-display":"","ast-hfb-above-header-display":"","ast-hfb-below-header-display":"","ast-hfb-mobile-header-display":"","site-post-title":"","ast-breadcrumbs-content":"","ast-featured-img":"","footer-sml-layout":"","ast-disable-related-posts":"","theme-transparent-header-meta":"default","adv-header-id-meta":"","stick-header-meta":"","header-above-stick-meta":"","header-main-stick-meta":"","header-below-stick-meta":"","astra-migrate-meta-layouts":"default","ast-page-background-enabled":"default","ast-page-background-meta":{"desktop":{"background-color":"","background-image":"","background-repeat":"repeat","background-position":"center center","background-size":"auto","background-attachment":"scroll","background-type":"","background-media":"","overlay-type":"","overlay-color":"","overlay-opacity":"","overlay-gradient":""},"tablet":{"background-color":"","background-image":"","background-repeat":"repeat","background-position":"center center","background-size":"auto","background-attachment":"scroll","background-type":"","background-media":"","overlay-type":"","overlay-color":"","overlay-opacity":"","overlay-gradient":""},"mobile":{"background-color":"","background-image":"","background-repeat":"repeat","background-position":"center center","background-size":"auto","background-attachment":"scroll","background-type":"","background-media":"","overlay-type":"","overlay-color":"","overlay-opacity":"","overlay-gradient":""}},"ast-content-background-meta":{"desktop":{"background-color":"var(--ast-global-color-5)","background-image":"","background-repeat":"repeat","background-position":"center center","background-size":"auto","background-attachment":"scroll","background-type":"","background-media":"","overlay-type":"","overlay-color":"","overlay-opacity":"","overlay-gradient":""},"tablet":{"background-color":"var(--ast-global-color-5)","background-image":"","background-repeat":"repeat","background-position":"center center","background-size":"auto","background-attachment":"scroll","background-type":"","background-media":"","overlay-type":"","overlay-color":"","overlay-opacity":"","overlay-gradient":""},"mobile":{"background-color":"var(--ast-global-color-5)","background-image":"","background-repeat":"repeat","background-position":"center center","background-size":"auto","background-attachment":"scroll","background-type":"","background-media":"","overlay-type":"","overlay-color":"","overlay-opacity":"","overlay-gradient":""}}},"product_brand":[],"product_cat":[103],"product_tag":[],"class_list":{"0":"post-4395","1":"product","2":"type-product","3":"status-publish","4":"has-post-thumbnail","6":"product_cat-einwegschurzen","7":"desktop-align-center","8":"tablet-align-left","9":"mobile-align-left","11":"first","12":"instock","13":"shipping-taxable","14":"product-type-simple"},"_links":{"self":[{"href":"https:\/\/medposnonwoven.com\/de\/wp-json\/wp\/v2\/product\/4395","targetHints":{"allow":["GET"]}}],"collection":[{"href":"https:\/\/medposnonwoven.com\/de\/wp-json\/wp\/v2\/product"}],"about":[{"href":"https:\/\/medposnonwoven.com\/de\/wp-json\/wp\/v2\/types\/product"}],"wp:featuredmedia":[{"embeddable":true,"href":"https:\/\/medposnonwoven.com\/de\/wp-json\/wp\/v2\/media\/4066"}],"wp:attachment":[{"href":"https:\/\/medposnonwoven.com\/de\/wp-json\/wp\/v2\/media?parent=4395"}],"wp:term":[{"taxonomy":"product_brand","embeddable":true,"href":"https:\/\/medposnonwoven.com\/de\/wp-json\/wp\/v2\/product_brand?post=4395"},{"taxonomy":"product_cat","embeddable":true,"href":"https:\/\/medposnonwoven.com\/de\/wp-json\/wp\/v2\/product_cat?post=4395"},{"taxonomy":"product_tag","embeddable":true,"href":"https:\/\/medposnonwoven.com\/de\/wp-json\/wp\/v2\/product_tag?post=4395"}],"curies":[{"name":"wp","href":"https:\/\/api.w.org\/{rel}","templated":true}]}}