{"id":4398,"date":"2023-01-05T16:06:55","date_gmt":"2023-01-05T16:06:55","guid":{"rendered":"https:\/\/medposnonwoven.com\/product\/einweg-pe-schuerze-auf-rolle\/"},"modified":"2023-04-23T09:43:37","modified_gmt":"2023-04-23T09:43:37","slug":"einweg-pe-schuerze-auf-rolle","status":"publish","type":"product","link":"https:\/\/medposnonwoven.com\/de\/produkt\/einweg-pe-schuerze-auf-rolle\/","title":{"rendered":"Einweg-PE-Sch\u00fcrze auf Rolle"},"content":{"rendered":"<ul>\n<li>Unsere Einwegsch\u00fcrzen sind aus hochwertigem, rei\u00dffestem und dauerhaftem, durchsichtigem Polyethylenmaterial gefertigt. Das einfach zu tragende Design, die schnell verschiebbare Aufh\u00e4ngung im Nacken und das extra lange Taillenband machen das Binden auf dem R\u00fccken zum Kinderspiel. Das Anlegen dauert nur wenige Sekunden, dann kann man mit der Arbeit beginnen. Seien Sie bitte nicht beunruhigt, wenn Sie die gefaltete Sch\u00fcrze \u00f6ffnen und nur die H\u00e4lfte davon sehen. Unsere Sch\u00fcrzen haben auf beiden Seiten \u00d6ffnungen, mit denen sie wieder ge\u00f6ffnet werden k\u00f6nnen, damit sie vollst\u00e4ndig geformt sind.<\/li>\n<\/ul>\n<p>&nbsp;<\/p>\n","protected":false},"excerpt":{"rendered":"<ul>\n<li>F\u00fcr Erwachsene werden Einwegsch\u00fcrzen zur Verf\u00fcgung gestellt, und jede Sch\u00fcrze ist separat verpackt, so dass sie leicht zu tragen ist. Sie k\u00f6nnen Ihre Kleidung, Kleider oder Hemden besser vor Schmutz und N\u00e4sse sch\u00fctzen.<\/li>\n<li>Weit verbreitet in der Gastronomie, in der Fleischverarbeitung, beim Kochen, in der Lebensmittelverarbeitung, im Reinraum, im Gartenbau und in der Druckerei.<\/li>\n<\/ul>\n<h4>Eigenschaften<\/h4>\n<p>Material: Polyethylen HDPE oder LDPE<\/p>\n<p>Gr\u00f6\u00dfe:27\u00d742\u2033(69x107cm), 28\u00d746\u2033(71x117cm), 32\u2033x49\u2033(80x125cm)<\/p>\n<p>Farbe:Blau, Gr\u00fcn oder kundenspezifisch<\/p>\n<p>Art:Einteilig, mit B\u00e4ndern im R\u00fccken, gepr\u00e4gte oder glatte Oberfl\u00e4che<\/p>\n<p>Verpackung: 50 St\u00fcck\/Rolle, 20 Rollen\/Karton<\/p>\n<p>&nbsp;<\/p>\n<p>&nbsp;<\/p>\n<p>&nbsp;<\/p>\n","protected":false},"featured_media":4063,"template":"","meta":{"site-sidebar-layout":"default","site-content-layout":"default","ast-site-content-layout":"default","site-content-style":"default","site-sidebar-style":"default","ast-global-header-display":"","ast-banner-title-visibility":"","ast-main-header-display":"","ast-hfb-above-header-display":"","ast-hfb-below-header-display":"","ast-hfb-mobile-header-display":"","site-post-title":"","ast-breadcrumbs-content":"","ast-featured-img":"","footer-sml-layout":"","ast-disable-related-posts":"","theme-transparent-header-meta":"default","adv-header-id-meta":"","stick-header-meta":"","header-above-stick-meta":"","header-main-stick-meta":"","header-below-stick-meta":"","astra-migrate-meta-layouts":"default","ast-page-background-enabled":"default","ast-page-background-meta":{"desktop":{"background-color":"","background-image":"","background-repeat":"repeat","background-position":"center center","background-size":"auto","background-attachment":"scroll","background-type":"","background-media":"","overlay-type":"","overlay-color":"","overlay-opacity":"","overlay-gradient":""},"tablet":{"background-color":"","background-image":"","background-repeat":"repeat","background-position":"center center","background-size":"auto","background-attachment":"scroll","background-type":"","background-media":"","overlay-type":"","overlay-color":"","overlay-opacity":"","overlay-gradient":""},"mobile":{"background-color":"","background-image":"","background-repeat":"repeat","background-position":"center center","background-size":"auto","background-attachment":"scroll","background-type":"","background-media":"","overlay-type":"","overlay-color":"","overlay-opacity":"","overlay-gradient":""}},"ast-content-background-meta":{"desktop":{"background-color":"var(--ast-global-color-5)","background-image":"","background-repeat":"repeat","background-position":"center center","background-size":"auto","background-attachment":"scroll","background-type":"","background-media":"","overlay-type":"","overlay-color":"","overlay-opacity":"","overlay-gradient":""},"tablet":{"background-color":"var(--ast-global-color-5)","background-image":"","background-repeat":"repeat","background-position":"center center","background-size":"auto","background-attachment":"scroll","background-type":"","background-media":"","overlay-type":"","overlay-color":"","overlay-opacity":"","overlay-gradient":""},"mobile":{"background-color":"var(--ast-global-color-5)","background-image":"","background-repeat":"repeat","background-position":"center center","background-size":"auto","background-attachment":"scroll","background-type":"","background-media":"","overlay-type":"","overlay-color":"","overlay-opacity":"","overlay-gradient":""}}},"product_brand":[],"product_cat":[103],"product_tag":[],"class_list":{"0":"post-4398","1":"product","2":"type-product","3":"status-publish","4":"has-post-thumbnail","6":"product_cat-einwegschurzen","7":"desktop-align-center","8":"tablet-align-left","9":"mobile-align-left","11":"first","12":"instock","13":"shipping-taxable","14":"product-type-simple"},"_links":{"self":[{"href":"https:\/\/medposnonwoven.com\/de\/wp-json\/wp\/v2\/product\/4398","targetHints":{"allow":["GET"]}}],"collection":[{"href":"https:\/\/medposnonwoven.com\/de\/wp-json\/wp\/v2\/product"}],"about":[{"href":"https:\/\/medposnonwoven.com\/de\/wp-json\/wp\/v2\/types\/product"}],"wp:featuredmedia":[{"embeddable":true,"href":"https:\/\/medposnonwoven.com\/de\/wp-json\/wp\/v2\/media\/4063"}],"wp:attachment":[{"href":"https:\/\/medposnonwoven.com\/de\/wp-json\/wp\/v2\/media?parent=4398"}],"wp:term":[{"taxonomy":"product_brand","embeddable":true,"href":"https:\/\/medposnonwoven.com\/de\/wp-json\/wp\/v2\/product_brand?post=4398"},{"taxonomy":"product_cat","embeddable":true,"href":"https:\/\/medposnonwoven.com\/de\/wp-json\/wp\/v2\/product_cat?post=4398"},{"taxonomy":"product_tag","embeddable":true,"href":"https:\/\/medposnonwoven.com\/de\/wp-json\/wp\/v2\/product_tag?post=4398"}],"curies":[{"name":"wp","href":"https:\/\/api.w.org\/{rel}","templated":true}]}}