{"id":4399,"date":"2023-01-11T14:46:32","date_gmt":"2023-01-11T14:46:32","guid":{"rendered":"https:\/\/medposnonwoven.com\/product\/mikroporoese-stiefelabdeckung\/"},"modified":"2023-04-23T09:25:52","modified_gmt":"2023-04-23T09:25:52","slug":"mikroporoese-stiefelabdeckung","status":"publish","type":"product","link":"https:\/\/medposnonwoven.com\/de\/produkt\/mikroporoese-stiefelabdeckung\/","title":{"rendered":"Mikropor\u00f6se Stiefelabdeckung"},"content":{"rendered":"<ul>\n<li>Einweg-Stiefel\u00fcberz\u00fcge k\u00f6nnen nach Gebrauch weggeworfen werden. Dies kann die M\u00f6glichkeit einer Kreuzkontamination erheblich verringern und die Mitarbeiter des Gesundheitswesens davon abhalten, potenzielle Schadstoffe in andere Bereiche zu tragen.<\/li>\n<li>Einweg-Stiefel\u00fcberz\u00fcge sind hervorragend geeignet, um Ihre Schuhe vor Substanzen auf Wasserbasis zu sch\u00fctzen. Stiefel\u00fcberz\u00fcge f\u00fcr Regen sind in verschiedenen Farben erh\u00e4ltlich und haben seitliche Riemen, mit denen die abnehmbaren Stiefel am Bein befestigt werden k\u00f6nnen. Sie bestehen aus einer Mischung aus 2 Stoffen: Vliesstoff und atmungsaktiver PE-Folie. Das doppellagige Material verf\u00fcgt \u00fcber eine ausgezeichnete Rei\u00dffestigkeit. Zwei elastische B\u00e4nder sind am Rand und am Kn\u00f6chel der Booties angebracht, die einen sicheren Sitz an Ihren Beinen gew\u00e4hrleisten. Dank dieser Funktion lassen sich wasserdichte Schuh\u00fcberz\u00fcge schnell und einfach anziehen, ohne dass man sie fixieren muss.<\/li>\n<\/ul>\n<p>&nbsp;<\/p>\n","protected":false},"excerpt":{"rendered":"<ul>\n<li>Hergestellt aus Polypropylen und Polyethylen, wasserdicht, rutschfest, bequem und atmungsaktiv.<\/li>\n<li>Weit verbreitet in Haushalten, Hotels, in der Lebensmittelindustrie, in der medizinischen Behandlung, in Fabriken, bei der Reinigung von Labors und an anderen geeigneten Orten.<\/li>\n<\/ul>\n<h4>Eigenschaften<\/h4>\n<p>Material: Polypropylen (PP) + mikropor\u00f6se Folie<\/p>\n<p>Gr\u00f6\u00dfe: 40x50cm oder individuell<\/p>\n<p>Farbe:Wei\u00df, Blau<\/p>\n<p>Typ:Elastisches Oberteil, mit blauem Band<\/p>\n<p>Verpackung: 100 St\u00fcck\/Beutel, 10 Beutel\/Karton<\/p>\n<p>&nbsp;<\/p>\n<p>&nbsp;<\/p>\n","protected":false},"featured_media":4091,"template":"","meta":{"site-sidebar-layout":"default","site-content-layout":"default","ast-site-content-layout":"default","site-content-style":"default","site-sidebar-style":"default","ast-global-header-display":"","ast-banner-title-visibility":"","ast-main-header-display":"","ast-hfb-above-header-display":"","ast-hfb-below-header-display":"","ast-hfb-mobile-header-display":"","site-post-title":"","ast-breadcrumbs-content":"","ast-featured-img":"","footer-sml-layout":"","ast-disable-related-posts":"","theme-transparent-header-meta":"default","adv-header-id-meta":"","stick-header-meta":"","header-above-stick-meta":"","header-main-stick-meta":"","header-below-stick-meta":"","astra-migrate-meta-layouts":"default","ast-page-background-enabled":"default","ast-page-background-meta":{"desktop":{"background-color":"","background-image":"","background-repeat":"repeat","background-position":"center center","background-size":"auto","background-attachment":"scroll","background-type":"","background-media":"","overlay-type":"","overlay-color":"","overlay-opacity":"","overlay-gradient":""},"tablet":{"background-color":"","background-image":"","background-repeat":"repeat","background-position":"center center","background-size":"auto","background-attachment":"scroll","background-type":"","background-media":"","overlay-type":"","overlay-color":"","overlay-opacity":"","overlay-gradient":""},"mobile":{"background-color":"","background-image":"","background-repeat":"repeat","background-position":"center center","background-size":"auto","background-attachment":"scroll","background-type":"","background-media":"","overlay-type":"","overlay-color":"","overlay-opacity":"","overlay-gradient":""}},"ast-content-background-meta":{"desktop":{"background-color":"var(--ast-global-color-5)","background-image":"","background-repeat":"repeat","background-position":"center center","background-size":"auto","background-attachment":"scroll","background-type":"","background-media":"","overlay-type":"","overlay-color":"","overlay-opacity":"","overlay-gradient":""},"tablet":{"background-color":"var(--ast-global-color-5)","background-image":"","background-repeat":"repeat","background-position":"center center","background-size":"auto","background-attachment":"scroll","background-type":"","background-media":"","overlay-type":"","overlay-color":"","overlay-opacity":"","overlay-gradient":""},"mobile":{"background-color":"var(--ast-global-color-5)","background-image":"","background-repeat":"repeat","background-position":"center center","background-size":"auto","background-attachment":"scroll","background-type":"","background-media":"","overlay-type":"","overlay-color":"","overlay-opacity":"","overlay-gradient":""}}},"product_brand":[],"product_cat":[105],"product_tag":[],"class_list":{"0":"post-4399","1":"product","2":"type-product","3":"status-publish","4":"has-post-thumbnail","6":"product_cat-schuhuberzuge-stiefeluberzuge","7":"desktop-align-center","8":"tablet-align-left","9":"mobile-align-left","11":"first","12":"instock","13":"shipping-taxable","14":"product-type-simple"},"_links":{"self":[{"href":"https:\/\/medposnonwoven.com\/de\/wp-json\/wp\/v2\/product\/4399","targetHints":{"allow":["GET"]}}],"collection":[{"href":"https:\/\/medposnonwoven.com\/de\/wp-json\/wp\/v2\/product"}],"about":[{"href":"https:\/\/medposnonwoven.com\/de\/wp-json\/wp\/v2\/types\/product"}],"wp:featuredmedia":[{"embeddable":true,"href":"https:\/\/medposnonwoven.com\/de\/wp-json\/wp\/v2\/media\/4091"}],"wp:attachment":[{"href":"https:\/\/medposnonwoven.com\/de\/wp-json\/wp\/v2\/media?parent=4399"}],"wp:term":[{"taxonomy":"product_brand","embeddable":true,"href":"https:\/\/medposnonwoven.com\/de\/wp-json\/wp\/v2\/product_brand?post=4399"},{"taxonomy":"product_cat","embeddable":true,"href":"https:\/\/medposnonwoven.com\/de\/wp-json\/wp\/v2\/product_cat?post=4399"},{"taxonomy":"product_tag","embeddable":true,"href":"https:\/\/medposnonwoven.com\/de\/wp-json\/wp\/v2\/product_tag?post=4399"}],"curies":[{"name":"wp","href":"https:\/\/api.w.org\/{rel}","templated":true}]}}