{"id":4400,"date":"2023-01-04T13:52:45","date_gmt":"2023-01-04T13:52:45","guid":{"rendered":"https:\/\/medposnonwoven.com\/product\/vliesstoff-laborkittel-besucherkittel-klettverschluss\/"},"modified":"2023-04-23T09:53:44","modified_gmt":"2023-04-23T09:53:44","slug":"vliesstoff-laborkittel-besucherkittel-klettverschluss","status":"publish","type":"product","link":"https:\/\/medposnonwoven.com\/de\/produkt\/vliesstoff-laborkittel-besucherkittel-klettverschluss\/","title":{"rendered":"Vliesstoff-Laborkittel (Besucherkittel) &#8211; Klettverschluss"},"content":{"rendered":"<ul>\n<li>Dieser Einweg-Besuchermantel ist mit einem Klettverschluss versehen, der sich leicht \u00f6ffnen und schlie\u00dfen l\u00e4sst, so dass Sie ihn schnell an- und ausziehen k\u00f6nnen. Sie werden aus geeigneten Materialien mit ausreichender Festigkeit und Barriereeigenschaften hergestellt und k\u00f6nnen steril oder unsteril geliefert werden.<\/li>\n<li>Verwendungszweck: Geeignet f\u00fcr medizinische Umgebungen, Laboratorien (organisch), Forschungs- und Entwicklungsszenarien, Testszenarien und andere spezielle integrierte Klassenszenarien<\/li>\n<li>Achtung: Vorsicht f\u00fcr Allergiker, die auf Vliesstoffe und andere Rohstoffe allergisch reagieren Dieses Produkt ist ein Einwegprodukt, das nach Gebrauch als medizinischer Abfall entsorgt werden muss Dieses Produkt sollte nicht mit S\u00e4uren, alkalischen Chemikalien und scharfen Gegenst\u00e4nden in Ber\u00fchrung kommen, Kollision Wenn es besch\u00e4digt ist, bitte nicht weiter verwenden.<\/li>\n<\/ul>\n<p>&nbsp;<\/p>\n","protected":false},"excerpt":{"rendered":"<ul>\n<li>Die Einweg-Laborkittel bestehen aus fusselarmem, antistatischem und spritzwassergesch\u00fctztem Polypropylen-Vliesstoff, der zu 100 % latexfrei, leicht und dennoch strapazierf\u00e4hig ist, um stundenlang getragen werden zu k\u00f6nnen und einen hohen Tragekomfort zu gew\u00e4hrleisten.<\/li>\n<li>Weit verbreitet in allgemeinen industriellen Anwendungen und im t\u00e4glichen Leben. Ideal f\u00fcr wissenschaftliche Projekte im Labor oder an der Hochschule, allgemeine Wartungsarbeiten, Lebensmittelverarbeitung, Gastronomie, Maler- und Reinigungsarbeiten usw.<\/li>\n<\/ul>\n<h4>Eigenschaften<\/h4>\n<p>Material: Spinnvlies, SMS, PP+PE<\/p>\n<p>Gr\u00f6\u00dfe: S, M, L, XL, XXL, 3XL, 4XL<\/p>\n<p>Farbe:Wei\u00df, Blau, Dunkelblau<\/p>\n<p>Typ:Mit Kragen, elastischen B\u00fcndchen\/Strickb\u00fcndchen, Klettverschluss.<\/p>\n<p>Verpackung: 10 St\u00fcck\/Beutel, 10 Beutel\/Karton<\/p>\n<p>&nbsp;<\/p>\n<p>&nbsp;<\/p>\n","protected":false},"featured_media":4049,"template":"","meta":{"site-sidebar-layout":"default","site-content-layout":"default","ast-site-content-layout":"default","site-content-style":"default","site-sidebar-style":"default","ast-global-header-display":"","ast-banner-title-visibility":"","ast-main-header-display":"","ast-hfb-above-header-display":"","ast-hfb-below-header-display":"","ast-hfb-mobile-header-display":"","site-post-title":"","ast-breadcrumbs-content":"","ast-featured-img":"","footer-sml-layout":"","ast-disable-related-posts":"","theme-transparent-header-meta":"default","adv-header-id-meta":"","stick-header-meta":"","header-above-stick-meta":"","header-main-stick-meta":"","header-below-stick-meta":"","astra-migrate-meta-layouts":"default","ast-page-background-enabled":"default","ast-page-background-meta":{"desktop":{"background-color":"","background-image":"","background-repeat":"repeat","background-position":"center center","background-size":"auto","background-attachment":"scroll","background-type":"","background-media":"","overlay-type":"","overlay-color":"","overlay-opacity":"","overlay-gradient":""},"tablet":{"background-color":"","background-image":"","background-repeat":"repeat","background-position":"center center","background-size":"auto","background-attachment":"scroll","background-type":"","background-media":"","overlay-type":"","overlay-color":"","overlay-opacity":"","overlay-gradient":""},"mobile":{"background-color":"","background-image":"","background-repeat":"repeat","background-position":"center center","background-size":"auto","background-attachment":"scroll","background-type":"","background-media":"","overlay-type":"","overlay-color":"","overlay-opacity":"","overlay-gradient":""}},"ast-content-background-meta":{"desktop":{"background-color":"var(--ast-global-color-5)","background-image":"","background-repeat":"repeat","background-position":"center center","background-size":"auto","background-attachment":"scroll","background-type":"","background-media":"","overlay-type":"","overlay-color":"","overlay-opacity":"","overlay-gradient":""},"tablet":{"background-color":"var(--ast-global-color-5)","background-image":"","background-repeat":"repeat","background-position":"center center","background-size":"auto","background-attachment":"scroll","background-type":"","background-media":"","overlay-type":"","overlay-color":"","overlay-opacity":"","overlay-gradient":""},"mobile":{"background-color":"var(--ast-global-color-5)","background-image":"","background-repeat":"repeat","background-position":"center center","background-size":"auto","background-attachment":"scroll","background-type":"","background-media":"","overlay-type":"","overlay-color":"","overlay-opacity":"","overlay-gradient":""}}},"product_brand":[],"product_cat":[104],"product_tag":[],"class_list":{"0":"post-4400","1":"product","2":"type-product","3":"status-publish","4":"has-post-thumbnail","6":"product_cat-schutzkittel","7":"desktop-align-center","8":"tablet-align-left","9":"mobile-align-left","11":"first","12":"instock","13":"shipping-taxable","14":"product-type-simple"},"_links":{"self":[{"href":"https:\/\/medposnonwoven.com\/de\/wp-json\/wp\/v2\/product\/4400","targetHints":{"allow":["GET"]}}],"collection":[{"href":"https:\/\/medposnonwoven.com\/de\/wp-json\/wp\/v2\/product"}],"about":[{"href":"https:\/\/medposnonwoven.com\/de\/wp-json\/wp\/v2\/types\/product"}],"wp:featuredmedia":[{"embeddable":true,"href":"https:\/\/medposnonwoven.com\/de\/wp-json\/wp\/v2\/media\/4049"}],"wp:attachment":[{"href":"https:\/\/medposnonwoven.com\/de\/wp-json\/wp\/v2\/media?parent=4400"}],"wp:term":[{"taxonomy":"product_brand","embeddable":true,"href":"https:\/\/medposnonwoven.com\/de\/wp-json\/wp\/v2\/product_brand?post=4400"},{"taxonomy":"product_cat","embeddable":true,"href":"https:\/\/medposnonwoven.com\/de\/wp-json\/wp\/v2\/product_cat?post=4400"},{"taxonomy":"product_tag","embeddable":true,"href":"https:\/\/medposnonwoven.com\/de\/wp-json\/wp\/v2\/product_tag?post=4400"}],"curies":[{"name":"wp","href":"https:\/\/api.w.org\/{rel}","templated":true}]}}