{"id":4402,"date":"2023-01-05T15:23:58","date_gmt":"2023-01-05T15:23:58","guid":{"rendered":"https:\/\/medposnonwoven.com\/product\/einweg-plastikschuerze\/"},"modified":"2023-04-23T09:45:59","modified_gmt":"2023-04-23T09:45:59","slug":"einweg-plastikschuerze","status":"publish","type":"product","link":"https:\/\/medposnonwoven.com\/de\/produkt\/einweg-plastikschuerze\/","title":{"rendered":"Einweg-Plastiksch\u00fcrze"},"content":{"rendered":"<ul>\n<li>Einweg-Kunststoffsch\u00fcrzen werden aufgrund ihrer Bequemlichkeit und Erschwinglichkeit mit der rasanten Entwicklung der Technologie und der pharmazeutischen und gastronomischen Industrie auf der ganzen Welt immer h\u00e4ufiger verwendet. Einweg-Kunststoffsch\u00fcrzen lassen sich nach ihrem Material in Polyethylen (PE)-Kunststoffsch\u00fcrzen und Polyvinylchlorid (PVC)-Kunststoffsch\u00fcrzen unterteilen, es gibt aber auch einige andere Materialien. Einwegsch\u00fcrzen aus Polyethylen (PE) sind leicht, wasserdicht und in einer Vielzahl von Gr\u00f6\u00dfen erh\u00e4ltlich. Diese Sch\u00fcrzen sind resistent gegen Fl\u00fcssigkeiten, Fett- und \u00d6lflecken und werden h\u00e4ufig in der Lebensmittelverarbeitung, im Catering, in B\u00e4ckereien und in der Pharmazie eingesetzt. Einweg-Kunststoffsch\u00fcrzen aus Polyvinylchlorid (PVC) sind langlebig und k\u00f6nnen mit Feuchtt\u00fcchern gereinigt werden. Dieses Produkt ist in der Regel in der L\u00e4nge verstellbar, um es an verschiedene K\u00f6rpertypen anzupassen. Es ist wasser-, fett-, korrosions- und staubbest\u00e4ndig und eignet sich f\u00fcr den gewerblichen und professionellen Einsatz, z. B. f\u00fcr Tischler, Friseure, Maler, K\u00f6che, Kellner usw. Dar\u00fcber hinaus sind einige Produkte mit Taschen ausgestattet, um Dinge zu transportieren, was ihre Praktikabilit\u00e4t erh\u00f6ht. Die derzeit am h\u00e4ufigsten verwendeten sind Kunststoffsch\u00fcrzen aus Polyethylen<\/li>\n<\/ul>\n<p>&nbsp;<\/p>\n","protected":false},"excerpt":{"rendered":"<ul>\n<li>Die Einwegsch\u00fcrze schafft eine zuverl\u00e4ssige Barriere zwischen Ihrer Kleidung und der Arbeitsumgebung. Unsere blaue wasserdichte Kunststoffsch\u00fcrze ist ein hervorragender Ersatz f\u00fcr teure Uniformen.<\/li>\n<li>Weit verbreitet in der Gastronomie, in der Fleischverarbeitung, beim Kochen, in der Lebensmittelverarbeitung, im Reinraum, im Gartenbau und in der Druckerei.<\/li>\n<\/ul>\n<h4>Eigenschaften<\/h4>\n<p>Material: Polyethylen HDPE oder LDPE<\/p>\n<p>Gr\u00f6\u00dfe:27\u00d742\u2033(69x107cm), 28\u00d746\u2033(71x117cm), 32\u2033x49\u2033(80x125cm)<\/p>\n<p>Farbe:Blau, Wei\u00df<\/p>\n<p>Art:Einteilig, mit B\u00e4ndern auf der R\u00fcckseite, mit gepr\u00e4gter oder glatter Oberfl\u00e4che<\/p>\n<p>Verpackung: 100 St\u00fcck\/Beutel, 10 Beutel\/Karton<\/p>\n<p>&nbsp;<\/p>\n<p>&nbsp;<\/p>\n","protected":false},"featured_media":4060,"template":"","meta":{"site-sidebar-layout":"default","site-content-layout":"default","ast-site-content-layout":"default","site-content-style":"default","site-sidebar-style":"default","ast-global-header-display":"","ast-banner-title-visibility":"","ast-main-header-display":"","ast-hfb-above-header-display":"","ast-hfb-below-header-display":"","ast-hfb-mobile-header-display":"","site-post-title":"","ast-breadcrumbs-content":"","ast-featured-img":"","footer-sml-layout":"","ast-disable-related-posts":"","theme-transparent-header-meta":"default","adv-header-id-meta":"","stick-header-meta":"","header-above-stick-meta":"","header-main-stick-meta":"","header-below-stick-meta":"","astra-migrate-meta-layouts":"default","ast-page-background-enabled":"default","ast-page-background-meta":{"desktop":{"background-color":"","background-image":"","background-repeat":"repeat","background-position":"center center","background-size":"auto","background-attachment":"scroll","background-type":"","background-media":"","overlay-type":"","overlay-color":"","overlay-opacity":"","overlay-gradient":""},"tablet":{"background-color":"","background-image":"","background-repeat":"repeat","background-position":"center center","background-size":"auto","background-attachment":"scroll","background-type":"","background-media":"","overlay-type":"","overlay-color":"","overlay-opacity":"","overlay-gradient":""},"mobile":{"background-color":"","background-image":"","background-repeat":"repeat","background-position":"center center","background-size":"auto","background-attachment":"scroll","background-type":"","background-media":"","overlay-type":"","overlay-color":"","overlay-opacity":"","overlay-gradient":""}},"ast-content-background-meta":{"desktop":{"background-color":"var(--ast-global-color-5)","background-image":"","background-repeat":"repeat","background-position":"center center","background-size":"auto","background-attachment":"scroll","background-type":"","background-media":"","overlay-type":"","overlay-color":"","overlay-opacity":"","overlay-gradient":""},"tablet":{"background-color":"var(--ast-global-color-5)","background-image":"","background-repeat":"repeat","background-position":"center center","background-size":"auto","background-attachment":"scroll","background-type":"","background-media":"","overlay-type":"","overlay-color":"","overlay-opacity":"","overlay-gradient":""},"mobile":{"background-color":"var(--ast-global-color-5)","background-image":"","background-repeat":"repeat","background-position":"center center","background-size":"auto","background-attachment":"scroll","background-type":"","background-media":"","overlay-type":"","overlay-color":"","overlay-opacity":"","overlay-gradient":""}}},"product_brand":[],"product_cat":[103],"product_tag":[],"class_list":{"0":"post-4402","1":"product","2":"type-product","3":"status-publish","4":"has-post-thumbnail","6":"product_cat-einwegschurzen","7":"desktop-align-center","8":"tablet-align-left","9":"mobile-align-left","11":"first","12":"instock","13":"shipping-taxable","14":"product-type-simple"},"_links":{"self":[{"href":"https:\/\/medposnonwoven.com\/de\/wp-json\/wp\/v2\/product\/4402","targetHints":{"allow":["GET"]}}],"collection":[{"href":"https:\/\/medposnonwoven.com\/de\/wp-json\/wp\/v2\/product"}],"about":[{"href":"https:\/\/medposnonwoven.com\/de\/wp-json\/wp\/v2\/types\/product"}],"wp:featuredmedia":[{"embeddable":true,"href":"https:\/\/medposnonwoven.com\/de\/wp-json\/wp\/v2\/media\/4060"}],"wp:attachment":[{"href":"https:\/\/medposnonwoven.com\/de\/wp-json\/wp\/v2\/media?parent=4402"}],"wp:term":[{"taxonomy":"product_brand","embeddable":true,"href":"https:\/\/medposnonwoven.com\/de\/wp-json\/wp\/v2\/product_brand?post=4402"},{"taxonomy":"product_cat","embeddable":true,"href":"https:\/\/medposnonwoven.com\/de\/wp-json\/wp\/v2\/product_cat?post=4402"},{"taxonomy":"product_tag","embeddable":true,"href":"https:\/\/medposnonwoven.com\/de\/wp-json\/wp\/v2\/product_tag?post=4402"}],"curies":[{"name":"wp","href":"https:\/\/api.w.org\/{rel}","templated":true}]}}