{"id":4403,"date":"2023-01-10T16:12:24","date_gmt":"2023-01-10T16:12:24","guid":{"rendered":"https:\/\/medposnonwoven.com\/product\/einweg-stiefelueberzug-aus-vliesstoff\/"},"modified":"2023-04-23T09:26:46","modified_gmt":"2023-04-23T09:26:46","slug":"einweg-stiefelueberzug-aus-vliesstoff","status":"publish","type":"product","link":"https:\/\/medposnonwoven.com\/de\/produkt\/einweg-stiefelueberzug-aus-vliesstoff\/","title":{"rendered":"Einweg-Stiefel\u00fcberzug aus Vliesstoff"},"content":{"rendered":"<ul>\n<li>Einweg-Stiefel\u00fcberz\u00fcge sind eine praktische und hygienische L\u00f6sung f\u00fcr Verbraucher, die bequeme und elegante Schuhe suchen, da sie aus leichten und wasserdichten Materialien wie Vliesstoffen hergestellt werden. Sie haben ein einfaches Design, ein elastisches Kn\u00f6chelband f\u00fcr einen sicheren Sitz und einen Slip-on-Stil.<\/li>\n<li>F\u00fcr Mitarbeiter in Krankenh\u00e4usern, Fabriken und anderen Bereichen, in denen ein hoher Hygienestandard erforderlich ist, ist die Wahl von Einweg-Stiefel\u00fcberz\u00fcgen keine schlechte Idee. Sie sch\u00fctzen Sie perfekt vor Schlamm und anderen gef\u00e4hrlichen Elementen mit einer zus\u00e4tzlichen Schicht. Das macht sie zu einer guten Wahl f\u00fcr Menschen, die im Freien arbeiten. Es gibt jemanden, der seine Schuhe sauber halten will, k\u00f6nnen Sie Einweg-Schuh\u00fcberz\u00fcge w\u00e4hlen, die in einer Vielzahl von Gr\u00f6\u00dfen und Farben. Sie sind kosteng\u00fcnstig, leicht zu lagern und praktisch in der Anwendung.<\/li>\n<\/ul>\n<p>&nbsp;<\/p>\n","protected":false},"excerpt":{"rendered":"<ul>\n<li>F\u00fcr die Herstellung von Einwegschuhen wird hochwertiger Polypropylen-Vliesstoff verwendet. Im Gegensatz zu anderen Fu\u00df\u00fcberz\u00fcgen aus Kunststoff ist der Stoff des wasserdichten Schuh\u00fcberzugs rei\u00dffest und raschelt nicht.<\/li>\n<li>Weit verbreitet in Haushalten, Hotels, in der Lebensmittelindustrie, in der medizinischen Behandlung, in Fabriken, bei der Reinigung von Labors und an anderen geeigneten Orten.<\/li>\n<\/ul>\n<h4>Eigenschaften<\/h4>\n<p>Material: Polypropylen-Vliesstoff<\/p>\n<p>Gr\u00f6\u00dfe:42x39cm, 40x50cm oder individuell<\/p>\n<p>Farbe:Wei\u00df, Blau<\/p>\n<p>Typ:Elastisches Oberteil, mit zwei B\u00e4ndern, mit oder ohne rutschfester Sohle<\/p>\n<p>Verpackung: 100 St\u00fcck\/Beutel, 10 Beutel\/Karton<\/p>\n<p>&nbsp;<\/p>\n<p>&nbsp;<\/p>\n","protected":false},"featured_media":4088,"template":"","meta":{"site-sidebar-layout":"default","site-content-layout":"default","ast-site-content-layout":"default","site-content-style":"default","site-sidebar-style":"default","ast-global-header-display":"","ast-banner-title-visibility":"","ast-main-header-display":"","ast-hfb-above-header-display":"","ast-hfb-below-header-display":"","ast-hfb-mobile-header-display":"","site-post-title":"","ast-breadcrumbs-content":"","ast-featured-img":"","footer-sml-layout":"","ast-disable-related-posts":"","theme-transparent-header-meta":"default","adv-header-id-meta":"","stick-header-meta":"","header-above-stick-meta":"","header-main-stick-meta":"","header-below-stick-meta":"","astra-migrate-meta-layouts":"default","ast-page-background-enabled":"default","ast-page-background-meta":{"desktop":{"background-color":"","background-image":"","background-repeat":"repeat","background-position":"center center","background-size":"auto","background-attachment":"scroll","background-type":"","background-media":"","overlay-type":"","overlay-color":"","overlay-opacity":"","overlay-gradient":""},"tablet":{"background-color":"","background-image":"","background-repeat":"repeat","background-position":"center center","background-size":"auto","background-attachment":"scroll","background-type":"","background-media":"","overlay-type":"","overlay-color":"","overlay-opacity":"","overlay-gradient":""},"mobile":{"background-color":"","background-image":"","background-repeat":"repeat","background-position":"center center","background-size":"auto","background-attachment":"scroll","background-type":"","background-media":"","overlay-type":"","overlay-color":"","overlay-opacity":"","overlay-gradient":""}},"ast-content-background-meta":{"desktop":{"background-color":"var(--ast-global-color-5)","background-image":"","background-repeat":"repeat","background-position":"center center","background-size":"auto","background-attachment":"scroll","background-type":"","background-media":"","overlay-type":"","overlay-color":"","overlay-opacity":"","overlay-gradient":""},"tablet":{"background-color":"var(--ast-global-color-5)","background-image":"","background-repeat":"repeat","background-position":"center center","background-size":"auto","background-attachment":"scroll","background-type":"","background-media":"","overlay-type":"","overlay-color":"","overlay-opacity":"","overlay-gradient":""},"mobile":{"background-color":"var(--ast-global-color-5)","background-image":"","background-repeat":"repeat","background-position":"center center","background-size":"auto","background-attachment":"scroll","background-type":"","background-media":"","overlay-type":"","overlay-color":"","overlay-opacity":"","overlay-gradient":""}}},"product_brand":[],"product_cat":[105],"product_tag":[],"class_list":{"0":"post-4403","1":"product","2":"type-product","3":"status-publish","4":"has-post-thumbnail","6":"product_cat-schuhuberzuge-stiefeluberzuge","7":"desktop-align-center","8":"tablet-align-left","9":"mobile-align-left","11":"first","12":"instock","13":"shipping-taxable","14":"product-type-simple"},"_links":{"self":[{"href":"https:\/\/medposnonwoven.com\/de\/wp-json\/wp\/v2\/product\/4403","targetHints":{"allow":["GET"]}}],"collection":[{"href":"https:\/\/medposnonwoven.com\/de\/wp-json\/wp\/v2\/product"}],"about":[{"href":"https:\/\/medposnonwoven.com\/de\/wp-json\/wp\/v2\/types\/product"}],"wp:featuredmedia":[{"embeddable":true,"href":"https:\/\/medposnonwoven.com\/de\/wp-json\/wp\/v2\/media\/4088"}],"wp:attachment":[{"href":"https:\/\/medposnonwoven.com\/de\/wp-json\/wp\/v2\/media?parent=4403"}],"wp:term":[{"taxonomy":"product_brand","embeddable":true,"href":"https:\/\/medposnonwoven.com\/de\/wp-json\/wp\/v2\/product_brand?post=4403"},{"taxonomy":"product_cat","embeddable":true,"href":"https:\/\/medposnonwoven.com\/de\/wp-json\/wp\/v2\/product_cat?post=4403"},{"taxonomy":"product_tag","embeddable":true,"href":"https:\/\/medposnonwoven.com\/de\/wp-json\/wp\/v2\/product_tag?post=4403"}],"curies":[{"name":"wp","href":"https:\/\/api.w.org\/{rel}","templated":true}]}}