{"id":4406,"date":"2023-01-04T16:03:51","date_gmt":"2023-01-04T16:03:51","guid":{"rendered":"https:\/\/medposnonwoven.com\/product\/einweg-operationsanzuege\/"},"modified":"2023-04-23T09:46:41","modified_gmt":"2023-04-23T09:46:41","slug":"einweg-operationsanzuege","status":"publish","type":"product","link":"https:\/\/medposnonwoven.com\/de\/produkt\/einweg-operationsanzuege\/","title":{"rendered":"Einweg-Operationsanz\u00fcge"},"content":{"rendered":"<ul>\n<li>Einweg-\u00dcbungsanz\u00fcge, die f\u00fcr den einmaligen Gebrauch bestimmt sind und in der Regel von Krankenschwestern, Chirurgen und anderem medizinischen Personal bei medizinischen Verfahren getragen werden. Einweg-Operationsanz\u00fcge bestehen in der Regel aus einem oder zwei Kleidungsst\u00fccken, einem Ganzk\u00f6rperanzug oder einem Hemd und einer Hose, und werden in der Regel aus Papier- oder Kunststoffvlies hergestellt. Einweg-OP-Schutzanz\u00fcge sind in erster Linie dazu gedacht, eine saubere Barriere in sterilen Umgebungen und anderen klinischen Behandlungsumgebungen wie Notaufnahmen, Entbindungsbereichen und Intensivstationen zu schaffen. Um zu verhindern, dass Menschen infekti\u00f6ses Material auf ihrer Kleidung in diese Umgebungen tragen, m\u00fcssen das medizinische Personal und das Personal von Einrichtungen sowie Besucher h\u00e4ufig saubere Schutzanz\u00fcge anziehen, bevor sie den Bereich betreten. In einigen Einrichtungen des Gesundheitswesens muss der Tr\u00e4ger den benutzten OP-Schutzanzug wechseln, bevor er bestimmte Bereiche der Einrichtung verl\u00e4sst, um die Ausbreitung von infekti\u00f6sem Material aus diesen Bereichen zu verhindern. Einweg-Operationsanz\u00fcge werden in der Regel nur w\u00e4hrend eines Verfahrens getragen und dann entsorgt.<\/li>\n<\/ul>\n","protected":false},"excerpt":{"rendered":"<ul>\n<li>Hergestellt aus SMS-Vlies, fl\u00fcssigkeitsbest\u00e4ndig, 100% Polypropylen, sehr widerstandsf\u00e4hig und atmungsaktiv.<\/li>\n<li>Hose + Kittel sind die ideale Schutzkleidung, um Arbeitnehmer und Patienten vor der \u00dcbertragung von Partikeln und Fl\u00fcssigkeiten zu sch\u00fctzen.<\/li>\n<\/ul>\n<h4>Eigenschaften<\/h4>\n<p>Material: Polypropylen-Spinnvlies, SMS<\/p>\n<p>Gr\u00f6\u00dfe: S, M, L, XL, XXL, 3XL, 4XL<\/p>\n<p>Farbe:Blau, Gr\u00fcn<\/p>\n<p>Typ:V-Ausschnitt oder Rundhalsausschnitt<\/p>\n<p>Verpackung: 1 St\u00fcck\/Beutel, 50 Beutel\/Karton<\/p>\n<p>&nbsp;<\/p>\n","protected":false},"featured_media":4059,"template":"","meta":{"site-sidebar-layout":"default","site-content-layout":"default","ast-site-content-layout":"default","site-content-style":"default","site-sidebar-style":"default","ast-global-header-display":"","ast-banner-title-visibility":"","ast-main-header-display":"","ast-hfb-above-header-display":"","ast-hfb-below-header-display":"","ast-hfb-mobile-header-display":"","site-post-title":"","ast-breadcrumbs-content":"","ast-featured-img":"","footer-sml-layout":"","ast-disable-related-posts":"","theme-transparent-header-meta":"default","adv-header-id-meta":"","stick-header-meta":"","header-above-stick-meta":"","header-main-stick-meta":"","header-below-stick-meta":"","astra-migrate-meta-layouts":"default","ast-page-background-enabled":"default","ast-page-background-meta":{"desktop":{"background-color":"","background-image":"","background-repeat":"repeat","background-position":"center center","background-size":"auto","background-attachment":"scroll","background-type":"","background-media":"","overlay-type":"","overlay-color":"","overlay-opacity":"","overlay-gradient":""},"tablet":{"background-color":"","background-image":"","background-repeat":"repeat","background-position":"center center","background-size":"auto","background-attachment":"scroll","background-type":"","background-media":"","overlay-type":"","overlay-color":"","overlay-opacity":"","overlay-gradient":""},"mobile":{"background-color":"","background-image":"","background-repeat":"repeat","background-position":"center center","background-size":"auto","background-attachment":"scroll","background-type":"","background-media":"","overlay-type":"","overlay-color":"","overlay-opacity":"","overlay-gradient":""}},"ast-content-background-meta":{"desktop":{"background-color":"var(--ast-global-color-5)","background-image":"","background-repeat":"repeat","background-position":"center center","background-size":"auto","background-attachment":"scroll","background-type":"","background-media":"","overlay-type":"","overlay-color":"","overlay-opacity":"","overlay-gradient":""},"tablet":{"background-color":"var(--ast-global-color-5)","background-image":"","background-repeat":"repeat","background-position":"center center","background-size":"auto","background-attachment":"scroll","background-type":"","background-media":"","overlay-type":"","overlay-color":"","overlay-opacity":"","overlay-gradient":""},"mobile":{"background-color":"var(--ast-global-color-5)","background-image":"","background-repeat":"repeat","background-position":"center center","background-size":"auto","background-attachment":"scroll","background-type":"","background-media":"","overlay-type":"","overlay-color":"","overlay-opacity":"","overlay-gradient":""}}},"product_brand":[],"product_cat":[104],"product_tag":[],"class_list":{"0":"post-4406","1":"product","2":"type-product","3":"status-publish","4":"has-post-thumbnail","6":"product_cat-schutzkittel","7":"desktop-align-center","8":"tablet-align-left","9":"mobile-align-left","11":"first","12":"instock","13":"shipping-taxable","14":"product-type-simple"},"_links":{"self":[{"href":"https:\/\/medposnonwoven.com\/de\/wp-json\/wp\/v2\/product\/4406","targetHints":{"allow":["GET"]}}],"collection":[{"href":"https:\/\/medposnonwoven.com\/de\/wp-json\/wp\/v2\/product"}],"about":[{"href":"https:\/\/medposnonwoven.com\/de\/wp-json\/wp\/v2\/types\/product"}],"wp:featuredmedia":[{"embeddable":true,"href":"https:\/\/medposnonwoven.com\/de\/wp-json\/wp\/v2\/media\/4059"}],"wp:attachment":[{"href":"https:\/\/medposnonwoven.com\/de\/wp-json\/wp\/v2\/media?parent=4406"}],"wp:term":[{"taxonomy":"product_brand","embeddable":true,"href":"https:\/\/medposnonwoven.com\/de\/wp-json\/wp\/v2\/product_brand?post=4406"},{"taxonomy":"product_cat","embeddable":true,"href":"https:\/\/medposnonwoven.com\/de\/wp-json\/wp\/v2\/product_cat?post=4406"},{"taxonomy":"product_tag","embeddable":true,"href":"https:\/\/medposnonwoven.com\/de\/wp-json\/wp\/v2\/product_tag?post=4406"}],"curies":[{"name":"wp","href":"https:\/\/api.w.org\/{rel}","templated":true}]}}