{"id":4407,"date":"2023-01-03T15:57:21","date_gmt":"2023-01-03T15:57:21","guid":{"rendered":"https:\/\/medposnonwoven.com\/product\/pppe-mikroporoeser-schutzanzug\/"},"modified":"2023-04-23T09:55:10","modified_gmt":"2023-04-23T09:55:10","slug":"pppe-mikroporoeser-schutzanzug","status":"publish","type":"product","link":"https:\/\/medposnonwoven.com\/de\/produkt\/pppe-mikroporoeser-schutzanzug\/","title":{"rendered":"PP+PE Mikropor\u00f6ser Schutzanzug"},"content":{"rendered":"<ul>\n<li>Der mikropor\u00f6se Schutzanzug besteht aus zwei Materialien: einer Innenschicht aus Spinnvlies aus Polypropylen und einer Au\u00dfenschicht aus mikropor\u00f6ser Folie. Geeignet f\u00fcr den Einsatz in explosionsgef\u00e4hrdeten Bereichen, kann wirksam verhindern, dass Staub, sch\u00e4dliche Partikel und ungef\u00e4hrliche chemische Fl\u00fcssigkeiten in begrenztem Umfang verspr\u00fcht werden.<\/li>\n<li>Charakteristisch:<br \/>\n1. hervorragende chemische Barriere an der Vorderseite ohne Faserabfall. Der gesamte Mantel besteht aus atmungsaktivem Folienmaterial, das s\u00e4urehaltige und \u00e4tzende Fl\u00fcssigkeiten abhalten kann und gleichzeitig einen hohen Luftdurchsatz erm\u00f6glicht.<br \/>\n2. antistatisches Schutzmaterial, geeignet f\u00fcr den Einsatz in der Elektronik und anderen Bereichen, die statische Kontrolle erfordern<br \/>\n3. elastische Kapuze, Taille, Handgelenk, und Kn\u00f6chel Design, leicht zu tragen und zu bewegen.<br \/>\n4. rei\u00dfverschluss design, breite abdeckung flachen mehrschichtigen schutz an der klappe, so dass f\u00fcr vorne tragen bequem.<br \/>\n5. kann in Verbindung mit anderen pers\u00f6nlichen Schutzausr\u00fcstungen verwendet werden, um die Sicherheit erheblich zu verbessern.<\/li>\n<\/ul>\n<p>&nbsp;<\/p>\n","protected":false},"excerpt":{"rendered":"<ul>\n<li>Die Einweganz\u00fcge sind aus 100 % fl\u00fcssigkeitsbest\u00e4ndigem Vliesstoff gefertigt, der eine perfekte Haltbarkeit aufweist und dennoch leicht und atmungsaktiv genug f\u00fcr einen hohen Tragekomfort ist.<\/li>\n<li>Weit verbreitet f\u00fcr Gartenarbeit, Malerei, Spr\u00fchen, Herstellung, Reinigung, Fahrzeug- und Maschinenwartung oder Gartenarbeit.<\/li>\n<\/ul>\n<h4>Eigenschaften<\/h4>\n<p>Material: Polypropylen + mikropor\u00f6ser, atmungsaktiver Film<\/p>\n<p>Gr\u00f6\u00dfe: S, M, L, XL, XXL, 3XL, 4XL<\/p>\n<p>Farbe:Wei\u00df, Blau, Dunkelblau<\/p>\n<p>Typ:Mit Kapuze, elastischen Handgelenken und Rei\u00dfverschluss auf der Vorderseite.<\/p>\n<p>Verpackung: 1 St\u00fcck\/Beutel, 50 Beutel\/Karton<\/p>\n<p>&nbsp;<\/p>\n<p>&nbsp;<\/p>\n","protected":false},"featured_media":4041,"template":"","meta":{"site-sidebar-layout":"default","site-content-layout":"default","ast-site-content-layout":"default","site-content-style":"default","site-sidebar-style":"default","ast-global-header-display":"","ast-banner-title-visibility":"","ast-main-header-display":"","ast-hfb-above-header-display":"","ast-hfb-below-header-display":"","ast-hfb-mobile-header-display":"","site-post-title":"","ast-breadcrumbs-content":"","ast-featured-img":"","footer-sml-layout":"","ast-disable-related-posts":"","theme-transparent-header-meta":"default","adv-header-id-meta":"","stick-header-meta":"","header-above-stick-meta":"","header-main-stick-meta":"","header-below-stick-meta":"","astra-migrate-meta-layouts":"default","ast-page-background-enabled":"default","ast-page-background-meta":{"desktop":{"background-color":"","background-image":"","background-repeat":"repeat","background-position":"center center","background-size":"auto","background-attachment":"scroll","background-type":"","background-media":"","overlay-type":"","overlay-color":"","overlay-opacity":"","overlay-gradient":""},"tablet":{"background-color":"","background-image":"","background-repeat":"repeat","background-position":"center center","background-size":"auto","background-attachment":"scroll","background-type":"","background-media":"","overlay-type":"","overlay-color":"","overlay-opacity":"","overlay-gradient":""},"mobile":{"background-color":"","background-image":"","background-repeat":"repeat","background-position":"center center","background-size":"auto","background-attachment":"scroll","background-type":"","background-media":"","overlay-type":"","overlay-color":"","overlay-opacity":"","overlay-gradient":""}},"ast-content-background-meta":{"desktop":{"background-color":"var(--ast-global-color-5)","background-image":"","background-repeat":"repeat","background-position":"center center","background-size":"auto","background-attachment":"scroll","background-type":"","background-media":"","overlay-type":"","overlay-color":"","overlay-opacity":"","overlay-gradient":""},"tablet":{"background-color":"var(--ast-global-color-5)","background-image":"","background-repeat":"repeat","background-position":"center center","background-size":"auto","background-attachment":"scroll","background-type":"","background-media":"","overlay-type":"","overlay-color":"","overlay-opacity":"","overlay-gradient":""},"mobile":{"background-color":"var(--ast-global-color-5)","background-image":"","background-repeat":"repeat","background-position":"center center","background-size":"auto","background-attachment":"scroll","background-type":"","background-media":"","overlay-type":"","overlay-color":"","overlay-opacity":"","overlay-gradient":""}}},"product_brand":[],"product_cat":[104],"product_tag":[],"class_list":{"0":"post-4407","1":"product","2":"type-product","3":"status-publish","4":"has-post-thumbnail","6":"product_cat-schutzkittel","7":"desktop-align-center","8":"tablet-align-left","9":"mobile-align-left","11":"first","12":"instock","13":"shipping-taxable","14":"product-type-simple"},"_links":{"self":[{"href":"https:\/\/medposnonwoven.com\/de\/wp-json\/wp\/v2\/product\/4407","targetHints":{"allow":["GET"]}}],"collection":[{"href":"https:\/\/medposnonwoven.com\/de\/wp-json\/wp\/v2\/product"}],"about":[{"href":"https:\/\/medposnonwoven.com\/de\/wp-json\/wp\/v2\/types\/product"}],"wp:featuredmedia":[{"embeddable":true,"href":"https:\/\/medposnonwoven.com\/de\/wp-json\/wp\/v2\/media\/4041"}],"wp:attachment":[{"href":"https:\/\/medposnonwoven.com\/de\/wp-json\/wp\/v2\/media?parent=4407"}],"wp:term":[{"taxonomy":"product_brand","embeddable":true,"href":"https:\/\/medposnonwoven.com\/de\/wp-json\/wp\/v2\/product_brand?post=4407"},{"taxonomy":"product_cat","embeddable":true,"href":"https:\/\/medposnonwoven.com\/de\/wp-json\/wp\/v2\/product_cat?post=4407"},{"taxonomy":"product_tag","embeddable":true,"href":"https:\/\/medposnonwoven.com\/de\/wp-json\/wp\/v2\/product_tag?post=4407"}],"curies":[{"name":"wp","href":"https:\/\/api.w.org\/{rel}","templated":true}]}}