{"id":4408,"date":"2023-01-06T15:43:50","date_gmt":"2023-01-06T15:43:50","guid":{"rendered":"https:\/\/medposnonwoven.com\/product\/einweg-barista-schuerze\/"},"modified":"2023-04-23T09:40:34","modified_gmt":"2023-04-23T09:40:34","slug":"einweg-barista-schuerze","status":"publish","type":"product","link":"https:\/\/medposnonwoven.com\/de\/produkt\/einweg-barista-schuerze\/","title":{"rendered":"Einweg-Barista-Sch\u00fcrze"},"content":{"rendered":"<ul>\n<li>Eine Einwegsch\u00fcrze ist eine Art Schutzkleidung, die zum Bedecken der K\u00f6rpervorderseite getragen wird und in der Regel aus einem leichten Einwegmaterial wie Vliesstoff oder Kunststoff besteht. Einwegsch\u00fcrzen werden h\u00e4ufig in Bereichen getragen, in denen ein Kontaminationsrisiko besteht, z. B. in Krankenh\u00e4usern, Labors oder in der Gastronomie. Sie sind so konzipiert, dass sie nach einmaligem Gebrauch entsorgt werden k\u00f6nnen, was dazu beitr\u00e4gt, die Verbreitung von Keimen und anderen Verunreinigungen zu verhindern. Einwegsch\u00fcrzen sind bequem und einfach zu verwenden und k\u00f6nnen dazu beitragen, das Risiko von Infektionen und anderen Gesundheitsrisiken zu verringern.<\/li>\n<\/ul>\n<p>&nbsp;<\/p>\n","protected":false},"excerpt":{"rendered":"<ul>\n<li>Unsere Kaffeesch\u00fcrze ist aus hochwertigem Polyester gefertigt, das sich weich und angenehm anf\u00fchlt. Der Druck ist lebhaft und klar.<\/li>\n<li>Weit verbreitet in der Gastronomie, in der Fleischverarbeitung, beim Kochen, in der Lebensmittelverarbeitung, im Reinraum, im Gartenbau und in der Druckerei.<\/li>\n<\/ul>\n<h4>Eigenschaften<\/h4>\n<p>Material: Polypropylen-Vliesstoff<\/p>\n<p>Gr\u00f6\u00dfe:70*50 cm oder kundenspezifisch<\/p>\n<p>Farbe:Blau, Gr\u00fcn oder kundenspezifisch<\/p>\n<p>Typ:Einteilig in Form, mit B\u00e4ndern am R\u00fccken und gezacktem Rand<\/p>\n<p>Verpackung: 10 St\u00fcck\/Beutel, 20 Beutel\/Karton<\/p>\n<p>&nbsp;<\/p>\n<p>&nbsp;<\/p>\n","protected":false},"featured_media":4072,"template":"","meta":{"site-sidebar-layout":"default","site-content-layout":"default","ast-site-content-layout":"default","site-content-style":"default","site-sidebar-style":"default","ast-global-header-display":"","ast-banner-title-visibility":"","ast-main-header-display":"","ast-hfb-above-header-display":"","ast-hfb-below-header-display":"","ast-hfb-mobile-header-display":"","site-post-title":"","ast-breadcrumbs-content":"","ast-featured-img":"","footer-sml-layout":"","ast-disable-related-posts":"","theme-transparent-header-meta":"default","adv-header-id-meta":"","stick-header-meta":"","header-above-stick-meta":"","header-main-stick-meta":"","header-below-stick-meta":"","astra-migrate-meta-layouts":"default","ast-page-background-enabled":"default","ast-page-background-meta":{"desktop":{"background-color":"","background-image":"","background-repeat":"repeat","background-position":"center center","background-size":"auto","background-attachment":"scroll","background-type":"","background-media":"","overlay-type":"","overlay-color":"","overlay-opacity":"","overlay-gradient":""},"tablet":{"background-color":"","background-image":"","background-repeat":"repeat","background-position":"center center","background-size":"auto","background-attachment":"scroll","background-type":"","background-media":"","overlay-type":"","overlay-color":"","overlay-opacity":"","overlay-gradient":""},"mobile":{"background-color":"","background-image":"","background-repeat":"repeat","background-position":"center center","background-size":"auto","background-attachment":"scroll","background-type":"","background-media":"","overlay-type":"","overlay-color":"","overlay-opacity":"","overlay-gradient":""}},"ast-content-background-meta":{"desktop":{"background-color":"var(--ast-global-color-5)","background-image":"","background-repeat":"repeat","background-position":"center center","background-size":"auto","background-attachment":"scroll","background-type":"","background-media":"","overlay-type":"","overlay-color":"","overlay-opacity":"","overlay-gradient":""},"tablet":{"background-color":"var(--ast-global-color-5)","background-image":"","background-repeat":"repeat","background-position":"center center","background-size":"auto","background-attachment":"scroll","background-type":"","background-media":"","overlay-type":"","overlay-color":"","overlay-opacity":"","overlay-gradient":""},"mobile":{"background-color":"var(--ast-global-color-5)","background-image":"","background-repeat":"repeat","background-position":"center center","background-size":"auto","background-attachment":"scroll","background-type":"","background-media":"","overlay-type":"","overlay-color":"","overlay-opacity":"","overlay-gradient":""}}},"product_brand":[],"product_cat":[103],"product_tag":[],"class_list":{"0":"post-4408","1":"product","2":"type-product","3":"status-publish","4":"has-post-thumbnail","6":"product_cat-einwegschurzen","7":"desktop-align-center","8":"tablet-align-left","9":"mobile-align-left","11":"first","12":"instock","13":"shipping-taxable","14":"product-type-simple"},"_links":{"self":[{"href":"https:\/\/medposnonwoven.com\/de\/wp-json\/wp\/v2\/product\/4408","targetHints":{"allow":["GET"]}}],"collection":[{"href":"https:\/\/medposnonwoven.com\/de\/wp-json\/wp\/v2\/product"}],"about":[{"href":"https:\/\/medposnonwoven.com\/de\/wp-json\/wp\/v2\/types\/product"}],"wp:featuredmedia":[{"embeddable":true,"href":"https:\/\/medposnonwoven.com\/de\/wp-json\/wp\/v2\/media\/4072"}],"wp:attachment":[{"href":"https:\/\/medposnonwoven.com\/de\/wp-json\/wp\/v2\/media?parent=4408"}],"wp:term":[{"taxonomy":"product_brand","embeddable":true,"href":"https:\/\/medposnonwoven.com\/de\/wp-json\/wp\/v2\/product_brand?post=4408"},{"taxonomy":"product_cat","embeddable":true,"href":"https:\/\/medposnonwoven.com\/de\/wp-json\/wp\/v2\/product_cat?post=4408"},{"taxonomy":"product_tag","embeddable":true,"href":"https:\/\/medposnonwoven.com\/de\/wp-json\/wp\/v2\/product_tag?post=4408"}],"curies":[{"name":"wp","href":"https:\/\/api.w.org\/{rel}","templated":true}]}}