{"id":4410,"date":"2023-01-04T15:33:13","date_gmt":"2023-01-04T15:33:13","guid":{"rendered":"https:\/\/medposnonwoven.com\/product\/einweg-patientenkittel\/"},"modified":"2023-04-23T09:47:43","modified_gmt":"2023-04-23T09:47:43","slug":"einweg-patientenkittel","status":"publish","type":"product","link":"https:\/\/medposnonwoven.com\/de\/produkt\/einweg-patientenkittel\/","title":{"rendered":"Einweg-Patientenkittel"},"content":{"rendered":"<ul>\n<li>Einweg-Patientenkleidung ist eine Art von Kleidung, die von Patienten in Krankenh\u00e4usern, Kliniken und anderen medizinischen Einrichtungen getragen wird. Diese Kittel sind so konzipiert, dass sie dem Patienten ein gewisses Ma\u00df an Bescheidenheit und Privatsph\u00e4re bieten und gleichzeitig dem medizinischen Personal einen leichten Zugang zum K\u00f6rper des Patienten f\u00fcr Untersuchungen, Behandlungen und andere medizinische Verfahren erm\u00f6glichen. Einweg-Patientenm\u00e4ntel bestehen in der Regel aus leichten, atmungsaktiven Materialien wie Papier oder Vliesstoffen und sind dazu bestimmt, einmal getragen und dann entsorgt zu werden. Einige Einweg-Patientenm\u00e4ntel sind am R\u00fccken mit B\u00e4ndern versehen, damit sie sicher befestigt werden k\u00f6nnen, w\u00e4hrend andere an den Hand- und Fu\u00dfgelenken mit einem Gummizug versehen sind, damit sie nicht verrutschen. Einweg-Patientenm\u00e4ntel werden h\u00e4ufig in Situationen verwendet, in denen es nicht praktikabel ist, herk\u00f6mmliche Stoff-Patientenm\u00e4ntel zu waschen, oder in denen das Risiko einer Infektion oder Kontamination hoch ist.<\/li>\n<\/ul>\n","protected":false},"excerpt":{"rendered":"<ul>\n<li>Die dunkelblauen Kittel sind dazu bestimmt, den Patienten bei Eingriffen jeglicher Art vor\u00fcbergehend Kleidung zu bieten.<\/li>\n<li>Blaue Einwegkittel werden aus spinngebundenem Polypropylen hergestellt. Diese bequemen Kittel f\u00fcr Erwachsene bieten auch bei kurzen Untersuchungen ein hohes Ma\u00df an Privatsph\u00e4re.<\/li>\n<\/ul>\n<h4>Eigenschaften<\/h4>\n<p>Material: Polypropylen-Spinnvlies, SMS<\/p>\n<p>Gr\u00f6\u00dfe: S, M, L, XL, XXL, 3XL, 4XL<\/p>\n<p>Farbe:Blau, Gr\u00fcn<\/p>\n<p>Typ:\u00c4rmellos oder kurz\u00e4rmelig.<\/p>\n<p>Verpackung: 10 St\u00fcck\/Beutel, 10 Beutel\/Karton<\/p>\n<p>&nbsp;<\/p>\n","protected":false},"featured_media":4055,"template":"","meta":{"site-sidebar-layout":"default","site-content-layout":"default","ast-site-content-layout":"default","site-content-style":"default","site-sidebar-style":"default","ast-global-header-display":"","ast-banner-title-visibility":"","ast-main-header-display":"","ast-hfb-above-header-display":"","ast-hfb-below-header-display":"","ast-hfb-mobile-header-display":"","site-post-title":"","ast-breadcrumbs-content":"","ast-featured-img":"","footer-sml-layout":"","ast-disable-related-posts":"","theme-transparent-header-meta":"default","adv-header-id-meta":"","stick-header-meta":"","header-above-stick-meta":"","header-main-stick-meta":"","header-below-stick-meta":"","astra-migrate-meta-layouts":"default","ast-page-background-enabled":"default","ast-page-background-meta":{"desktop":{"background-color":"","background-image":"","background-repeat":"repeat","background-position":"center center","background-size":"auto","background-attachment":"scroll","background-type":"","background-media":"","overlay-type":"","overlay-color":"","overlay-opacity":"","overlay-gradient":""},"tablet":{"background-color":"","background-image":"","background-repeat":"repeat","background-position":"center center","background-size":"auto","background-attachment":"scroll","background-type":"","background-media":"","overlay-type":"","overlay-color":"","overlay-opacity":"","overlay-gradient":""},"mobile":{"background-color":"","background-image":"","background-repeat":"repeat","background-position":"center center","background-size":"auto","background-attachment":"scroll","background-type":"","background-media":"","overlay-type":"","overlay-color":"","overlay-opacity":"","overlay-gradient":""}},"ast-content-background-meta":{"desktop":{"background-color":"var(--ast-global-color-5)","background-image":"","background-repeat":"repeat","background-position":"center center","background-size":"auto","background-attachment":"scroll","background-type":"","background-media":"","overlay-type":"","overlay-color":"","overlay-opacity":"","overlay-gradient":""},"tablet":{"background-color":"var(--ast-global-color-5)","background-image":"","background-repeat":"repeat","background-position":"center center","background-size":"auto","background-attachment":"scroll","background-type":"","background-media":"","overlay-type":"","overlay-color":"","overlay-opacity":"","overlay-gradient":""},"mobile":{"background-color":"var(--ast-global-color-5)","background-image":"","background-repeat":"repeat","background-position":"center center","background-size":"auto","background-attachment":"scroll","background-type":"","background-media":"","overlay-type":"","overlay-color":"","overlay-opacity":"","overlay-gradient":""}}},"product_brand":[],"product_cat":[104],"product_tag":[],"class_list":{"0":"post-4410","1":"product","2":"type-product","3":"status-publish","4":"has-post-thumbnail","6":"product_cat-schutzkittel","7":"desktop-align-center","8":"tablet-align-left","9":"mobile-align-left","11":"first","12":"instock","13":"shipping-taxable","14":"product-type-simple"},"_links":{"self":[{"href":"https:\/\/medposnonwoven.com\/de\/wp-json\/wp\/v2\/product\/4410","targetHints":{"allow":["GET"]}}],"collection":[{"href":"https:\/\/medposnonwoven.com\/de\/wp-json\/wp\/v2\/product"}],"about":[{"href":"https:\/\/medposnonwoven.com\/de\/wp-json\/wp\/v2\/types\/product"}],"wp:featuredmedia":[{"embeddable":true,"href":"https:\/\/medposnonwoven.com\/de\/wp-json\/wp\/v2\/media\/4055"}],"wp:attachment":[{"href":"https:\/\/medposnonwoven.com\/de\/wp-json\/wp\/v2\/media?parent=4410"}],"wp:term":[{"taxonomy":"product_brand","embeddable":true,"href":"https:\/\/medposnonwoven.com\/de\/wp-json\/wp\/v2\/product_brand?post=4410"},{"taxonomy":"product_cat","embeddable":true,"href":"https:\/\/medposnonwoven.com\/de\/wp-json\/wp\/v2\/product_cat?post=4410"},{"taxonomy":"product_tag","embeddable":true,"href":"https:\/\/medposnonwoven.com\/de\/wp-json\/wp\/v2\/product_tag?post=4410"}],"curies":[{"name":"wp","href":"https:\/\/api.w.org\/{rel}","templated":true}]}}