{"id":4411,"date":"2023-01-03T15:19:08","date_gmt":"2023-01-03T15:19:08","guid":{"rendered":"https:\/\/medposnonwoven.com\/product\/sms-einweg-overall\/"},"modified":"2023-04-23T09:56:25","modified_gmt":"2023-04-23T09:56:25","slug":"sms-einweg-overall","status":"publish","type":"product","link":"https:\/\/medposnonwoven.com\/de\/produkt\/sms-einweg-overall\/","title":{"rendered":"SMS Einweg-Overall"},"content":{"rendered":"<ul>\n<li>Der Schutzanzug besteht aus drei Lagen Verbundvliesstoff, die mittlere Schicht ist wasserabweisend, die \u00e4u\u00dfere Schicht mit Sesam-Punkt-Muster ist ein PP-Vliesstoff, der stark und haltbar ist. Mit Isolierung von Bakterien und wasserdicht, atmungsaktiv Funktion, in der Regel f\u00fcr die Staubkontrolle, Outdoor-Malerei, Bauernhof Zucht, Isolierung, Anbau Labor sterilen Raum und andere Reinigung Umwelt zu verwenden.<\/li>\n<li>Unser Einweg-Schutzanzug hat die folgenden Eigenschaften.<br \/>\n1. Elastische Art Haube, passen das Gesicht und geeignet f\u00fcr eine Vielzahl von Gesichtsform, effektiv zu verhindern, dass Staub eintritt.<br \/>\n2. Manschetten haben hohe Elastizit\u00e4t, k\u00f6nnen effektiv das Handgelenk passen, nicht locker und nicht eng und effektiv f\u00fcr den Schutz.<br \/>\n3. Kn\u00f6chel Passform mit Gummiband, einfach zu tragen, effektive Verhinderung von Staub Infiltration.<br \/>\n4. Elastischer G\u00fcrtel auf der R\u00fcckseite, passen Sie Ihren K\u00f6rper-Typ, bequemer zu arbeiten.<br \/>\n5. Gleichm\u00e4\u00dfige N\u00e4hte im Verriegelungsverfahren, sauber und fadenlos gen\u00e4ht.<\/li>\n<\/ul>\n","protected":false},"excerpt":{"rendered":"<ul>\n<li>Die Einweganz\u00fcge werden aus 100% Polypropylen SMS-Vlies hergestellt, das wasserabweisend, \u00f6lbest\u00e4ndig und rei\u00dffest ist. Bietet Ihnen einen vollst\u00e4ndigen K\u00f6rperschutz in leicht gef\u00e4hrlicher Umgebung.<\/li>\n<li>Weit verbreitet f\u00fcr Gartenarbeit, Malerei, Spr\u00fchen, Herstellung, Reinigung, Fahrzeug- und Maschinenwartung oder Gartenarbeit.<\/li>\n<\/ul>\n<h4>Eigenschaften<\/h4>\n<p>Material: Polypropylen-Vliesstoff SMS<\/p>\n<p>Gr\u00f6\u00dfe: S, M, L, XL, XXL, 3XL, 4XL<\/p>\n<p>Farbe:Wei\u00df, Blau, Dunkelblau<\/p>\n<p>Typ:Mit Kapuze, elastischen Handgelenken und Rei\u00dfverschluss auf der Vorderseite.<\/p>\n<p>Verpackung: 1 St\u00fcck\/Beutel, 50 Beutel\/Karton<\/p>\n<p>&nbsp;<\/p>\n<p>&nbsp;<\/p>\n","protected":false},"featured_media":4038,"template":"","meta":{"site-sidebar-layout":"default","site-content-layout":"default","ast-site-content-layout":"default","site-content-style":"default","site-sidebar-style":"default","ast-global-header-display":"","ast-banner-title-visibility":"","ast-main-header-display":"","ast-hfb-above-header-display":"","ast-hfb-below-header-display":"","ast-hfb-mobile-header-display":"","site-post-title":"","ast-breadcrumbs-content":"","ast-featured-img":"","footer-sml-layout":"","ast-disable-related-posts":"","theme-transparent-header-meta":"default","adv-header-id-meta":"","stick-header-meta":"","header-above-stick-meta":"","header-main-stick-meta":"","header-below-stick-meta":"","astra-migrate-meta-layouts":"default","ast-page-background-enabled":"default","ast-page-background-meta":{"desktop":{"background-color":"","background-image":"","background-repeat":"repeat","background-position":"center center","background-size":"auto","background-attachment":"scroll","background-type":"","background-media":"","overlay-type":"","overlay-color":"","overlay-opacity":"","overlay-gradient":""},"tablet":{"background-color":"","background-image":"","background-repeat":"repeat","background-position":"center center","background-size":"auto","background-attachment":"scroll","background-type":"","background-media":"","overlay-type":"","overlay-color":"","overlay-opacity":"","overlay-gradient":""},"mobile":{"background-color":"","background-image":"","background-repeat":"repeat","background-position":"center center","background-size":"auto","background-attachment":"scroll","background-type":"","background-media":"","overlay-type":"","overlay-color":"","overlay-opacity":"","overlay-gradient":""}},"ast-content-background-meta":{"desktop":{"background-color":"var(--ast-global-color-5)","background-image":"","background-repeat":"repeat","background-position":"center center","background-size":"auto","background-attachment":"scroll","background-type":"","background-media":"","overlay-type":"","overlay-color":"","overlay-opacity":"","overlay-gradient":""},"tablet":{"background-color":"var(--ast-global-color-5)","background-image":"","background-repeat":"repeat","background-position":"center center","background-size":"auto","background-attachment":"scroll","background-type":"","background-media":"","overlay-type":"","overlay-color":"","overlay-opacity":"","overlay-gradient":""},"mobile":{"background-color":"var(--ast-global-color-5)","background-image":"","background-repeat":"repeat","background-position":"center center","background-size":"auto","background-attachment":"scroll","background-type":"","background-media":"","overlay-type":"","overlay-color":"","overlay-opacity":"","overlay-gradient":""}}},"product_brand":[],"product_cat":[104],"product_tag":[],"class_list":{"0":"post-4411","1":"product","2":"type-product","3":"status-publish","4":"has-post-thumbnail","6":"product_cat-schutzkittel","7":"desktop-align-center","8":"tablet-align-left","9":"mobile-align-left","11":"first","12":"instock","13":"shipping-taxable","14":"product-type-simple"},"_links":{"self":[{"href":"https:\/\/medposnonwoven.com\/de\/wp-json\/wp\/v2\/product\/4411","targetHints":{"allow":["GET"]}}],"collection":[{"href":"https:\/\/medposnonwoven.com\/de\/wp-json\/wp\/v2\/product"}],"about":[{"href":"https:\/\/medposnonwoven.com\/de\/wp-json\/wp\/v2\/types\/product"}],"wp:featuredmedia":[{"embeddable":true,"href":"https:\/\/medposnonwoven.com\/de\/wp-json\/wp\/v2\/media\/4038"}],"wp:attachment":[{"href":"https:\/\/medposnonwoven.com\/de\/wp-json\/wp\/v2\/media?parent=4411"}],"wp:term":[{"taxonomy":"product_brand","embeddable":true,"href":"https:\/\/medposnonwoven.com\/de\/wp-json\/wp\/v2\/product_brand?post=4411"},{"taxonomy":"product_cat","embeddable":true,"href":"https:\/\/medposnonwoven.com\/de\/wp-json\/wp\/v2\/product_cat?post=4411"},{"taxonomy":"product_tag","embeddable":true,"href":"https:\/\/medposnonwoven.com\/de\/wp-json\/wp\/v2\/product_tag?post=4411"}],"curies":[{"name":"wp","href":"https:\/\/api.w.org\/{rel}","templated":true}]}}