{"id":4412,"date":"2023-01-10T14:10:04","date_gmt":"2023-01-10T14:10:04","guid":{"rendered":"https:\/\/medposnonwoven.com\/product\/vliesstoff-schuhueberzug-anti-rutsch\/"},"modified":"2023-04-23T09:30:44","modified_gmt":"2023-04-23T09:30:44","slug":"vliesstoff-schuhueberzug-anti-rutsch","status":"publish","type":"product","link":"https:\/\/medposnonwoven.com\/de\/produkt\/vliesstoff-schuhueberzug-anti-rutsch\/","title":{"rendered":"Vliesstoff-Schuh\u00fcberzug Anti-Rutsch"},"content":{"rendered":"<ul>\n<li>Bei der Reinigung des Gartens hinterlassen Schuhe unvermeidlich Flecken auf dem Teppich und dem Boden. Mit diesem Einweg-Schuh\u00fcberzug ersparen Sie sich die M\u00fche, Schuhe zu putzen und sch\u00fctzen sie vor Schmutz und F\u00e4kalien. Die N\u00e4hte des Vliesstoff\u00fcberzugs sind an der Fu\u00dfsohle verarbeitet, wodurch ein rutschfester Effekt erzielt wird.<\/li>\n<li>Schuh\u00fcberz\u00fcge verhindern, dass Substanzen im Geb\u00e4ude oder im Arbeitsbereich verteilt werden, die den Bodenbelag besch\u00e4digen, eine Sturzgefahr darstellen oder die Sterilit\u00e4t und Sauberkeit der R\u00e4ume beeintr\u00e4chtigen k\u00f6nnten. Handwerker wie Elektriker und Klempner k\u00f6nnen Einweg-Schuh\u00fcberzieher verwenden, um die Verbreitung von Schmutz und Dreck beim Betreten und Verlassen der Wohnung eines Kunden zu verhindern.<\/li>\n<li>Zahlreiche Berufe erfordern T\u00e4tigkeiten, bei denen die Arbeitnehmer Substanzen ausgesetzt sind, die das Schuhwerk besch\u00e4digen oder verschmutzen k\u00f6nnen. Die einzelnen Schuhe bleiben sauberer, da die Schuh\u00fcberz\u00fcge eine physische Barriere zwischen diesen Materialien bilden.<\/li>\n<\/ul>\n<p>&nbsp;<\/p>\n","protected":false},"excerpt":{"rendered":"<ul>\n<li>Unsere rutschfesten Schuh\u00fcberz\u00fcge sind aus 100 % strapazierf\u00e4higem Polypropylen-Vliesstoff mit einer &#8222;NON-SKID&#8220;-Streifensohle hergestellt.<\/li>\n<li>Weit verbreitet in Haushalten, Hotels, in der Lebensmittelindustrie, in der medizinischen Behandlung, in Fabriken, bei der Reinigung von Labors und an anderen geeigneten Orten.<\/li>\n<\/ul>\n<h4>Eigenschaften<\/h4>\n<p>Material: 30 &#8211; 40 g\/m\u00b2 Polypropylen-Spinnvlies oder SMS<\/p>\n<p>Gr\u00f6\u00dfe:16x40cm, 17x41cm, 17x42cm<\/p>\n<p>Farbe: Blau, Wei\u00df, Grau oder kundenspezifisch<\/p>\n<p>Typ:Elastischer Kn\u00f6chelriemen, gepr\u00e4gte Oberfl\u00e4che<\/p>\n<p>Verpackung: 100 St\u00fcck\/Beutel, 20 Beutel\/Karton<\/p>\n<p>&nbsp;<\/p>\n<p>&nbsp;<\/p>\n","protected":false},"featured_media":4082,"template":"","meta":{"site-sidebar-layout":"default","site-content-layout":"default","ast-site-content-layout":"default","site-content-style":"default","site-sidebar-style":"default","ast-global-header-display":"","ast-banner-title-visibility":"","ast-main-header-display":"","ast-hfb-above-header-display":"","ast-hfb-below-header-display":"","ast-hfb-mobile-header-display":"","site-post-title":"","ast-breadcrumbs-content":"","ast-featured-img":"","footer-sml-layout":"","ast-disable-related-posts":"","theme-transparent-header-meta":"default","adv-header-id-meta":"","stick-header-meta":"","header-above-stick-meta":"","header-main-stick-meta":"","header-below-stick-meta":"","astra-migrate-meta-layouts":"default","ast-page-background-enabled":"default","ast-page-background-meta":{"desktop":{"background-color":"","background-image":"","background-repeat":"repeat","background-position":"center center","background-size":"auto","background-attachment":"scroll","background-type":"","background-media":"","overlay-type":"","overlay-color":"","overlay-opacity":"","overlay-gradient":""},"tablet":{"background-color":"","background-image":"","background-repeat":"repeat","background-position":"center center","background-size":"auto","background-attachment":"scroll","background-type":"","background-media":"","overlay-type":"","overlay-color":"","overlay-opacity":"","overlay-gradient":""},"mobile":{"background-color":"","background-image":"","background-repeat":"repeat","background-position":"center center","background-size":"auto","background-attachment":"scroll","background-type":"","background-media":"","overlay-type":"","overlay-color":"","overlay-opacity":"","overlay-gradient":""}},"ast-content-background-meta":{"desktop":{"background-color":"var(--ast-global-color-5)","background-image":"","background-repeat":"repeat","background-position":"center center","background-size":"auto","background-attachment":"scroll","background-type":"","background-media":"","overlay-type":"","overlay-color":"","overlay-opacity":"","overlay-gradient":""},"tablet":{"background-color":"var(--ast-global-color-5)","background-image":"","background-repeat":"repeat","background-position":"center center","background-size":"auto","background-attachment":"scroll","background-type":"","background-media":"","overlay-type":"","overlay-color":"","overlay-opacity":"","overlay-gradient":""},"mobile":{"background-color":"var(--ast-global-color-5)","background-image":"","background-repeat":"repeat","background-position":"center center","background-size":"auto","background-attachment":"scroll","background-type":"","background-media":"","overlay-type":"","overlay-color":"","overlay-opacity":"","overlay-gradient":""}}},"product_brand":[],"product_cat":[105],"product_tag":[],"class_list":{"0":"post-4412","1":"product","2":"type-product","3":"status-publish","4":"has-post-thumbnail","6":"product_cat-schuhuberzuge-stiefeluberzuge","7":"desktop-align-center","8":"tablet-align-left","9":"mobile-align-left","11":"first","12":"instock","13":"shipping-taxable","14":"product-type-simple"},"_links":{"self":[{"href":"https:\/\/medposnonwoven.com\/de\/wp-json\/wp\/v2\/product\/4412","targetHints":{"allow":["GET"]}}],"collection":[{"href":"https:\/\/medposnonwoven.com\/de\/wp-json\/wp\/v2\/product"}],"about":[{"href":"https:\/\/medposnonwoven.com\/de\/wp-json\/wp\/v2\/types\/product"}],"wp:featuredmedia":[{"embeddable":true,"href":"https:\/\/medposnonwoven.com\/de\/wp-json\/wp\/v2\/media\/4082"}],"wp:attachment":[{"href":"https:\/\/medposnonwoven.com\/de\/wp-json\/wp\/v2\/media?parent=4412"}],"wp:term":[{"taxonomy":"product_brand","embeddable":true,"href":"https:\/\/medposnonwoven.com\/de\/wp-json\/wp\/v2\/product_brand?post=4412"},{"taxonomy":"product_cat","embeddable":true,"href":"https:\/\/medposnonwoven.com\/de\/wp-json\/wp\/v2\/product_cat?post=4412"},{"taxonomy":"product_tag","embeddable":true,"href":"https:\/\/medposnonwoven.com\/de\/wp-json\/wp\/v2\/product_tag?post=4412"}],"curies":[{"name":"wp","href":"https:\/\/api.w.org\/{rel}","templated":true}]}}