{"id":4413,"date":"2023-01-06T15:24:58","date_gmt":"2023-01-06T15:24:58","guid":{"rendered":"https:\/\/medposnonwoven.com\/product\/einweg-schuerze-aus-vliesstoff\/"},"modified":"2023-04-23T09:41:36","modified_gmt":"2023-04-23T09:41:36","slug":"einweg-schuerze-aus-vliesstoff","status":"publish","type":"product","link":"https:\/\/medposnonwoven.com\/de\/produkt\/einweg-schuerze-aus-vliesstoff\/","title":{"rendered":"Einweg-Sch\u00fcrze aus Vliesstoff"},"content":{"rendered":"<ul>\n<li>Die Einweg-Vliessch\u00fcrze ist aus hochwertigem Spinnvlies hergestellt, das atmungsaktiv, wasserdicht und fettdicht ist und somit ein angenehmes Tragegef\u00fchl bietet. Die B\u00e4nder am Bund lassen sich leicht an- und ausziehen und die L\u00e4nge der B\u00e4nder ist f\u00fcr verschiedene K\u00f6rpertypen geeignet.<\/li>\n<li>Einwegsch\u00fcrzen aus Vliesstoff als modernes und neuartiges Werbemittel haben die Vorteile niedriger Kosten, leuchtender Farben und guter optischer Effekte, freier Mustergestaltung sowie sch\u00f6ner und haltbarer Qualit\u00e4t zu einem guten Preis usw. Sie sind zu einer wichtigen Form der Unternehmenswerbung geworden. Sie hat die unvergleichlichen Vorteile anderer Anzeigen. Das Produkt hat eine gro\u00dfe Werbefl\u00e4che und kann mit Firmenlogos\/Adressen\/Telefonen\/Produkten\/Propaganda und anderen Werbeinformationen bedruckt werden, was es zu einem idealen Produkt f\u00fcr Werbegeschenke macht.<\/li>\n<\/ul>\n<p>&nbsp;<\/p>\n","protected":false},"excerpt":{"rendered":"<ul>\n<li>Schutzkleidung wird f\u00fcr Umgebungen hergestellt, in denen fl\u00fcssige und trockene Chemikalien vorhanden sind.<\/li>\n<li>Weit verbreitet in der Gastronomie, in der Fleischverarbeitung, beim Kochen, in der Lebensmittelverarbeitung, im Reinraum, im Gartenbau und in der Druckerei.<\/li>\n<\/ul>\n<h4>Eigenschaften<\/h4>\n<p>Material: Polypropylen-Vliesstoff<\/p>\n<p>Gr\u00f6\u00dfe:40*70cm \/38*73cm oder kundenspezifisch<\/p>\n<p>Farbe:Blau, Gr\u00fcn oder kundenspezifisch<\/p>\n<p>Typ:Einteilig, mit B\u00e4ndern im R\u00fccken.<\/p>\n<p>Verpackung: 50 St\u00fcck\/Beutel, 20 Beutel\/Karton<\/p>\n<p>&nbsp;<\/p>\n<p>&nbsp;<\/p>\n","protected":false},"featured_media":4069,"template":"","meta":{"site-sidebar-layout":"default","site-content-layout":"default","ast-site-content-layout":"default","site-content-style":"default","site-sidebar-style":"default","ast-global-header-display":"","ast-banner-title-visibility":"","ast-main-header-display":"","ast-hfb-above-header-display":"","ast-hfb-below-header-display":"","ast-hfb-mobile-header-display":"","site-post-title":"","ast-breadcrumbs-content":"","ast-featured-img":"","footer-sml-layout":"","ast-disable-related-posts":"","theme-transparent-header-meta":"default","adv-header-id-meta":"","stick-header-meta":"","header-above-stick-meta":"","header-main-stick-meta":"","header-below-stick-meta":"","astra-migrate-meta-layouts":"default","ast-page-background-enabled":"default","ast-page-background-meta":{"desktop":{"background-color":"","background-image":"","background-repeat":"repeat","background-position":"center center","background-size":"auto","background-attachment":"scroll","background-type":"","background-media":"","overlay-type":"","overlay-color":"","overlay-opacity":"","overlay-gradient":""},"tablet":{"background-color":"","background-image":"","background-repeat":"repeat","background-position":"center center","background-size":"auto","background-attachment":"scroll","background-type":"","background-media":"","overlay-type":"","overlay-color":"","overlay-opacity":"","overlay-gradient":""},"mobile":{"background-color":"","background-image":"","background-repeat":"repeat","background-position":"center center","background-size":"auto","background-attachment":"scroll","background-type":"","background-media":"","overlay-type":"","overlay-color":"","overlay-opacity":"","overlay-gradient":""}},"ast-content-background-meta":{"desktop":{"background-color":"var(--ast-global-color-5)","background-image":"","background-repeat":"repeat","background-position":"center center","background-size":"auto","background-attachment":"scroll","background-type":"","background-media":"","overlay-type":"","overlay-color":"","overlay-opacity":"","overlay-gradient":""},"tablet":{"background-color":"var(--ast-global-color-5)","background-image":"","background-repeat":"repeat","background-position":"center center","background-size":"auto","background-attachment":"scroll","background-type":"","background-media":"","overlay-type":"","overlay-color":"","overlay-opacity":"","overlay-gradient":""},"mobile":{"background-color":"var(--ast-global-color-5)","background-image":"","background-repeat":"repeat","background-position":"center center","background-size":"auto","background-attachment":"scroll","background-type":"","background-media":"","overlay-type":"","overlay-color":"","overlay-opacity":"","overlay-gradient":""}}},"product_brand":[],"product_cat":[103],"product_tag":[],"class_list":{"0":"post-4413","1":"product","2":"type-product","3":"status-publish","4":"has-post-thumbnail","6":"product_cat-einwegschurzen","7":"desktop-align-center","8":"tablet-align-left","9":"mobile-align-left","11":"first","12":"instock","13":"shipping-taxable","14":"product-type-simple"},"_links":{"self":[{"href":"https:\/\/medposnonwoven.com\/de\/wp-json\/wp\/v2\/product\/4413","targetHints":{"allow":["GET"]}}],"collection":[{"href":"https:\/\/medposnonwoven.com\/de\/wp-json\/wp\/v2\/product"}],"about":[{"href":"https:\/\/medposnonwoven.com\/de\/wp-json\/wp\/v2\/types\/product"}],"wp:featuredmedia":[{"embeddable":true,"href":"https:\/\/medposnonwoven.com\/de\/wp-json\/wp\/v2\/media\/4069"}],"wp:attachment":[{"href":"https:\/\/medposnonwoven.com\/de\/wp-json\/wp\/v2\/media?parent=4413"}],"wp:term":[{"taxonomy":"product_brand","embeddable":true,"href":"https:\/\/medposnonwoven.com\/de\/wp-json\/wp\/v2\/product_brand?post=4413"},{"taxonomy":"product_cat","embeddable":true,"href":"https:\/\/medposnonwoven.com\/de\/wp-json\/wp\/v2\/product_cat?post=4413"},{"taxonomy":"product_tag","embeddable":true,"href":"https:\/\/medposnonwoven.com\/de\/wp-json\/wp\/v2\/product_tag?post=4413"}],"curies":[{"name":"wp","href":"https:\/\/api.w.org\/{rel}","templated":true}]}}