{"id":4414,"date":"2022-12-28T12:53:04","date_gmt":"2022-12-28T12:53:04","guid":{"rendered":"https:\/\/medposnonwoven.com\/product\/3ply-medical-gesichtsmaske\/"},"modified":"2023-04-23T12:05:59","modified_gmt":"2023-04-23T12:05:59","slug":"3ply-medical-gesichtsmaske","status":"publish","type":"product","link":"https:\/\/medposnonwoven.com\/de\/produkt\/3ply-medical-gesichtsmaske\/","title":{"rendered":"3Ply Medical Gesichtsmaske"},"content":{"rendered":"<ul>\n<li>\n<p style=\"font-weight: 400;\">Medizinische Einweg-Gesichtsmaske aus 3 Lagen mit elastischen Ohrschlaufen und Nasenklammer, die sich einer Vielzahl von Gesichtsformen anpasst. PFE(Filtrationseffizienz von nicht \u00f6ligen Partikeln)\u226590%. BFE (Bakterienfiltrationseffizienz) \u226599%, um den hohen Standard zu erf\u00fcllen.<\/p>\n<\/li>\n<li>Die Hygienemaske verhindert wirksam das Einatmen von Staub, Pollen, Haaren, Grippe, Keimen usw. Geeignet f\u00fcr die t\u00e4gliche Reinigung, allergisch<br \/>\nMenschen, Dienstleistungspersonal (medizinische, zahnmedizinische, pflegerische, gastronomische, klinische, kosmetische, Nagel-, Haustier-, usw.), sowie Patienten, die<br \/>\nAtemschutz.<\/li>\n<\/ul>\n<p>&nbsp;<\/p>\n<p>&nbsp;<\/p>\n","protected":false},"excerpt":{"rendered":"<ul>\n<li>Sch\u00fctzt Nase und Mund vor Fl\u00fcssigkeiten, Fluid-Resistant bei einem Druck von 160 mmHg.<\/li>\n<li>Premium Filter sch\u00fctzt vor 99% der Partikel, die gr\u00f6\u00dfer als 0,1 \u03bcm sind, Filtereffizienz = PFE99%.<\/li>\n<\/ul>\n<h4>Eigenschaften<\/h4>\n<p>Material: 33,3% Melt Blown, 66,7% PP Vliesstoff<\/p>\n<p>Schicht:3(25g Vlies+25g Melt Blown+25g Vlies)<\/p>\n<p>Gr\u00f6\u00dfe: 17,5*9,5cm f\u00fcr Erwachsene, 14,5*9,5cm f\u00fcr Kinder<\/p>\n<p>Farbe: Blau, Schwarz, Wei\u00df (andere Farbe auch akzeptieren)<\/p>\n<p>Norm:EN14683:2019 Typ IIR,Typ II,ASTM Stufe 3,Stufe 2,Stufe 1<\/p>\n<p>&nbsp;<\/p>\n","protected":false},"featured_media":3985,"template":"","meta":{"site-sidebar-layout":"default","site-content-layout":"default","ast-site-content-layout":"default","site-content-style":"default","site-sidebar-style":"default","ast-global-header-display":"","ast-banner-title-visibility":"","ast-main-header-display":"","ast-hfb-above-header-display":"","ast-hfb-below-header-display":"","ast-hfb-mobile-header-display":"","site-post-title":"","ast-breadcrumbs-content":"","ast-featured-img":"","footer-sml-layout":"","ast-disable-related-posts":"","theme-transparent-header-meta":"default","adv-header-id-meta":"","stick-header-meta":"","header-above-stick-meta":"","header-main-stick-meta":"","header-below-stick-meta":"","astra-migrate-meta-layouts":"default","ast-page-background-enabled":"default","ast-page-background-meta":{"desktop":{"background-color":"","background-image":"","background-repeat":"repeat","background-position":"center center","background-size":"auto","background-attachment":"scroll","background-type":"","background-media":"","overlay-type":"","overlay-color":"","overlay-opacity":"","overlay-gradient":""},"tablet":{"background-color":"","background-image":"","background-repeat":"repeat","background-position":"center center","background-size":"auto","background-attachment":"scroll","background-type":"","background-media":"","overlay-type":"","overlay-color":"","overlay-opacity":"","overlay-gradient":""},"mobile":{"background-color":"","background-image":"","background-repeat":"repeat","background-position":"center center","background-size":"auto","background-attachment":"scroll","background-type":"","background-media":"","overlay-type":"","overlay-color":"","overlay-opacity":"","overlay-gradient":""}},"ast-content-background-meta":{"desktop":{"background-color":"var(--ast-global-color-5)","background-image":"","background-repeat":"repeat","background-position":"center center","background-size":"auto","background-attachment":"scroll","background-type":"","background-media":"","overlay-type":"","overlay-color":"","overlay-opacity":"","overlay-gradient":""},"tablet":{"background-color":"var(--ast-global-color-5)","background-image":"","background-repeat":"repeat","background-position":"center center","background-size":"auto","background-attachment":"scroll","background-type":"","background-media":"","overlay-type":"","overlay-color":"","overlay-opacity":"","overlay-gradient":""},"mobile":{"background-color":"var(--ast-global-color-5)","background-image":"","background-repeat":"repeat","background-position":"center center","background-size":"auto","background-attachment":"scroll","background-type":"","background-media":"","overlay-type":"","overlay-color":"","overlay-opacity":"","overlay-gradient":""}}},"product_brand":[],"product_cat":[107],"product_tag":[],"class_list":{"0":"post-4414","1":"product","2":"type-product","3":"status-publish","4":"has-post-thumbnail","6":"product_cat-einweg-gesichtsmasken-und-atemschutzmasken","7":"desktop-align-center","8":"tablet-align-left","9":"mobile-align-left","11":"first","12":"instock","13":"shipping-taxable","14":"product-type-simple"},"_links":{"self":[{"href":"https:\/\/medposnonwoven.com\/de\/wp-json\/wp\/v2\/product\/4414","targetHints":{"allow":["GET"]}}],"collection":[{"href":"https:\/\/medposnonwoven.com\/de\/wp-json\/wp\/v2\/product"}],"about":[{"href":"https:\/\/medposnonwoven.com\/de\/wp-json\/wp\/v2\/types\/product"}],"wp:featuredmedia":[{"embeddable":true,"href":"https:\/\/medposnonwoven.com\/de\/wp-json\/wp\/v2\/media\/3985"}],"wp:attachment":[{"href":"https:\/\/medposnonwoven.com\/de\/wp-json\/wp\/v2\/media?parent=4414"}],"wp:term":[{"taxonomy":"product_brand","embeddable":true,"href":"https:\/\/medposnonwoven.com\/de\/wp-json\/wp\/v2\/product_brand?post=4414"},{"taxonomy":"product_cat","embeddable":true,"href":"https:\/\/medposnonwoven.com\/de\/wp-json\/wp\/v2\/product_cat?post=4414"},{"taxonomy":"product_tag","embeddable":true,"href":"https:\/\/medposnonwoven.com\/de\/wp-json\/wp\/v2\/product_tag?post=4414"}],"curies":[{"name":"wp","href":"https:\/\/api.w.org\/{rel}","templated":true}]}}